{"id":2219,"date":"2024-06-03T18:04:14","date_gmt":"2024-06-03T18:04:14","guid":{"rendered":"https:\/\/www.magnum.com.br\/?page_id=2219"},"modified":"2025-02-24T18:24:26","modified_gmt":"2025-02-24T18:24:26","slug":"magnum-lourdes","status":"publish","type":"page","link":"https:\/\/www.magnum.com.br\/?page_id=2219","title":{"rendered":"MAGNUM LOURDES"},"content":{"rendered":"<div class=\"wpb-content-wrapper\"><p>[vc_row css=&#8221;.vc_custom_1724327742097{padding-top: 50px !important;}&#8221;][vc_column][vc_column_text]O Magnum Agostiniano Lourdes nasce com o mesmo compromisso do Magnum Agostiniano Cidade Nova: ser uma escola completa que oferece ensino e forma\u00e7\u00e3o de excel\u00eancia por meio de uma comunidade acolhedora, dos desenvolvimentos das habilidades socioemocionais e do cuidado com desafios da amplia\u00e7\u00e3o do conhecimento e do pensamento cr\u00edtico.<\/p>\n<p>&nbsp;<\/p>\n<p><strong>Endere\u00e7o:<\/strong><\/p>\n<p>Avenida Jo\u00e3o Pinheiro, n\u00b0580- Lourdes, 30190-010 \u2013 Belo Horizonte \u2013 MG<\/p>\n<p><strong>Tel:<\/strong> (31) 2391 5075<\/p>\n<p style=\"text-align: center;\"><strong>\u00a0<\/strong><\/p>\n<p>[\/vc_column_text][vc_raw_html]JTNDaWZyYW1lJTIwc3JjJTNEJTIyaHR0cHMlM0ElMkYlMkZ3d3cuZ29vZ2xlLmNvbSUyRm1hcHMlMkZlbWJlZCUzRnBiJTNEJTIxMW0xOCUyMTFtMTIlMjExbTMlMjExZDMyNjIuNDc0ODU1OTc1MTQ3NCUyMTJkLTQzLjkzNzkyMjclMjEzZC0xOS45Mjk5MTE5OTk5OTk5OTglMjEybTMlMjExZjAlMjEyZjAlMjEzZjAlMjEzbTIlMjExaTEwMjQlMjEyaTc2OCUyMTRmMTMuMSUyMTNtMyUyMTFtMiUyMTFzMHhhNjk5ZGRmMzlmYzk2OSUyNTNBMHg1ODg5YTVmMzU4OWI0MWE5JTIxMnNBdi4lMjUyMEpvJTI1QzMlMjVBM28lMjUyMFBpbmhlaXJvJTI1MkMlMjUyMDU4MCUyNTIwLSUyNTIwQ2VudHJvJTI1MkMlMjUyMEJlbG8lMjUyMEhvcml6b250ZSUyNTIwLSUyNTIwTUclMjUyQyUyNTIwMzAxMzAtMTg4JTIxNWUxJTIxM20yJTIxMXNwdC1CUiUyMTJzYnIlMjE0djE3Mzk5OTE0MDIxODglMjE1bTIlMjExc3B0LUJSJTIxMnNiciUyMiUyMHdpZHRoJTNEJTIyMTAwJTI1JTIyJTIwaGVpZ2h0JTNEJTIyNDUwJTIyJTIwc3R5bGUlM0QlMjJib3JkZXIlM0EwJTNCJTIyJTIwYWxsb3dmdWxsc2NyZWVuJTNEJTIyJTIyJTIwbG9hZGluZyUzRCUyMmxhenklMjIlMjByZWZlcnJlcnBvbGljeSUzRCUyMm5vLXJlZmVycmVyLXdoZW4tZG93bmdyYWRlJTIyJTNFJTNDJTJGaWZyYW1lJTNF[\/vc_raw_html][vc_column_text]<div class=\"carousel-slider-outer carousel-slider-outer-image-carousel carousel-slider-outer-2258\" style=\"--carousel-slider-nav-color:#f1f1f1;--carousel-slider-active-nav-color:#00d1b2;--carousel-slider-arrow-size:48px;--carousel-slider-bullet-size:10px\">\n<div id=\"&#039;id-2258\" class=\"carousel-slider carousel-slider-2258 arrows-visibility-hover dots-visibility-never arrows-outside dots-center dots-circle owl-carousel\" data-slide-type=\"image-carousel\" data-owl-settings='{\"nav\":true,\"dots\":false,\"slideBy\":1,\"stagePadding\":0,\"margin\":10,\"loop\":true,\"lazyLoad\":false,\"autoplay\":true,\"autoplayTimeout\":5000,\"autoplaySpeed\":500,\"autoplayHoverPause\":true,\"autoWidth\":false,\"responsive\":{\"300\":{\"items\":1},\"576\":{\"items\":2},\"768\":{\"items\":2},\"1024\":{\"items\":3},\"1280\":{\"items\":4},\"1536\":{\"items\":5}}}'>\n<div class=\"carousel-slider__item\">\n\t<a class=\"magnific-popup\" href=\"https:\/\/www.magnum.com.br\/wp-content\/uploads\/2025\/02\/magnumlurdes-6-scaled.jpg\" data-width=\"2560\" data-height=\"1707\"><img loading=\"lazy\" decoding=\"async\" width=\"768\" height=\"512\" src=\"https:\/\/www.magnum.com.br\/wp-content\/uploads\/2025\/02\/magnumlurdes-6-768x512.jpg\" class=\"attachment-medium_large size-medium_large\" alt=\"\" srcset=\"https:\/\/www.magnum.com.br\/wp-content\/uploads\/2025\/02\/magnumlurdes-6-768x512.jpg 768w, https:\/\/www.magnum.com.br\/wp-content\/uploads\/2025\/02\/magnumlurdes-6-300x200.jpg 300w, https:\/\/www.magnum.com.br\/wp-content\/uploads\/2025\/02\/magnumlurdes-6-1024x683.jpg 1024w, https:\/\/www.magnum.com.br\/wp-content\/uploads\/2025\/02\/magnumlurdes-6-125x83.jpg 125w, https:\/\/www.magnum.com.br\/wp-content\/uploads\/2025\/02\/magnumlurdes-6-75x50.jpg 75w, https:\/\/www.magnum.com.br\/wp-content\/uploads\/2025\/02\/magnumlurdes-6-1536x1024.jpg 1536w, https:\/\/www.magnum.com.br\/wp-content\/uploads\/2025\/02\/magnumlurdes-6-2048x1365.jpg 2048w\" sizes=\"auto, (max-width: 768px) 100vw, 768px\" \/><\/a><\/div>\n\n<div class=\"carousel-slider__item\">\n\t<a class=\"magnific-popup\" href=\"https:\/\/www.magnum.com.br\/wp-content\/uploads\/2025\/02\/magnumlurdes-1-scaled.jpg\" data-width=\"2560\" data-height=\"1706\"><img loading=\"lazy\" decoding=\"async\" width=\"768\" height=\"512\" src=\"https:\/\/www.magnum.com.br\/wp-content\/uploads\/2025\/02\/magnumlurdes-1-768x512.jpg\" class=\"attachment-medium_large size-medium_large\" alt=\"\" srcset=\"https:\/\/www.magnum.com.br\/wp-content\/uploads\/2025\/02\/magnumlurdes-1-768x512.jpg 768w, https:\/\/www.magnum.com.br\/wp-content\/uploads\/2025\/02\/magnumlurdes-1-300x200.jpg 300w, https:\/\/www.magnum.com.br\/wp-content\/uploads\/2025\/02\/magnumlurdes-1-1024x683.jpg 1024w, https:\/\/www.magnum.com.br\/wp-content\/uploads\/2025\/02\/magnumlurdes-1-125x83.jpg 125w, https:\/\/www.magnum.com.br\/wp-content\/uploads\/2025\/02\/magnumlurdes-1-75x50.jpg 75w, https:\/\/www.magnum.com.br\/wp-content\/uploads\/2025\/02\/magnumlurdes-1-1536x1024.jpg 1536w, https:\/\/www.magnum.com.br\/wp-content\/uploads\/2025\/02\/magnumlurdes-1-2048x1365.jpg 2048w\" sizes=\"auto, (max-width: 768px) 100vw, 768px\" \/><\/a><\/div>\n\n<div class=\"carousel-slider__item\">\n\t<a class=\"magnific-popup\" href=\"https:\/\/www.magnum.com.br\/wp-content\/uploads\/2025\/02\/magnumlurdes-16-scaled.jpg\" data-width=\"2560\" data-height=\"1707\"><img loading=\"lazy\" decoding=\"async\" width=\"768\" height=\"512\" src=\"https:\/\/www.magnum.com.br\/wp-content\/uploads\/2025\/02\/magnumlurdes-16-768x512.jpg\" class=\"attachment-medium_large size-medium_large\" alt=\"\" srcset=\"https:\/\/www.magnum.com.br\/wp-content\/uploads\/2025\/02\/magnumlurdes-16-768x512.jpg 768w, https:\/\/www.magnum.com.br\/wp-content\/uploads\/2025\/02\/magnumlurdes-16-300x200.jpg 300w, https:\/\/www.magnum.com.br\/wp-content\/uploads\/2025\/02\/magnumlurdes-16-1024x683.jpg 1024w, https:\/\/www.magnum.com.br\/wp-content\/uploads\/2025\/02\/magnumlurdes-16-125x83.jpg 125w, https:\/\/www.magnum.com.br\/wp-content\/uploads\/2025\/02\/magnumlurdes-16-75x50.jpg 75w, https:\/\/www.magnum.com.br\/wp-content\/uploads\/2025\/02\/magnumlurdes-16-1536x1024.jpg 1536w, https:\/\/www.magnum.com.br\/wp-content\/uploads\/2025\/02\/magnumlurdes-16-2048x1365.jpg 2048w\" sizes=\"auto, (max-width: 768px) 100vw, 768px\" \/><\/a><\/div>\n\n<div class=\"carousel-slider__item\">\n\t<a class=\"magnific-popup\" href=\"https:\/\/www.magnum.com.br\/wp-content\/uploads\/2025\/02\/magnumlurdes-10-scaled.jpg\" data-width=\"2560\" data-height=\"1707\"><img loading=\"lazy\" decoding=\"async\" width=\"768\" height=\"512\" src=\"https:\/\/www.magnum.com.br\/wp-content\/uploads\/2025\/02\/magnumlurdes-10-768x512.jpg\" class=\"attachment-medium_large size-medium_large\" alt=\"\" srcset=\"https:\/\/www.magnum.com.br\/wp-content\/uploads\/2025\/02\/magnumlurdes-10-768x512.jpg 768w, https:\/\/www.magnum.com.br\/wp-content\/uploads\/2025\/02\/magnumlurdes-10-300x200.jpg 300w, https:\/\/www.magnum.com.br\/wp-content\/uploads\/2025\/02\/magnumlurdes-10-1024x683.jpg 1024w, https:\/\/www.magnum.com.br\/wp-content\/uploads\/2025\/02\/magnumlurdes-10-125x83.jpg 125w, https:\/\/www.magnum.com.br\/wp-content\/uploads\/2025\/02\/magnumlurdes-10-75x50.jpg 75w, https:\/\/www.magnum.com.br\/wp-content\/uploads\/2025\/02\/magnumlurdes-10-1536x1024.jpg 1536w, https:\/\/www.magnum.com.br\/wp-content\/uploads\/2025\/02\/magnumlurdes-10-2048x1365.jpg 2048w\" sizes=\"auto, (max-width: 768px) 100vw, 768px\" \/><\/a><\/div>\n\n<div class=\"carousel-slider__item\">\n\t<a class=\"magnific-popup\" href=\"https:\/\/www.magnum.com.br\/wp-content\/uploads\/2025\/02\/magnumlurdes-17-scaled.jpg\" data-width=\"2560\" data-height=\"1707\"><img loading=\"lazy\" decoding=\"async\" width=\"768\" height=\"512\" src=\"https:\/\/www.magnum.com.br\/wp-content\/uploads\/2025\/02\/magnumlurdes-17-768x512.jpg\" class=\"attachment-medium_large size-medium_large\" alt=\"\" srcset=\"https:\/\/www.magnum.com.br\/wp-content\/uploads\/2025\/02\/magnumlurdes-17-768x512.jpg 768w, https:\/\/www.magnum.com.br\/wp-content\/uploads\/2025\/02\/magnumlurdes-17-300x200.jpg 300w, https:\/\/www.magnum.com.br\/wp-content\/uploads\/2025\/02\/magnumlurdes-17-1024x683.jpg 1024w, https:\/\/www.magnum.com.br\/wp-content\/uploads\/2025\/02\/magnumlurdes-17-125x83.jpg 125w, https:\/\/www.magnum.com.br\/wp-content\/uploads\/2025\/02\/magnumlurdes-17-75x50.jpg 75w, https:\/\/www.magnum.com.br\/wp-content\/uploads\/2025\/02\/magnumlurdes-17-1536x1024.jpg 1536w, https:\/\/www.magnum.com.br\/wp-content\/uploads\/2025\/02\/magnumlurdes-17-2048x1365.jpg 2048w\" sizes=\"auto, (max-width: 768px) 100vw, 768px\" \/><\/a><\/div>\n\n<div class=\"carousel-slider__item\">\n\t<a class=\"magnific-popup\" href=\"https:\/\/www.magnum.com.br\/wp-content\/uploads\/2025\/02\/magnumlurdes-78-scaled.jpg\" data-width=\"2560\" data-height=\"1707\"><img loading=\"lazy\" decoding=\"async\" width=\"768\" height=\"512\" src=\"https:\/\/www.magnum.com.br\/wp-content\/uploads\/2025\/02\/magnumlurdes-78-768x512.jpg\" class=\"attachment-medium_large size-medium_large\" alt=\"\" srcset=\"https:\/\/www.magnum.com.br\/wp-content\/uploads\/2025\/02\/magnumlurdes-78-768x512.jpg 768w, https:\/\/www.magnum.com.br\/wp-content\/uploads\/2025\/02\/magnumlurdes-78-300x200.jpg 300w, https:\/\/www.magnum.com.br\/wp-content\/uploads\/2025\/02\/magnumlurdes-78-1024x683.jpg 1024w, https:\/\/www.magnum.com.br\/wp-content\/uploads\/2025\/02\/magnumlurdes-78-125x83.jpg 125w, https:\/\/www.magnum.com.br\/wp-content\/uploads\/2025\/02\/magnumlurdes-78-75x50.jpg 75w, https:\/\/www.magnum.com.br\/wp-content\/uploads\/2025\/02\/magnumlurdes-78-1536x1024.jpg 1536w, https:\/\/www.magnum.com.br\/wp-content\/uploads\/2025\/02\/magnumlurdes-78-2048x1365.jpg 2048w\" sizes=\"auto, (max-width: 768px) 100vw, 768px\" \/><\/a><\/div>\n\n<div class=\"carousel-slider__item\">\n\t<a class=\"magnific-popup\" href=\"https:\/\/www.magnum.com.br\/wp-content\/uploads\/2025\/02\/magnumlurdes-1-1-scaled.jpg\" data-width=\"2560\" data-height=\"1707\"><img loading=\"lazy\" decoding=\"async\" width=\"768\" height=\"512\" src=\"https:\/\/www.magnum.com.br\/wp-content\/uploads\/2025\/02\/magnumlurdes-1-1-768x512.jpg\" class=\"attachment-medium_large size-medium_large\" alt=\"\" srcset=\"https:\/\/www.magnum.com.br\/wp-content\/uploads\/2025\/02\/magnumlurdes-1-1-768x512.jpg 768w, https:\/\/www.magnum.com.br\/wp-content\/uploads\/2025\/02\/magnumlurdes-1-1-300x200.jpg 300w, https:\/\/www.magnum.com.br\/wp-content\/uploads\/2025\/02\/magnumlurdes-1-1-1024x683.jpg 1024w, https:\/\/www.magnum.com.br\/wp-content\/uploads\/2025\/02\/magnumlurdes-1-1-125x83.jpg 125w, https:\/\/www.magnum.com.br\/wp-content\/uploads\/2025\/02\/magnumlurdes-1-1-75x50.jpg 75w, https:\/\/www.magnum.com.br\/wp-content\/uploads\/2025\/02\/magnumlurdes-1-1-1536x1024.jpg 1536w, https:\/\/www.magnum.com.br\/wp-content\/uploads\/2025\/02\/magnumlurdes-1-1-2048x1365.jpg 2048w\" sizes=\"auto, (max-width: 768px) 100vw, 768px\" \/><\/a><\/div>\n\n<div class=\"carousel-slider__item\">\n\t<a class=\"magnific-popup\" href=\"https:\/\/www.magnum.com.br\/wp-content\/uploads\/2025\/02\/magnumlurdes-46-scaled.jpg\" data-width=\"2560\" data-height=\"1707\"><img loading=\"lazy\" decoding=\"async\" width=\"768\" height=\"512\" src=\"https:\/\/www.magnum.com.br\/wp-content\/uploads\/2025\/02\/magnumlurdes-46-768x512.jpg\" class=\"attachment-medium_large size-medium_large\" alt=\"\" srcset=\"https:\/\/www.magnum.com.br\/wp-content\/uploads\/2025\/02\/magnumlurdes-46-768x512.jpg 768w, https:\/\/www.magnum.com.br\/wp-content\/uploads\/2025\/02\/magnumlurdes-46-300x200.jpg 300w, https:\/\/www.magnum.com.br\/wp-content\/uploads\/2025\/02\/magnumlurdes-46-1024x683.jpg 1024w, https:\/\/www.magnum.com.br\/wp-content\/uploads\/2025\/02\/magnumlurdes-46-125x83.jpg 125w, https:\/\/www.magnum.com.br\/wp-content\/uploads\/2025\/02\/magnumlurdes-46-75x50.jpg 75w, https:\/\/www.magnum.com.br\/wp-content\/uploads\/2025\/02\/magnumlurdes-46-1536x1024.jpg 1536w, https:\/\/www.magnum.com.br\/wp-content\/uploads\/2025\/02\/magnumlurdes-46-2048x1365.jpg 2048w\" sizes=\"auto, (max-width: 768px) 100vw, 768px\" \/><\/a><\/div>\n\n<\/div><!-- .carousel-slider-2258 -->\n<\/div><!-- .carousel-slider-outer-2258 -->\n[\/vc_column_text][vc_btn title=&#8221;Quer receber um contato da escola?&#8221; style=&#8221;custom&#8221; custom_background=&#8221;#004d9d&#8221; custom_text=&#8221;#ffffff&#8221; size=&#8221;lg&#8221; link=&#8221;url:http%3A%2F%2Fwww.magnum.com.br%2F%3Fpage_id%3D841&#8243;][\/vc_column][\/vc_row]<\/p>\n<\/div>","protected":false},"excerpt":{"rendered":"<p>[vc_row css=&#8221;.vc_custom_1724327742097{padding-top: 50px !important;}&#8221;][vc_column][vc_column_text]O Magnum Agostiniano Lourdes nasce com o mesmo compromisso do Magnum Agostiniano Cidade Nova: ser uma escola completa que oferece ensino e forma\u00e7\u00e3o de excel\u00eancia por meio de uma comunidade acolhedora, dos desenvolvimentos das habilidades socioemocionais e do cuidado com desafios da amplia\u00e7\u00e3o do conhecimento e do pensamento cr\u00edtico. &nbsp; Endere\u00e7o: Avenida [&hellip;]<\/p>\n","protected":false},"author":1,"featured_media":0,"parent":0,"menu_order":0,"comment_status":"closed","ping_status":"closed","template":"","meta":{"footnotes":""},"class_list":["post-2219","page","type-page","status-publish","hentry"],"yoast_head":"<!-- This site is optimized with the Yoast SEO plugin v26.2 - https:\/\/yoast.com\/wordpress\/plugins\/seo\/ -->\n<title>MAGNUM LOURDES - Col\u00e9gio Magnum<\/title>\n<meta name=\"robots\" content=\"index, follow, max-snippet:-1, max-image-preview:large, max-video-preview:-1\" \/>\n<link rel=\"canonical\" href=\"https:\/\/www.magnum.com.br\/?page_id=2219\" \/>\n<meta property=\"og:locale\" content=\"pt_BR\" \/>\n<meta property=\"og:type\" content=\"article\" \/>\n<meta property=\"og:title\" content=\"MAGNUM LOURDES - Col\u00e9gio Magnum\" \/>\n<meta property=\"og:description\" content=\"[vc_row css=&#8221;.vc_custom_1724327742097{padding-top: 50px !important;}&#8221;][vc_column][vc_column_text]O Magnum Agostiniano Lourdes nasce com o mesmo compromisso do Magnum Agostiniano Cidade Nova: ser uma escola completa que oferece ensino e forma\u00e7\u00e3o de excel\u00eancia por meio de uma comunidade acolhedora, dos desenvolvimentos das habilidades socioemocionais e do cuidado com desafios da amplia\u00e7\u00e3o do conhecimento e do pensamento cr\u00edtico. &nbsp; Endere\u00e7o: Avenida [&hellip;]\" \/>\n<meta property=\"og:url\" content=\"https:\/\/www.magnum.com.br\/?page_id=2219\" \/>\n<meta property=\"og:site_name\" content=\"Col\u00e9gio Magnum\" \/>\n<meta property=\"article:modified_time\" content=\"2025-02-24T18:24:26+00:00\" \/>\n<meta name=\"twitter:card\" content=\"summary_large_image\" \/>\n<meta name=\"twitter:label1\" content=\"Est. tempo de leitura\" \/>\n\t<meta name=\"twitter:data1\" content=\"1 minuto\" \/>\n<script type=\"application\/ld+json\" class=\"yoast-schema-graph\">{\"@context\":\"https:\/\/schema.org\",\"@graph\":[{\"@type\":\"WebPage\",\"@id\":\"https:\/\/www.magnum.com.br\/?page_id=2219\",\"url\":\"https:\/\/www.magnum.com.br\/?page_id=2219\",\"name\":\"MAGNUM LOURDES - Col\u00e9gio Magnum\",\"isPartOf\":{\"@id\":\"https:\/\/www.magnum.com.br\/#website\"},\"datePublished\":\"2024-06-03T18:04:14+00:00\",\"dateModified\":\"2025-02-24T18:24:26+00:00\",\"breadcrumb\":{\"@id\":\"https:\/\/www.magnum.com.br\/?page_id=2219#breadcrumb\"},\"inLanguage\":\"pt-BR\",\"potentialAction\":[{\"@type\":\"ReadAction\",\"target\":[\"https:\/\/www.magnum.com.br\/?page_id=2219\"]}]},{\"@type\":\"BreadcrumbList\",\"@id\":\"https:\/\/www.magnum.com.br\/?page_id=2219#breadcrumb\",\"itemListElement\":[{\"@type\":\"ListItem\",\"position\":1,\"name\":\"In\u00edcio\",\"item\":\"https:\/\/www.magnum.com.br\/\"},{\"@type\":\"ListItem\",\"position\":2,\"name\":\"MAGNUM LOURDES\"}]},{\"@type\":\"WebSite\",\"@id\":\"https:\/\/www.magnum.com.br\/#website\",\"url\":\"https:\/\/www.magnum.com.br\/\",\"name\":\"Col\u00e9gio Magnum\",\"description\":\"\",\"potentialAction\":[{\"@type\":\"SearchAction\",\"target\":{\"@type\":\"EntryPoint\",\"urlTemplate\":\"https:\/\/www.magnum.com.br\/?s={search_term_string}\"},\"query-input\":{\"@type\":\"PropertyValueSpecification\",\"valueRequired\":true,\"valueName\":\"search_term_string\"}}],\"inLanguage\":\"pt-BR\"}]}<\/script>\n<!-- \/ Yoast SEO plugin. -->","yoast_head_json":{"title":"MAGNUM LOURDES - Col\u00e9gio Magnum","robots":{"index":"index","follow":"follow","max-snippet":"max-snippet:-1","max-image-preview":"max-image-preview:large","max-video-preview":"max-video-preview:-1"},"canonical":"https:\/\/www.magnum.com.br\/?page_id=2219","og_locale":"pt_BR","og_type":"article","og_title":"MAGNUM LOURDES - Col\u00e9gio Magnum","og_description":"[vc_row css=&#8221;.vc_custom_1724327742097{padding-top: 50px !important;}&#8221;][vc_column][vc_column_text]O Magnum Agostiniano Lourdes nasce com o mesmo compromisso do Magnum Agostiniano Cidade Nova: ser uma escola completa que oferece ensino e forma\u00e7\u00e3o de excel\u00eancia por meio de uma comunidade acolhedora, dos desenvolvimentos das habilidades socioemocionais e do cuidado com desafios da amplia\u00e7\u00e3o do conhecimento e do pensamento cr\u00edtico. &nbsp; Endere\u00e7o: Avenida [&hellip;]","og_url":"https:\/\/www.magnum.com.br\/?page_id=2219","og_site_name":"Col\u00e9gio Magnum","article_modified_time":"2025-02-24T18:24:26+00:00","twitter_card":"summary_large_image","twitter_misc":{"Est. tempo de leitura":"1 minuto"},"schema":{"@context":"https:\/\/schema.org","@graph":[{"@type":"WebPage","@id":"https:\/\/www.magnum.com.br\/?page_id=2219","url":"https:\/\/www.magnum.com.br\/?page_id=2219","name":"MAGNUM LOURDES - Col\u00e9gio Magnum","isPartOf":{"@id":"https:\/\/www.magnum.com.br\/#website"},"datePublished":"2024-06-03T18:04:14+00:00","dateModified":"2025-02-24T18:24:26+00:00","breadcrumb":{"@id":"https:\/\/www.magnum.com.br\/?page_id=2219#breadcrumb"},"inLanguage":"pt-BR","potentialAction":[{"@type":"ReadAction","target":["https:\/\/www.magnum.com.br\/?page_id=2219"]}]},{"@type":"BreadcrumbList","@id":"https:\/\/www.magnum.com.br\/?page_id=2219#breadcrumb","itemListElement":[{"@type":"ListItem","position":1,"name":"In\u00edcio","item":"https:\/\/www.magnum.com.br\/"},{"@type":"ListItem","position":2,"name":"MAGNUM LOURDES"}]},{"@type":"WebSite","@id":"https:\/\/www.magnum.com.br\/#website","url":"https:\/\/www.magnum.com.br\/","name":"Col\u00e9gio Magnum","description":"","potentialAction":[{"@type":"SearchAction","target":{"@type":"EntryPoint","urlTemplate":"https:\/\/www.magnum.com.br\/?s={search_term_string}"},"query-input":{"@type":"PropertyValueSpecification","valueRequired":true,"valueName":"search_term_string"}}],"inLanguage":"pt-BR"}]}},"_links":{"self":[{"href":"https:\/\/www.magnum.com.br\/index.php?rest_route=\/wp\/v2\/pages\/2219","targetHints":{"allow":["GET"]}}],"collection":[{"href":"https:\/\/www.magnum.com.br\/index.php?rest_route=\/wp\/v2\/pages"}],"about":[{"href":"https:\/\/www.magnum.com.br\/index.php?rest_route=\/wp\/v2\/types\/page"}],"author":[{"embeddable":true,"href":"https:\/\/www.magnum.com.br\/index.php?rest_route=\/wp\/v2\/users\/1"}],"replies":[{"embeddable":true,"href":"https:\/\/www.magnum.com.br\/index.php?rest_route=%2Fwp%2Fv2%2Fcomments&post=2219"}],"version-history":[{"count":16,"href":"https:\/\/www.magnum.com.br\/index.php?rest_route=\/wp\/v2\/pages\/2219\/revisions"}],"predecessor-version":[{"id":2286,"href":"https:\/\/www.magnum.com.br\/index.php?rest_route=\/wp\/v2\/pages\/2219\/revisions\/2286"}],"wp:attachment":[{"href":"https:\/\/www.magnum.com.br\/index.php?rest_route=%2Fwp%2Fv2%2Fmedia&parent=2219"}],"curies":[{"name":"wp","href":"https:\/\/api.w.org\/{rel}","templated":true}]}}