{"id":2173,"date":"2024-04-30T11:18:14","date_gmt":"2024-04-30T11:18:14","guid":{"rendered":"https:\/\/www.magnum.com.br\/?page_id=2173"},"modified":"2025-07-16T14:29:58","modified_gmt":"2025-07-16T14:29:58","slug":"newsletter","status":"publish","type":"page","link":"https:\/\/www.magnum.com.br\/?page_id=2173","title":{"rendered":"NEWSLETTER"},"content":{"rendered":"<div class=\"wpb-content-wrapper\"><p>[vc_row][vc_column][vc_column_text][\/vc_column_text][\/vc_column][\/vc_row][vc_row][vc_column width=&#8221;1\/4&#8243;][vc_single_image image=&#8221;2596&#8243; img_size=&#8221;full&#8221; alignment=&#8221;center&#8221; onclick=&#8221;custom_link&#8221; img_link_target=&#8221;_blank&#8221; css=&#8221;.vc_custom_1752676083506{margin-bottom: 0px !important;border-bottom-width: 0px !important;padding-bottom: 0px !important;}&#8221; link=&#8221;https:\/\/drive.google.com\/file\/d\/1t-zRVAOnjswz79XIP0X_30btPK_92iAz\/view?usp=drive_web&#8221;][vc_column_text css=&#8221;.vc_custom_1752676089905{margin-top: 15px !important;border-top-width: 0px !important;padding-top: 0px !important;}&#8221;]<\/p>\n<p style=\"text-align: center;\"><strong>Edi\u00e7\u00e3o Junho \u2013 2025<\/strong><\/p>\n<p>[\/vc_column_text][\/vc_column][vc_column width=&#8221;1\/4&#8243;][vc_single_image image=&#8221;2597&#8243; img_size=&#8221;full&#8221; alignment=&#8221;center&#8221; onclick=&#8221;custom_link&#8221; img_link_target=&#8221;_blank&#8221; css=&#8221;.vc_custom_1752676113165{margin-bottom: 0px !important;border-bottom-width: 0px !important;padding-bottom: 0px !important;}&#8221; link=&#8221;https:\/\/drive.google.com\/file\/d\/1wfUaYSe8l2J_PdTnSRuKgJG31jO-ZBM-\/view?usp=drive_web&#8221;][vc_column_text css=&#8221;.vc_custom_1752676122969{margin-top: 15px !important;border-top-width: 0px !important;padding-top: 0px !important;}&#8221;]<\/p>\n<p style=\"text-align: center;\"><strong>Edi\u00e7\u00e3o Maio \u2013 2025<\/strong><\/p>\n<p>[\/vc_column_text][\/vc_column][vc_column width=&#8221;1\/4&#8243;][vc_single_image image=&#8221;2598&#8243; img_size=&#8221;full&#8221; alignment=&#8221;center&#8221; onclick=&#8221;custom_link&#8221; img_link_target=&#8221;_blank&#8221; css=&#8221;.vc_custom_1752676147439{margin-bottom: 0px !important;border-bottom-width: 0px !important;padding-bottom: 0px !important;}&#8221; link=&#8221;https:\/\/drive.google.com\/file\/d\/1kVdrTwcx31bdy8RyRoItz-CipmcFtnRu\/view?usp=drive_web&#8221;][vc_column_text css=&#8221;.vc_custom_1752676156061{margin-top: 15px !important;border-top-width: 0px !important;padding-top: 0px !important;}&#8221;]<\/p>\n<p style=\"text-align: center;\"><strong>Edi\u00e7\u00e3o Abril \u2013 2025<\/strong><\/p>\n<p>[\/vc_column_text][\/vc_column][vc_column width=&#8221;1\/4&#8243;][vc_single_image image=&#8221;2599&#8243; img_size=&#8221;full&#8221; alignment=&#8221;center&#8221; onclick=&#8221;custom_link&#8221; img_link_target=&#8221;_blank&#8221; css=&#8221;.vc_custom_1752676178745{margin-bottom: 0px !important;border-bottom-width: 0px !important;padding-bottom: 0px !important;}&#8221; link=&#8221;https:\/\/drive.google.com\/file\/d\/1ZLCUWmK62PdcOKIiANiuSPr1_w3Adk24\/view?usp=drive_web&#8221;][vc_column_text css=&#8221;.vc_custom_1752676189881{margin-top: 15px !important;border-top-width: 0px !important;padding-top: 0px !important;}&#8221;]<\/p>\n<p style=\"text-align: center;\"><strong>Edi\u00e7\u00e3o Mar\u00e7o\u00a0\u2013 2025<\/strong><\/p>\n<p>[\/vc_column_text][\/vc_column][\/vc_row][vc_row][vc_column width=&#8221;1\/4&#8243;][vc_single_image image=&#8221;2560&#8243; img_size=&#8221;full&#8221; alignment=&#8221;center&#8221; onclick=&#8221;custom_link&#8221; img_link_target=&#8221;_blank&#8221; css=&#8221;.vc_custom_1742304300710{margin-bottom: 0px !important;border-bottom-width: 0px !important;padding-bottom: 0px !important;}&#8221; link=&#8221;https:\/\/drive.google.com\/file\/d\/1uMJ3yZHBfmID43fPGshkX42s5eqwhgQ7\/view&#8221;][vc_column_text css=&#8221;.vc_custom_1742304213068{margin-top: 15px !important;border-top-width: 0px !important;padding-top: 0px !important;}&#8221;]<\/p>\n<p style=\"text-align: center;\"><strong>Edi\u00e7\u00e3o Fevereiro \u2013 2025<\/strong><\/p>\n<p>[\/vc_column_text][\/vc_column][vc_column width=&#8221;1\/4&#8243;][vc_single_image image=&#8221;2552&#8243; img_size=&#8221;full&#8221; alignment=&#8221;center&#8221; onclick=&#8221;custom_link&#8221; img_link_target=&#8221;_blank&#8221; css=&#8221;.vc_custom_1742216842939{margin-bottom: 0px !important;border-bottom-width: 0px !important;padding-bottom: 0px !important;}&#8221; link=&#8221;https:\/\/drive.google.com\/file\/d\/1bnwAmhC1K392mk8yi6P_yuMHHChlEeoo\/view&#8221;][vc_column_text css=&#8221;.vc_custom_1742216881094{margin-top: 15px !important;border-top-width: 0px !important;padding-top: 0px !important;}&#8221;]<\/p>\n<p style=\"text-align: center;\"><strong>Edi\u00e7\u00e3o Novembro e<br \/>\nDezembro \u2013 2024<\/strong><\/p>\n<p>[\/vc_column_text][\/vc_column][vc_column width=&#8221;1\/4&#8243;][vc_single_image image=&#8221;2551&#8243; img_size=&#8221;full&#8221; alignment=&#8221;center&#8221; onclick=&#8221;custom_link&#8221; img_link_target=&#8221;_blank&#8221; css=&#8221;.vc_custom_1742216805547{margin-bottom: 0px !important;border-bottom-width: 0px !important;padding-bottom: 0px !important;}&#8221; link=&#8221;https:\/\/drive.google.com\/file\/d\/1QsErwNEedkzZqLnKuOF8SJmaeM1STmLU\/view&#8221;][vc_column_text css=&#8221;.vc_custom_1742216825448{margin-top: 15px !important;border-top-width: 0px !important;padding-top: 0px !important;}&#8221;]<\/p>\n<p style=\"text-align: center;\"><strong>Edi\u00e7\u00e3o Outubro \u2013 2024<\/strong><\/p>\n<p>[\/vc_column_text][\/vc_column][vc_column width=&#8221;1\/4&#8243;][vc_single_image image=&#8221;2550&#8243; img_size=&#8221;full&#8221; alignment=&#8221;center&#8221; onclick=&#8221;custom_link&#8221; img_link_target=&#8221;_blank&#8221; css=&#8221;.vc_custom_1742216786746{margin-bottom: 0px !important;border-bottom-width: 0px !important;padding-bottom: 0px !important;}&#8221; link=&#8221;https:\/\/drive.google.com\/file\/d\/1N0iTGaDnUbxdx5AFPtNKdZ_9p5d-Y6k2\/view&#8221;][vc_column_text css=&#8221;.vc_custom_1742216771809{margin-top: 15px !important;border-top-width: 0px !important;padding-top: 0px !important;}&#8221;]<\/p>\n<p style=\"text-align: center;\"><strong>Edi\u00e7\u00e3o Agosto e<br \/>\nSetembro \u2013 2024<\/strong><\/p>\n<p>[\/vc_column_text][\/vc_column][\/vc_row][vc_row css=&#8221;.vc_custom_1742217125565{margin-top: 25px !important;}&#8221;][vc_column width=&#8221;1\/4&#8243;][vc_single_image image=&#8221;2549&#8243; img_size=&#8221;full&#8221; alignment=&#8221;center&#8221; onclick=&#8221;custom_link&#8221; img_link_target=&#8221;_blank&#8221; css=&#8221;.vc_custom_1742216672982{margin-bottom: 0px !important;border-bottom-width: 0px !important;padding-bottom: 0px !important;}&#8221; link=&#8221;https:\/\/drive.google.com\/file\/d\/1xFoENlSMUqiIhORQK5hD9iKxuAFZjEAZ\/view&#8221;][vc_column_text css=&#8221;.vc_custom_1742216656514{margin-top: 15px !important;border-top-width: 0px !important;padding-top: 0px !important;}&#8221;]<\/p>\n<p style=\"text-align: center;\"><strong>Edi\u00e7\u00e3o Junho e Julho \u2013 2024<\/strong><\/p>\n<p>[\/vc_column_text][\/vc_column][vc_column width=&#8221;1\/4&#8243;][vc_single_image image=&#8221;2548&#8243; img_size=&#8221;full&#8221; alignment=&#8221;center&#8221; onclick=&#8221;custom_link&#8221; img_link_target=&#8221;_blank&#8221; css=&#8221;.vc_custom_1742216620960{margin-bottom: 0px !important;border-bottom-width: 0px !important;padding-bottom: 0px !important;}&#8221; link=&#8221;https:\/\/drive.google.com\/file\/d\/1EVvyMbkm37xAscoH78a0FqcxmK6TI4b5\/view&#8221;][vc_column_text css=&#8221;.vc_custom_1742216605842{margin-top: 15px !important;border-top-width: 0px !important;padding-top: 0px !important;}&#8221;]<\/p>\n<p style=\"text-align: center;\"><strong>Edi\u00e7\u00e3o Maio \u2013 2024<\/strong><\/p>\n<p>[\/vc_column_text][\/vc_column][vc_column width=&#8221;1\/4&#8243;][vc_single_image image=&#8221;2547&#8243; img_size=&#8221;full&#8221; alignment=&#8221;center&#8221; onclick=&#8221;custom_link&#8221; img_link_target=&#8221;_blank&#8221; css=&#8221;.vc_custom_1742216582999{margin-bottom: 0px !important;border-bottom-width: 0px !important;padding-bottom: 0px !important;}&#8221; link=&#8221;https:\/\/drive.google.com\/file\/d\/1TbZoEwWg9fC_VNIqeirkkd7t81fpypWC\/view&#8221;][vc_column_text css=&#8221;.vc_custom_1742216565708{margin-top: 15px !important;border-top-width: 0px !important;padding-top: 0px !important;}&#8221;]<\/p>\n<p style=\"text-align: center;\"><strong>Edi\u00e7\u00e3o Abril \u2013 2024<\/strong><\/p>\n<p>[\/vc_column_text][\/vc_column][vc_column width=&#8221;1\/4&#8243;][vc_single_image image=&#8221;2542&#8243; img_size=&#8221;full&#8221; alignment=&#8221;center&#8221; onclick=&#8221;custom_link&#8221; img_link_target=&#8221;_blank&#8221; css=&#8221;.vc_custom_1742216325918{margin-bottom: 0px !important;border-bottom-width: 0px !important;padding-bottom: 0px !important;}&#8221; link=&#8221;https:\/\/drive.google.com\/file\/d\/11365-6aGRQ9z8CicF7q7tIzrklVav67d\/view&#8221;][vc_column_text css=&#8221;.vc_custom_1742216243908{margin-top: 15px !important;border-top-width: 0px !important;padding-top: 0px !important;}&#8221;]<\/p>\n<p style=\"text-align: center;\"><strong>Edi\u00e7\u00e3o Mar\u00e7o \u2013 2024<\/strong><\/p>\n<p>[\/vc_column_text][\/vc_column][\/vc_row]<\/p>\n<\/div>","protected":false},"excerpt":{"rendered":"<p>[vc_row][vc_column][vc_column_text][\/vc_column_text][\/vc_column][\/vc_row][vc_row][vc_column width=&#8221;1\/4&#8243;][vc_single_image image=&#8221;2596&#8243; img_size=&#8221;full&#8221; alignment=&#8221;center&#8221; onclick=&#8221;custom_link&#8221; img_link_target=&#8221;_blank&#8221; css=&#8221;.vc_custom_1752676083506{margin-bottom: 0px !important;border-bottom-width: 0px !important;padding-bottom: 0px !important;}&#8221; link=&#8221;https:\/\/drive.google.com\/file\/d\/1t-zRVAOnjswz79XIP0X_30btPK_92iAz\/view?usp=drive_web&#8221;][vc_column_text css=&#8221;.vc_custom_1752676089905{margin-top: 15px !important;border-top-width: 0px !important;padding-top: 0px !important;}&#8221;] Edi\u00e7\u00e3o Junho \u2013 2025 [\/vc_column_text][\/vc_column][vc_column width=&#8221;1\/4&#8243;][vc_single_image image=&#8221;2597&#8243; img_size=&#8221;full&#8221; alignment=&#8221;center&#8221; onclick=&#8221;custom_link&#8221; img_link_target=&#8221;_blank&#8221; css=&#8221;.vc_custom_1752676113165{margin-bottom: 0px !important;border-bottom-width: 0px !important;padding-bottom: 0px !important;}&#8221; link=&#8221;https:\/\/drive.google.com\/file\/d\/1wfUaYSe8l2J_PdTnSRuKgJG31jO-ZBM-\/view?usp=drive_web&#8221;][vc_column_text css=&#8221;.vc_custom_1752676122969{margin-top: 15px !important;border-top-width: 0px !important;padding-top: 0px !important;}&#8221;] Edi\u00e7\u00e3o Maio \u2013 2025 [\/vc_column_text][\/vc_column][vc_column width=&#8221;1\/4&#8243;][vc_single_image image=&#8221;2598&#8243; [&hellip;]<\/p>\n","protected":false},"author":1,"featured_media":0,"parent":0,"menu_order":0,"comment_status":"closed","ping_status":"closed","template":"","meta":{"footnotes":""},"class_list":["post-2173","page","type-page","status-publish","hentry"],"yoast_head":"<!-- This site is optimized with the Yoast SEO plugin v26.2 - https:\/\/yoast.com\/wordpress\/plugins\/seo\/ -->\n<title>NEWSLETTER - Col\u00e9gio Magnum<\/title>\n<meta name=\"robots\" content=\"index, follow, max-snippet:-1, max-image-preview:large, max-video-preview:-1\" \/>\n<link rel=\"canonical\" href=\"https:\/\/www.magnum.com.br\/?page_id=2173\" \/>\n<meta property=\"og:locale\" content=\"pt_BR\" \/>\n<meta property=\"og:type\" content=\"article\" \/>\n<meta property=\"og:title\" content=\"NEWSLETTER - Col\u00e9gio Magnum\" \/>\n<meta property=\"og:description\" content=\"[vc_row][vc_column][vc_column_text][\/vc_column_text][\/vc_column][\/vc_row][vc_row][vc_column width=&#8221;1\/4&#8243;][vc_single_image image=&#8221;2596&#8243; img_size=&#8221;full&#8221; alignment=&#8221;center&#8221; onclick=&#8221;custom_link&#8221; img_link_target=&#8221;_blank&#8221; css=&#8221;.vc_custom_1752676083506{margin-bottom: 0px !important;border-bottom-width: 0px !important;padding-bottom: 0px !important;}&#8221; link=&#8221;https:\/\/drive.google.com\/file\/d\/1t-zRVAOnjswz79XIP0X_30btPK_92iAz\/view?usp=drive_web&#8221;][vc_column_text css=&#8221;.vc_custom_1752676089905{margin-top: 15px !important;border-top-width: 0px !important;padding-top: 0px !important;}&#8221;] Edi\u00e7\u00e3o Junho \u2013 2025 [\/vc_column_text][\/vc_column][vc_column width=&#8221;1\/4&#8243;][vc_single_image image=&#8221;2597&#8243; img_size=&#8221;full&#8221; alignment=&#8221;center&#8221; onclick=&#8221;custom_link&#8221; img_link_target=&#8221;_blank&#8221; css=&#8221;.vc_custom_1752676113165{margin-bottom: 0px !important;border-bottom-width: 0px !important;padding-bottom: 0px !important;}&#8221; link=&#8221;https:\/\/drive.google.com\/file\/d\/1wfUaYSe8l2J_PdTnSRuKgJG31jO-ZBM-\/view?usp=drive_web&#8221;][vc_column_text css=&#8221;.vc_custom_1752676122969{margin-top: 15px !important;border-top-width: 0px !important;padding-top: 0px !important;}&#8221;] Edi\u00e7\u00e3o Maio \u2013 2025 [\/vc_column_text][\/vc_column][vc_column width=&#8221;1\/4&#8243;][vc_single_image image=&#8221;2598&#8243; [&hellip;]\" \/>\n<meta property=\"og:url\" content=\"https:\/\/www.magnum.com.br\/?page_id=2173\" \/>\n<meta property=\"og:site_name\" content=\"Col\u00e9gio Magnum\" \/>\n<meta property=\"article:modified_time\" content=\"2025-07-16T14:29:58+00:00\" \/>\n<meta name=\"twitter:card\" content=\"summary_large_image\" \/>\n<meta name=\"twitter:label1\" content=\"Est. tempo de leitura\" \/>\n\t<meta name=\"twitter:data1\" content=\"5 minutos\" \/>\n<script type=\"application\/ld+json\" class=\"yoast-schema-graph\">{\"@context\":\"https:\/\/schema.org\",\"@graph\":[{\"@type\":\"WebPage\",\"@id\":\"https:\/\/www.magnum.com.br\/?page_id=2173\",\"url\":\"https:\/\/www.magnum.com.br\/?page_id=2173\",\"name\":\"NEWSLETTER - Col\u00e9gio Magnum\",\"isPartOf\":{\"@id\":\"https:\/\/www.magnum.com.br\/#website\"},\"datePublished\":\"2024-04-30T11:18:14+00:00\",\"dateModified\":\"2025-07-16T14:29:58+00:00\",\"breadcrumb\":{\"@id\":\"https:\/\/www.magnum.com.br\/?page_id=2173#breadcrumb\"},\"inLanguage\":\"pt-BR\",\"potentialAction\":[{\"@type\":\"ReadAction\",\"target\":[\"https:\/\/www.magnum.com.br\/?page_id=2173\"]}]},{\"@type\":\"BreadcrumbList\",\"@id\":\"https:\/\/www.magnum.com.br\/?page_id=2173#breadcrumb\",\"itemListElement\":[{\"@type\":\"ListItem\",\"position\":1,\"name\":\"In\u00edcio\",\"item\":\"https:\/\/www.magnum.com.br\/\"},{\"@type\":\"ListItem\",\"position\":2,\"name\":\"NEWSLETTER\"}]},{\"@type\":\"WebSite\",\"@id\":\"https:\/\/www.magnum.com.br\/#website\",\"url\":\"https:\/\/www.magnum.com.br\/\",\"name\":\"Col\u00e9gio Magnum\",\"description\":\"\",\"potentialAction\":[{\"@type\":\"SearchAction\",\"target\":{\"@type\":\"EntryPoint\",\"urlTemplate\":\"https:\/\/www.magnum.com.br\/?s={search_term_string}\"},\"query-input\":{\"@type\":\"PropertyValueSpecification\",\"valueRequired\":true,\"valueName\":\"search_term_string\"}}],\"inLanguage\":\"pt-BR\"}]}<\/script>\n<!-- \/ Yoast SEO plugin. -->","yoast_head_json":{"title":"NEWSLETTER - Col\u00e9gio Magnum","robots":{"index":"index","follow":"follow","max-snippet":"max-snippet:-1","max-image-preview":"max-image-preview:large","max-video-preview":"max-video-preview:-1"},"canonical":"https:\/\/www.magnum.com.br\/?page_id=2173","og_locale":"pt_BR","og_type":"article","og_title":"NEWSLETTER - Col\u00e9gio Magnum","og_description":"[vc_row][vc_column][vc_column_text][\/vc_column_text][\/vc_column][\/vc_row][vc_row][vc_column width=&#8221;1\/4&#8243;][vc_single_image image=&#8221;2596&#8243; img_size=&#8221;full&#8221; alignment=&#8221;center&#8221; onclick=&#8221;custom_link&#8221; img_link_target=&#8221;_blank&#8221; css=&#8221;.vc_custom_1752676083506{margin-bottom: 0px !important;border-bottom-width: 0px !important;padding-bottom: 0px !important;}&#8221; link=&#8221;https:\/\/drive.google.com\/file\/d\/1t-zRVAOnjswz79XIP0X_30btPK_92iAz\/view?usp=drive_web&#8221;][vc_column_text css=&#8221;.vc_custom_1752676089905{margin-top: 15px !important;border-top-width: 0px !important;padding-top: 0px !important;}&#8221;] Edi\u00e7\u00e3o Junho \u2013 2025 [\/vc_column_text][\/vc_column][vc_column width=&#8221;1\/4&#8243;][vc_single_image image=&#8221;2597&#8243; img_size=&#8221;full&#8221; alignment=&#8221;center&#8221; onclick=&#8221;custom_link&#8221; img_link_target=&#8221;_blank&#8221; css=&#8221;.vc_custom_1752676113165{margin-bottom: 0px !important;border-bottom-width: 0px !important;padding-bottom: 0px !important;}&#8221; link=&#8221;https:\/\/drive.google.com\/file\/d\/1wfUaYSe8l2J_PdTnSRuKgJG31jO-ZBM-\/view?usp=drive_web&#8221;][vc_column_text css=&#8221;.vc_custom_1752676122969{margin-top: 15px !important;border-top-width: 0px !important;padding-top: 0px !important;}&#8221;] Edi\u00e7\u00e3o Maio \u2013 2025 [\/vc_column_text][\/vc_column][vc_column width=&#8221;1\/4&#8243;][vc_single_image image=&#8221;2598&#8243; [&hellip;]","og_url":"https:\/\/www.magnum.com.br\/?page_id=2173","og_site_name":"Col\u00e9gio Magnum","article_modified_time":"2025-07-16T14:29:58+00:00","twitter_card":"summary_large_image","twitter_misc":{"Est. tempo de leitura":"5 minutos"},"schema":{"@context":"https:\/\/schema.org","@graph":[{"@type":"WebPage","@id":"https:\/\/www.magnum.com.br\/?page_id=2173","url":"https:\/\/www.magnum.com.br\/?page_id=2173","name":"NEWSLETTER - Col\u00e9gio Magnum","isPartOf":{"@id":"https:\/\/www.magnum.com.br\/#website"},"datePublished":"2024-04-30T11:18:14+00:00","dateModified":"2025-07-16T14:29:58+00:00","breadcrumb":{"@id":"https:\/\/www.magnum.com.br\/?page_id=2173#breadcrumb"},"inLanguage":"pt-BR","potentialAction":[{"@type":"ReadAction","target":["https:\/\/www.magnum.com.br\/?page_id=2173"]}]},{"@type":"BreadcrumbList","@id":"https:\/\/www.magnum.com.br\/?page_id=2173#breadcrumb","itemListElement":[{"@type":"ListItem","position":1,"name":"In\u00edcio","item":"https:\/\/www.magnum.com.br\/"},{"@type":"ListItem","position":2,"name":"NEWSLETTER"}]},{"@type":"WebSite","@id":"https:\/\/www.magnum.com.br\/#website","url":"https:\/\/www.magnum.com.br\/","name":"Col\u00e9gio Magnum","description":"","potentialAction":[{"@type":"SearchAction","target":{"@type":"EntryPoint","urlTemplate":"https:\/\/www.magnum.com.br\/?s={search_term_string}"},"query-input":{"@type":"PropertyValueSpecification","valueRequired":true,"valueName":"search_term_string"}}],"inLanguage":"pt-BR"}]}},"_links":{"self":[{"href":"https:\/\/www.magnum.com.br\/index.php?rest_route=\/wp\/v2\/pages\/2173","targetHints":{"allow":["GET"]}}],"collection":[{"href":"https:\/\/www.magnum.com.br\/index.php?rest_route=\/wp\/v2\/pages"}],"about":[{"href":"https:\/\/www.magnum.com.br\/index.php?rest_route=\/wp\/v2\/types\/page"}],"author":[{"embeddable":true,"href":"https:\/\/www.magnum.com.br\/index.php?rest_route=\/wp\/v2\/users\/1"}],"replies":[{"embeddable":true,"href":"https:\/\/www.magnum.com.br\/index.php?rest_route=%2Fwp%2Fv2%2Fcomments&post=2173"}],"version-history":[{"count":14,"href":"https:\/\/www.magnum.com.br\/index.php?rest_route=\/wp\/v2\/pages\/2173\/revisions"}],"predecessor-version":[{"id":2600,"href":"https:\/\/www.magnum.com.br\/index.php?rest_route=\/wp\/v2\/pages\/2173\/revisions\/2600"}],"wp:attachment":[{"href":"https:\/\/www.magnum.com.br\/index.php?rest_route=%2Fwp%2Fv2%2Fmedia&parent=2173"}],"curies":[{"name":"wp","href":"https:\/\/api.w.org\/{rel}","templated":true}]}}