{"id":1939,"date":"2023-03-09T17:51:23","date_gmt":"2023-03-09T17:51:23","guid":{"rendered":"https:\/\/www.magnum.com.br\/?page_id=1939"},"modified":"2025-12-29T14:38:47","modified_gmt":"2025-12-29T14:38:47","slug":"espiritualidade","status":"publish","type":"page","link":"https:\/\/www.magnum.com.br\/?page_id=1939","title":{"rendered":"ESPIRITUALIDADE"},"content":{"rendered":"<div class=\"wpb-content-wrapper\"><p>[vc_row][vc_column][vc_column_text css=&#8221;&#8221;]Nossa proposta formativa \u00e9 inspirada no pensamento de Santo Agostinho e tem como eixo central o autoconhecimento. O trabalho pedag\u00f3gico \u00e9 conduzido a partir de uma rela\u00e7\u00e3o dial\u00f3gica e din\u00e2mica, na qual o aluno \u00e9 incentivado a refletir sobre si mesmo, em um ambiente marcado pela empatia, pela fraternidade e pelo reconhecimento da presen\u00e7a de Deus na vida cotidiana.<\/p>\n<p>&nbsp;<\/p>\n<p>Para que os estudantes possam vivenciar a f\u00e9 com liberdade, consci\u00eancia e discernimento, as aulas s\u00e3o planejadas como momentos participativos e significativos. Por meio de metodologias diversificadas, os alunos atualizam a mensagem de Jesus em seu dia a dia, compreendendo seus ensinamentos e aplicando-os de forma concreta em suas viv\u00eancias pessoais e sociais.<\/p>\n<p>&nbsp;<\/p>\n<p>No Ensino Fundamental Anos Iniciais, o conte\u00fado \u00e9 trabalhado de forma l\u00fadica e contextualizada, com o apoio de pr\u00e1ticas teatrais, exibi\u00e7\u00e3o de v\u00eddeos e leitura b\u00edblica orientada. Essas estrat\u00e9gias favorecem o desenvolvimento do senso cr\u00edtico e a constru\u00e7\u00e3o de um posicionamento pessoal diante das mensagens e valores apresentados.<\/p>\n<p>&nbsp;<\/p>\n<p>No Ensino Fundamental Anos Finais, o amadurecimento cognitivo dos alunos possibilita um aprofundamento das m\u00e1ximas da filosofia agostiniana e do sentido mais profundo da mensagem do Evangelho. Nesse momento, os estudantes s\u00e3o estimulados a relacionar os valores de amor, justi\u00e7a e solidariedade com situa\u00e7\u00f5es reais do cotidiano e com fatos veiculados pela m\u00eddia, desenvolvendo uma leitura cr\u00edtica da realidade e construindo bases s\u00f3lidas para um projeto de vida comprometido com o bem comum.<\/p>\n<p>&nbsp;<\/p>\n<p>A partir do final dessa etapa e ao longo do Ensino M\u00e9dio, s\u00e3o abordados de forma mais aprofundada temas como racismo, preconceitos, fobias e todas as formas de viol\u00eancia, compreendidos como distanciamentos de um projeto de vida crist\u00e3 fundamentado na alteridade, no respeito e na dignidade humana.<\/p>\n<p>&nbsp;<\/p>\n<p>No Ensino M\u00e9dio, o aluno \u00e9 convidado a reconhecer, \u00e0 luz dos valores crist\u00e3os, caminhos para suas escolhas profissionais. A proposta \u00e9 compreender a carreira n\u00e3o apenas como um projeto individual, mas como uma miss\u00e3o de vida, servi\u00e7o e doa\u00e7\u00e3o, formando cidad\u00e3os capazes de atuar de maneira \u00e9tica, solid\u00e1ria e comprometida com a comunidade, tendo o Evangelho como refer\u00eancia de amor e responsabilidade social.[\/vc_column_text][vc_btn title=&#8221;Quer receber um contato da escola?&#8221; style=&#8221;custom&#8221; custom_background=&#8221;#004d9d&#8221; custom_text=&#8221;#ffffff&#8221; size=&#8221;lg&#8221; link=&#8221;url:http%3A%2F%2Fwww.magnum.com.br%2F%3Fpage_id%3D841&#8243;][\/vc_column][\/vc_row]<\/p>\n<\/div>","protected":false},"excerpt":{"rendered":"<p>[vc_row][vc_column][vc_column_text css=&#8221;&#8221;]Nossa proposta formativa \u00e9 inspirada no pensamento de Santo Agostinho e tem como eixo central o autoconhecimento. O trabalho pedag\u00f3gico \u00e9 conduzido a partir de uma rela\u00e7\u00e3o dial\u00f3gica e din\u00e2mica, na qual o aluno \u00e9 incentivado a refletir sobre si mesmo, em um ambiente marcado pela empatia, pela fraternidade e pelo reconhecimento da presen\u00e7a [&hellip;]<\/p>\n","protected":false},"author":1,"featured_media":0,"parent":0,"menu_order":0,"comment_status":"closed","ping_status":"closed","template":"","meta":{"footnotes":""},"class_list":["post-1939","page","type-page","status-publish","hentry"],"yoast_head":"<!-- This site is optimized with the Yoast SEO plugin v26.2 - https:\/\/yoast.com\/wordpress\/plugins\/seo\/ -->\n<title>ESPIRITUALIDADE - Col\u00e9gio Magnum<\/title>\n<meta name=\"robots\" content=\"index, follow, max-snippet:-1, max-image-preview:large, max-video-preview:-1\" \/>\n<link rel=\"canonical\" href=\"https:\/\/www.magnum.com.br\/?page_id=1939\" \/>\n<meta property=\"og:locale\" content=\"pt_BR\" \/>\n<meta property=\"og:type\" content=\"article\" \/>\n<meta property=\"og:title\" content=\"ESPIRITUALIDADE - Col\u00e9gio Magnum\" \/>\n<meta property=\"og:description\" content=\"[vc_row][vc_column][vc_column_text css=&#8221;&#8221;]Nossa proposta formativa \u00e9 inspirada no pensamento de Santo Agostinho e tem como eixo central o autoconhecimento. O trabalho pedag\u00f3gico \u00e9 conduzido a partir de uma rela\u00e7\u00e3o dial\u00f3gica e din\u00e2mica, na qual o aluno \u00e9 incentivado a refletir sobre si mesmo, em um ambiente marcado pela empatia, pela fraternidade e pelo reconhecimento da presen\u00e7a [&hellip;]\" \/>\n<meta property=\"og:url\" content=\"https:\/\/www.magnum.com.br\/?page_id=1939\" \/>\n<meta property=\"og:site_name\" content=\"Col\u00e9gio Magnum\" \/>\n<meta property=\"article:modified_time\" content=\"2025-12-29T14:38:47+00:00\" \/>\n<meta name=\"twitter:card\" content=\"summary_large_image\" \/>\n<meta name=\"twitter:label1\" content=\"Est. tempo de leitura\" \/>\n\t<meta name=\"twitter:data1\" content=\"2 minutos\" \/>\n<script type=\"application\/ld+json\" class=\"yoast-schema-graph\">{\"@context\":\"https:\/\/schema.org\",\"@graph\":[{\"@type\":\"WebPage\",\"@id\":\"https:\/\/www.magnum.com.br\/?page_id=1939\",\"url\":\"https:\/\/www.magnum.com.br\/?page_id=1939\",\"name\":\"ESPIRITUALIDADE - Col\u00e9gio Magnum\",\"isPartOf\":{\"@id\":\"https:\/\/www.magnum.com.br\/#website\"},\"datePublished\":\"2023-03-09T17:51:23+00:00\",\"dateModified\":\"2025-12-29T14:38:47+00:00\",\"breadcrumb\":{\"@id\":\"https:\/\/www.magnum.com.br\/?page_id=1939#breadcrumb\"},\"inLanguage\":\"pt-BR\",\"potentialAction\":[{\"@type\":\"ReadAction\",\"target\":[\"https:\/\/www.magnum.com.br\/?page_id=1939\"]}]},{\"@type\":\"BreadcrumbList\",\"@id\":\"https:\/\/www.magnum.com.br\/?page_id=1939#breadcrumb\",\"itemListElement\":[{\"@type\":\"ListItem\",\"position\":1,\"name\":\"In\u00edcio\",\"item\":\"https:\/\/www.magnum.com.br\/\"},{\"@type\":\"ListItem\",\"position\":2,\"name\":\"ESPIRITUALIDADE\"}]},{\"@type\":\"WebSite\",\"@id\":\"https:\/\/www.magnum.com.br\/#website\",\"url\":\"https:\/\/www.magnum.com.br\/\",\"name\":\"Col\u00e9gio Magnum\",\"description\":\"\",\"potentialAction\":[{\"@type\":\"SearchAction\",\"target\":{\"@type\":\"EntryPoint\",\"urlTemplate\":\"https:\/\/www.magnum.com.br\/?s={search_term_string}\"},\"query-input\":{\"@type\":\"PropertyValueSpecification\",\"valueRequired\":true,\"valueName\":\"search_term_string\"}}],\"inLanguage\":\"pt-BR\"}]}<\/script>\n<!-- \/ Yoast SEO plugin. -->","yoast_head_json":{"title":"ESPIRITUALIDADE - Col\u00e9gio Magnum","robots":{"index":"index","follow":"follow","max-snippet":"max-snippet:-1","max-image-preview":"max-image-preview:large","max-video-preview":"max-video-preview:-1"},"canonical":"https:\/\/www.magnum.com.br\/?page_id=1939","og_locale":"pt_BR","og_type":"article","og_title":"ESPIRITUALIDADE - Col\u00e9gio Magnum","og_description":"[vc_row][vc_column][vc_column_text css=&#8221;&#8221;]Nossa proposta formativa \u00e9 inspirada no pensamento de Santo Agostinho e tem como eixo central o autoconhecimento. O trabalho pedag\u00f3gico \u00e9 conduzido a partir de uma rela\u00e7\u00e3o dial\u00f3gica e din\u00e2mica, na qual o aluno \u00e9 incentivado a refletir sobre si mesmo, em um ambiente marcado pela empatia, pela fraternidade e pelo reconhecimento da presen\u00e7a [&hellip;]","og_url":"https:\/\/www.magnum.com.br\/?page_id=1939","og_site_name":"Col\u00e9gio Magnum","article_modified_time":"2025-12-29T14:38:47+00:00","twitter_card":"summary_large_image","twitter_misc":{"Est. tempo de leitura":"2 minutos"},"schema":{"@context":"https:\/\/schema.org","@graph":[{"@type":"WebPage","@id":"https:\/\/www.magnum.com.br\/?page_id=1939","url":"https:\/\/www.magnum.com.br\/?page_id=1939","name":"ESPIRITUALIDADE - Col\u00e9gio Magnum","isPartOf":{"@id":"https:\/\/www.magnum.com.br\/#website"},"datePublished":"2023-03-09T17:51:23+00:00","dateModified":"2025-12-29T14:38:47+00:00","breadcrumb":{"@id":"https:\/\/www.magnum.com.br\/?page_id=1939#breadcrumb"},"inLanguage":"pt-BR","potentialAction":[{"@type":"ReadAction","target":["https:\/\/www.magnum.com.br\/?page_id=1939"]}]},{"@type":"BreadcrumbList","@id":"https:\/\/www.magnum.com.br\/?page_id=1939#breadcrumb","itemListElement":[{"@type":"ListItem","position":1,"name":"In\u00edcio","item":"https:\/\/www.magnum.com.br\/"},{"@type":"ListItem","position":2,"name":"ESPIRITUALIDADE"}]},{"@type":"WebSite","@id":"https:\/\/www.magnum.com.br\/#website","url":"https:\/\/www.magnum.com.br\/","name":"Col\u00e9gio Magnum","description":"","potentialAction":[{"@type":"SearchAction","target":{"@type":"EntryPoint","urlTemplate":"https:\/\/www.magnum.com.br\/?s={search_term_string}"},"query-input":{"@type":"PropertyValueSpecification","valueRequired":true,"valueName":"search_term_string"}}],"inLanguage":"pt-BR"}]}},"_links":{"self":[{"href":"https:\/\/www.magnum.com.br\/index.php?rest_route=\/wp\/v2\/pages\/1939","targetHints":{"allow":["GET"]}}],"collection":[{"href":"https:\/\/www.magnum.com.br\/index.php?rest_route=\/wp\/v2\/pages"}],"about":[{"href":"https:\/\/www.magnum.com.br\/index.php?rest_route=\/wp\/v2\/types\/page"}],"author":[{"embeddable":true,"href":"https:\/\/www.magnum.com.br\/index.php?rest_route=\/wp\/v2\/users\/1"}],"replies":[{"embeddable":true,"href":"https:\/\/www.magnum.com.br\/index.php?rest_route=%2Fwp%2Fv2%2Fcomments&post=1939"}],"version-history":[{"count":4,"href":"https:\/\/www.magnum.com.br\/index.php?rest_route=\/wp\/v2\/pages\/1939\/revisions"}],"predecessor-version":[{"id":2676,"href":"https:\/\/www.magnum.com.br\/index.php?rest_route=\/wp\/v2\/pages\/1939\/revisions\/2676"}],"wp:attachment":[{"href":"https:\/\/www.magnum.com.br\/index.php?rest_route=%2Fwp%2Fv2%2Fmedia&parent=1939"}],"curies":[{"name":"wp","href":"https:\/\/api.w.org\/{rel}","templated":true}]}}