{"id":1908,"date":"2023-02-02T18:37:21","date_gmt":"2023-02-02T18:37:21","guid":{"rendered":"https:\/\/www.magnum.com.br\/?page_id=1908"},"modified":"2026-02-09T20:52:17","modified_gmt":"2026-02-09T20:52:17","slug":"horarios-de-aula","status":"publish","type":"page","link":"https:\/\/www.magnum.com.br\/?page_id=1908","title":{"rendered":"HOR\u00c1RIOS DE AULA"},"content":{"rendered":"<div class=\"wpb-content-wrapper\"><p>[vc_row][vc_column][vc_column_text css=&#8221;&#8221;]<em><strong>Col\u00e9gio Magnum Agostiniano Cidade Nova<\/strong><\/em><\/p>\n<p><strong>Ensino Fundamental Anos Finais Manh\u00e3:<\/strong><\/p>\n<ul>\n<li><a href=\"https:\/\/drive.google.com\/file\/d\/1Ma_kw84ggkVUD6kGgmZTcCESoUG_PkCW\/view?usp=drive_link\">6\u00b0 Ano<\/a><\/li>\n<li><a href=\"https:\/\/drive.google.com\/file\/d\/15zhagMyYPJEW440DA33s9kaOSlE5E-RV\/view?usp=drive_link\">7\u00b0 Ano<\/a><\/li>\n<li><a href=\"https:\/\/drive.google.com\/file\/d\/1mCIVpToZtWX5V1YXjmy_EbTKGDs5xPcY\/view?usp=drive_link\">8\u00b0 Ano<\/a><\/li>\n<li><a href=\"https:\/\/drive.google.com\/file\/d\/1jLWyRy-gFjJLLfhrq6EnGQmZsersZc3E\/view?usp=drive_link\">9\u00b0 Ano<\/a><\/li>\n<\/ul>\n<p><strong>Ensino Fundamental Anos Finais Tarde:<\/strong><\/p>\n<ul>\n<li><a href=\"https:\/\/drive.google.com\/file\/d\/1yWEkw37ub7i4slgymumkimeP7Fmi4Xcz\/view?usp=drive_link\">6\u00b0 Ano<\/a><\/li>\n<li><a href=\"https:\/\/drive.google.com\/file\/d\/1lheYGpoen-_x9-c8imiYxGW5_-YdlDnK\/view?usp=drive_link\">7\u00b0 Ano<\/a><\/li>\n<li><a href=\"https:\/\/drive.google.com\/file\/d\/1KX1R4H7KQfdz51AYJUK4Vn_mjJ7e-3Ju\/view?usp=drive_link\">8\u00b0 Ano<\/a><\/li>\n<li><a href=\"https:\/\/drive.google.com\/file\/d\/1IgznXTJhr1CDFCiZynu6H0EbmYtL1sAE\/view?usp=drive_link\">9\u00ba Ano<\/a><\/li>\n<\/ul>\n<p><strong>Ensino M\u00e9dio:<\/strong><\/p>\n<ul>\n<li><a href=\"https:\/\/drive.google.com\/file\/d\/1T6HrG5u54YuGCgoe5talWSKHSiAHOsDu\/view?usp=drive_link\">1\u00aa S\u00e9rie<\/a><\/li>\n<li><a href=\"https:\/\/drive.google.com\/file\/d\/1pZims8y2r2cA2tq4lhYdCPgwwiEjiOm1\/view?usp=drive_link\">2\u00aa S\u00e9rie<\/a><\/li>\n<li><a href=\"https:\/\/drive.google.com\/file\/d\/1YzANy2G3VSP558zbL6Q6nLnS7QMF9441\/view?usp=drive_link\">3\u00aa S\u00e9rie<\/a><\/li>\n<\/ul>\n<p>_______________________________________________________________________________________________________________________________<\/p>\n<p><em><strong>Col\u00e9gio Magnum Agostiniano Lourdes<\/strong><\/em><\/p>\n<p><strong>Ensino Fundamental Anos Finais:\u00a0<\/strong><\/p>\n<ul>\n<li><a href=\"https:\/\/drive.google.com\/file\/d\/1MVvveWl7sMq8C1zVovlvid-uFAxCNPYZ\/view?usp=drive_link\">6\u00b0 Ano<\/a><\/li>\n<li><a href=\"https:\/\/drive.google.com\/file\/d\/1R9dnUUylRHXePAJbQ1wLrKiPQOi_68ig\/view?usp=drive_link\">7\u00b0 Ano<\/a><\/li>\n<li><a href=\"https:\/\/drive.google.com\/file\/d\/1YZfRai53ZbjhRFhFeq402FHaOB1_dImT\/view?usp=drive_link\">8\u00b0 Ano<\/a><\/li>\n<li><a href=\"https:\/\/drive.google.com\/file\/d\/11cuGxptnQRAMA4GUW-qw5M2z5-xzyG33\/view?usp=drive_link\">9\u00b0 Ano<\/a><\/li>\n<\/ul>\n<p><strong>Ensino M\u00e9dio:<\/strong><\/p>\n<ul>\n<li><a href=\"https:\/\/drive.google.com\/file\/d\/1LE7IDCddShp6JGj8ReZmxct2lHPg2Uje\/view?usp=drive_link\">1\u00aa S\u00e9rie<\/a><\/li>\n<li><a href=\"https:\/\/drive.google.com\/file\/d\/1179u5LD-_l7w5EiJuVeoEO9buMEeLDF_\/view?usp=drive_link\">2\u00aa S\u00e9rie<\/a><\/li>\n<li><a href=\"https:\/\/drive.google.com\/file\/d\/1L44Cqgjw490g_88QgmtQnf-iJQrkYYFC\/view?usp=drive_link\">3\u00aa S\u00e9rie<\/a><\/li>\n<\/ul>\n<p>[\/vc_column_text][\/vc_column][\/vc_row]<\/p>\n<\/div>","protected":false},"excerpt":{"rendered":"<p>[vc_row][vc_column][vc_column_text css=&#8221;&#8221;]Col\u00e9gio Magnum Agostiniano Cidade Nova Ensino Fundamental Anos Finais Manh\u00e3: 6\u00b0 Ano 7\u00b0 Ano 8\u00b0 Ano 9\u00b0 Ano Ensino Fundamental Anos Finais Tarde: 6\u00b0 Ano 7\u00b0 Ano 8\u00b0 Ano 9\u00ba Ano Ensino M\u00e9dio: 1\u00aa S\u00e9rie 2\u00aa S\u00e9rie 3\u00aa S\u00e9rie _______________________________________________________________________________________________________________________________ Col\u00e9gio Magnum Agostiniano Lourdes Ensino Fundamental Anos Finais:\u00a0 6\u00b0 Ano 7\u00b0 Ano 8\u00b0 Ano [&hellip;]<\/p>\n","protected":false},"author":1,"featured_media":0,"parent":0,"menu_order":0,"comment_status":"closed","ping_status":"closed","template":"","meta":{"footnotes":""},"class_list":["post-1908","page","type-page","status-publish","hentry"],"yoast_head":"<!-- This site is optimized with the Yoast SEO plugin v26.2 - https:\/\/yoast.com\/wordpress\/plugins\/seo\/ -->\n<title>HOR\u00c1RIOS DE AULA - Col\u00e9gio Magnum<\/title>\n<meta name=\"robots\" content=\"index, follow, max-snippet:-1, max-image-preview:large, max-video-preview:-1\" \/>\n<link rel=\"canonical\" href=\"https:\/\/www.magnum.com.br\/?page_id=1908\" \/>\n<meta property=\"og:locale\" content=\"pt_BR\" \/>\n<meta property=\"og:type\" content=\"article\" \/>\n<meta property=\"og:title\" content=\"HOR\u00c1RIOS DE AULA - Col\u00e9gio Magnum\" \/>\n<meta property=\"og:description\" content=\"[vc_row][vc_column][vc_column_text css=&#8221;&#8221;]Col\u00e9gio Magnum Agostiniano Cidade Nova Ensino Fundamental Anos Finais Manh\u00e3: 6\u00b0 Ano 7\u00b0 Ano 8\u00b0 Ano 9\u00b0 Ano Ensino Fundamental Anos Finais Tarde: 6\u00b0 Ano 7\u00b0 Ano 8\u00b0 Ano 9\u00ba Ano Ensino M\u00e9dio: 1\u00aa S\u00e9rie 2\u00aa S\u00e9rie 3\u00aa S\u00e9rie _______________________________________________________________________________________________________________________________ Col\u00e9gio Magnum Agostiniano Lourdes Ensino Fundamental Anos Finais:\u00a0 6\u00b0 Ano 7\u00b0 Ano 8\u00b0 Ano [&hellip;]\" \/>\n<meta property=\"og:url\" content=\"https:\/\/www.magnum.com.br\/?page_id=1908\" \/>\n<meta property=\"og:site_name\" content=\"Col\u00e9gio Magnum\" \/>\n<meta property=\"article:modified_time\" content=\"2026-02-09T20:52:17+00:00\" \/>\n<meta name=\"twitter:card\" content=\"summary_large_image\" \/>\n<meta name=\"twitter:label1\" content=\"Est. tempo de leitura\" \/>\n\t<meta name=\"twitter:data1\" content=\"1 minuto\" \/>\n<script type=\"application\/ld+json\" class=\"yoast-schema-graph\">{\"@context\":\"https:\/\/schema.org\",\"@graph\":[{\"@type\":\"WebPage\",\"@id\":\"https:\/\/www.magnum.com.br\/?page_id=1908\",\"url\":\"https:\/\/www.magnum.com.br\/?page_id=1908\",\"name\":\"HOR\u00c1RIOS DE AULA - Col\u00e9gio Magnum\",\"isPartOf\":{\"@id\":\"https:\/\/www.magnum.com.br\/#website\"},\"datePublished\":\"2023-02-02T18:37:21+00:00\",\"dateModified\":\"2026-02-09T20:52:17+00:00\",\"breadcrumb\":{\"@id\":\"https:\/\/www.magnum.com.br\/?page_id=1908#breadcrumb\"},\"inLanguage\":\"pt-BR\",\"potentialAction\":[{\"@type\":\"ReadAction\",\"target\":[\"https:\/\/www.magnum.com.br\/?page_id=1908\"]}]},{\"@type\":\"BreadcrumbList\",\"@id\":\"https:\/\/www.magnum.com.br\/?page_id=1908#breadcrumb\",\"itemListElement\":[{\"@type\":\"ListItem\",\"position\":1,\"name\":\"In\u00edcio\",\"item\":\"https:\/\/www.magnum.com.br\/\"},{\"@type\":\"ListItem\",\"position\":2,\"name\":\"HOR\u00c1RIOS DE AULA\"}]},{\"@type\":\"WebSite\",\"@id\":\"https:\/\/www.magnum.com.br\/#website\",\"url\":\"https:\/\/www.magnum.com.br\/\",\"name\":\"Col\u00e9gio Magnum\",\"description\":\"\",\"potentialAction\":[{\"@type\":\"SearchAction\",\"target\":{\"@type\":\"EntryPoint\",\"urlTemplate\":\"https:\/\/www.magnum.com.br\/?s={search_term_string}\"},\"query-input\":{\"@type\":\"PropertyValueSpecification\",\"valueRequired\":true,\"valueName\":\"search_term_string\"}}],\"inLanguage\":\"pt-BR\"}]}<\/script>\n<!-- \/ Yoast SEO plugin. -->","yoast_head_json":{"title":"HOR\u00c1RIOS DE AULA - Col\u00e9gio Magnum","robots":{"index":"index","follow":"follow","max-snippet":"max-snippet:-1","max-image-preview":"max-image-preview:large","max-video-preview":"max-video-preview:-1"},"canonical":"https:\/\/www.magnum.com.br\/?page_id=1908","og_locale":"pt_BR","og_type":"article","og_title":"HOR\u00c1RIOS DE AULA - Col\u00e9gio Magnum","og_description":"[vc_row][vc_column][vc_column_text css=&#8221;&#8221;]Col\u00e9gio Magnum Agostiniano Cidade Nova Ensino Fundamental Anos Finais Manh\u00e3: 6\u00b0 Ano 7\u00b0 Ano 8\u00b0 Ano 9\u00b0 Ano Ensino Fundamental Anos Finais Tarde: 6\u00b0 Ano 7\u00b0 Ano 8\u00b0 Ano 9\u00ba Ano Ensino M\u00e9dio: 1\u00aa S\u00e9rie 2\u00aa S\u00e9rie 3\u00aa S\u00e9rie _______________________________________________________________________________________________________________________________ Col\u00e9gio Magnum Agostiniano Lourdes Ensino Fundamental Anos Finais:\u00a0 6\u00b0 Ano 7\u00b0 Ano 8\u00b0 Ano [&hellip;]","og_url":"https:\/\/www.magnum.com.br\/?page_id=1908","og_site_name":"Col\u00e9gio Magnum","article_modified_time":"2026-02-09T20:52:17+00:00","twitter_card":"summary_large_image","twitter_misc":{"Est. tempo de leitura":"1 minuto"},"schema":{"@context":"https:\/\/schema.org","@graph":[{"@type":"WebPage","@id":"https:\/\/www.magnum.com.br\/?page_id=1908","url":"https:\/\/www.magnum.com.br\/?page_id=1908","name":"HOR\u00c1RIOS DE AULA - Col\u00e9gio Magnum","isPartOf":{"@id":"https:\/\/www.magnum.com.br\/#website"},"datePublished":"2023-02-02T18:37:21+00:00","dateModified":"2026-02-09T20:52:17+00:00","breadcrumb":{"@id":"https:\/\/www.magnum.com.br\/?page_id=1908#breadcrumb"},"inLanguage":"pt-BR","potentialAction":[{"@type":"ReadAction","target":["https:\/\/www.magnum.com.br\/?page_id=1908"]}]},{"@type":"BreadcrumbList","@id":"https:\/\/www.magnum.com.br\/?page_id=1908#breadcrumb","itemListElement":[{"@type":"ListItem","position":1,"name":"In\u00edcio","item":"https:\/\/www.magnum.com.br\/"},{"@type":"ListItem","position":2,"name":"HOR\u00c1RIOS DE AULA"}]},{"@type":"WebSite","@id":"https:\/\/www.magnum.com.br\/#website","url":"https:\/\/www.magnum.com.br\/","name":"Col\u00e9gio Magnum","description":"","potentialAction":[{"@type":"SearchAction","target":{"@type":"EntryPoint","urlTemplate":"https:\/\/www.magnum.com.br\/?s={search_term_string}"},"query-input":{"@type":"PropertyValueSpecification","valueRequired":true,"valueName":"search_term_string"}}],"inLanguage":"pt-BR"}]}},"_links":{"self":[{"href":"https:\/\/www.magnum.com.br\/index.php?rest_route=\/wp\/v2\/pages\/1908","targetHints":{"allow":["GET"]}}],"collection":[{"href":"https:\/\/www.magnum.com.br\/index.php?rest_route=\/wp\/v2\/pages"}],"about":[{"href":"https:\/\/www.magnum.com.br\/index.php?rest_route=\/wp\/v2\/types\/page"}],"author":[{"embeddable":true,"href":"https:\/\/www.magnum.com.br\/index.php?rest_route=\/wp\/v2\/users\/1"}],"replies":[{"embeddable":true,"href":"https:\/\/www.magnum.com.br\/index.php?rest_route=%2Fwp%2Fv2%2Fcomments&post=1908"}],"version-history":[{"count":40,"href":"https:\/\/www.magnum.com.br\/index.php?rest_route=\/wp\/v2\/pages\/1908\/revisions"}],"predecessor-version":[{"id":2701,"href":"https:\/\/www.magnum.com.br\/index.php?rest_route=\/wp\/v2\/pages\/1908\/revisions\/2701"}],"wp:attachment":[{"href":"https:\/\/www.magnum.com.br\/index.php?rest_route=%2Fwp%2Fv2%2Fmedia&parent=1908"}],"curies":[{"name":"wp","href":"https:\/\/api.w.org\/{rel}","templated":true}]}}