{"id":1881,"date":"2023-01-18T20:25:46","date_gmt":"2023-01-18T20:25:46","guid":{"rendered":"https:\/\/www.magnum.com.br\/?page_id=1881"},"modified":"2023-01-18T20:25:46","modified_gmt":"2023-01-18T20:25:46","slug":"politica-de-privacidade","status":"publish","type":"page","link":"https:\/\/www.magnum.com.br\/?page_id=1881","title":{"rendered":"POL\u00cdTICA DE PRIVACIDADE"},"content":{"rendered":"<div class=\"wpb-content-wrapper\"><p>[vc_row][vc_column][vc_column_text]<\/p>\n<section class=\"elementor-section elementor-top-section elementor-element elementor-element-3724370 elementor-section-boxed elementor-section-height-default elementor-section-height-default\" data-id=\"3724370\" data-element_type=\"section\">\n<div class=\"elementor-container elementor-column-gap-default\">\n<div class=\"elementor-row\">\n<div class=\"elementor-column elementor-col-100 elementor-top-column elementor-element elementor-element-ff3f77a\" data-id=\"ff3f77a\" data-element_type=\"column\">\n<div class=\"elementor-column-wrap elementor-element-populated\">\n<div class=\"elementor-widget-wrap\">\n<div class=\"elementor-element elementor-element-3972d3c elementor-widget elementor-widget-text-editor\" data-id=\"3972d3c\" data-element_type=\"widget\" data-widget_type=\"text-editor.default\">\n<div class=\"elementor-widget-container\">\n<div class=\"elementor-text-editor elementor-clearfix\">\n<p>A Pol\u00edtica de Privacidade da Inspira Rede de Educadores foi criada para demonstrar o compromisso da empresa com a seguran\u00e7a e a privacidade de informa\u00e7\u00f5es coletadas dos usu\u00e1rios de servi\u00e7os interativos aqui dispon\u00edveis. Levamos a s\u00e9rio a privacidade dos dados e queremos dar a maior transpar\u00eancia poss\u00edvel aos nossos usu\u00e1rios.<\/p>\n<p>&nbsp;<\/p>\n<p>Caso voc\u00ea forne\u00e7a alguma informa\u00e7\u00e3o, essa pol\u00edtica procura esclarecer como a Inspira Rede de Educadores coleta e trata suas informa\u00e7\u00f5es indivi-<br \/>\nduais. Recomenda-se a verifica\u00e7\u00e3o tempor\u00e1ria dessa pol\u00edtica, que est\u00e1 sujei- ta a altera\u00e7\u00f5es sem pr\u00e9vio aviso.<\/p>\n<p>&nbsp;<\/p>\n<p>Toda a tratativa de dados pessoais realizada pela Inspira Rede de Educadores segue as normas estabelecidas pela Lei Geral de Prote\u00e7\u00e3o de Dados (LGPD), no13709\/2018, garantindo a confidencialidade dos dados pessoais de todos os usu\u00e1rios do site da empresa.<\/p>\n<p>&nbsp;<\/p>\n<p>O uso do site da Inspira Rede de Educadores pressup\u00f5e a aceita\u00e7\u00e3o desta Pol\u00edtica de Privacidade.<\/p>\n<p>&nbsp;<\/p>\n<p><strong>Para quais finalidades utilizamos os dados pessoais coletados?<\/strong><\/p>\n<ul>\n<li>Seus dados pessoais s\u00e3o utilizados pela Inspira para finalidades diversas,<br \/>\ncomo:<\/li>\n<li>Proporcionar a melhor experi\u00eancia de ensino. Faremos sempre o poss\u00edvel para lhe atender de forma personalizada e melhorar sempre a presta\u00e7\u00e3o dos nossos servi\u00e7os;<\/li>\n<li>Realizar procedimentos de cobran\u00e7a com a utiliza\u00e7\u00e3o de suas informa\u00e7\u00f5es financeiras, conforme aplic\u00e1vel;<\/li>\n<li>Identificar e autenticar voc\u00ea, quando necess\u00e1rio, sempre visando a garantia da sua seguran\u00e7a e da comunidade escolar;<\/li>\n<li>Finalidades sociais, institucionais e educativas, como por exemplo eventos escolares e palestras, conforme aplic\u00e1vel;<\/li>\n<li>Para realiza\u00e7\u00e3o de publicidade, mediante a autoriza\u00e7\u00e3o pr\u00e9via do respons\u00e1vel legal;<\/li>\n<li>Em nossos sites e sistemas educacionais para identificar e autenticar sua conta de acesso, conforme aplic\u00e1vel;<\/li>\n<li>Para cumprimento de pol\u00edticas p\u00fablicas relacionadas \u00e0 melhoria da educa\u00e7\u00e3o, conforme aplic\u00e1vel;<\/li>\n<li>Os dados de sa\u00fade, quando coletados e se aplic\u00e1vel, ser\u00e3o utilizados somente em casos espec\u00edficos e para prote\u00e7\u00e3o da vida.<\/li>\n<\/ul>\n<p>&nbsp;<\/p>\n<p><strong>Como a Inspira coleta esses dados pessoais?<\/strong><\/p>\n<ul>\n<li>Geralmente, os pr\u00f3prios titulares fornecem os dados pessoais utilizados pela Inspira;<\/li>\n<li>Os usu\u00e1rios ser\u00e3o avisados de quais informa\u00e7\u00f5es suas estar\u00e3o sendo coletadas antes do instante dessa coleta, ficando a op\u00e7\u00e3o de escolha<br \/>\npara fornecimento ou n\u00e3o dessas informa\u00e7\u00f5es sob responsabilidade do usu\u00e1rio, o qual tamb\u00e9m ter\u00e1 ci\u00eancia das consequ\u00eancias de sua decis\u00e3o;<\/li>\n<li>A informa\u00e7\u00e3o pessoal recolhida pode incluir o seu nome, e-mail, n\u00famero de telefone e\/ou celular, endere\u00e7o, data de nascimento e\/ou outros por meio de plataformas digitais como o Google Analytics, caso previamente aceito pelo usu\u00e1rio na plataforma;<\/li>\n<li>Para fins administrativos, eventualmente a empresa poder\u00e1 utilizar \u201ccookies\u201d(*), sendo que o usu\u00e1rio pode, a qualquer instante, ativar em seu navegador mecanismos para inform\u00e1-lo quando os mesmos stiverem acionados ou para evitar que sejam acionados;<\/li>\n<li>Este website cont\u00e9m links ou frames de outros sites, que podem ou n\u00e3o ser parceiros da empresa e aliados. Esses links e frames s\u00e3o<br \/>\ndisponibilizados buscando, t\u00e3o somente, proporcionar mais um benef\u00edcio para os usu\u00e1rios. Vale ressaltar que a inclus\u00e3o desses links<br \/>\ne frames n\u00e3o significa que a Inspira tenha conhecimento, concorde ou seja respons\u00e1vel por eles ou por seus respectivos conte\u00fados.<br \/>\nPortanto, a Inspira n\u00e3o pode ser responsabilizada por eventuais perdas ou danos sofridos em raz\u00e3o de utiliza\u00e7\u00e3o dos referidos links<br \/>\nou frames;<\/li>\n<\/ul>\n<p>&nbsp;<\/p>\n<p>\u2013 Lembramos que n\u00e3o nos responsabilizamos pela privacidade e atualiza\u00e7\u00e3o das informa\u00e7\u00f5es fornecidas por voc\u00ea. Por isso, tenha aten\u00e7\u00e3o ao nos enviar qualquer dado pessoal ou documento.<\/p>\n<p>&nbsp;<\/p>\n<p><strong>Quem possui acesso aos dados coletados e tratados pela Inspira?<\/strong><\/p>\n<ul>\n<li>Na maior parte dos casos, os dados pessoais fornecidos pelos usu\u00e1rios \u00e0 Inspira ser\u00e3o utilizados internamente pelos colaboradores da empresa e<br \/>\nescolas que fazem parte da rede para a presta\u00e7\u00e3o de servi\u00e7os educacionais e para fins institucionais.<\/li>\n<li>Contudo, em algumas situa\u00e7\u00f5es, \u00e9 poss\u00edvel que a Inspira precise compartilhar seus dados com terceiros, incluindo, mas n\u00e3o se limitando a fornecedores que prestem servi\u00e7os essenciais \u00e0 empresa, como:<\/li>\n<li>Empresas e parceiros contratados para executar atividades relacionadas \u00e0 presta\u00e7\u00e3o de nossos servi\u00e7os educacionais, incluindo ferramentas tecnol\u00f3gicas e softwares;<\/li>\n<li>Autoridades governamentais;<\/li>\n<li>Consultores (investidores, contadores, auditores e advogados).<\/li>\n<\/ul>\n<p>&nbsp;<\/p>\n<p><strong>Por quanto tempo armazenamos esses dados pessoais?<\/strong><\/p>\n<p>Por for\u00e7a legal, inclusive quando se tratar de exclus\u00e3o, temos que manter os dados pessoais fornecidos por voc\u00ea pelo prazo estabelecido pela Legisla\u00e7\u00e3o Federal, Estadual ou Municipal ou legisla\u00e7\u00f5es espec\u00edficas da \u00e1rea da Educa\u00e7\u00e3o. Por isso, os seus dados pessoais s\u00e3o armazenados pelo per\u00edodo necess\u00e1rio ou quando, por motivos legais, somos obrigados.<\/p>\n<p>&nbsp;<\/p>\n<p>O per\u00edodo de armazenamento ser\u00e1 vari\u00e1vel, como no cumprimento de uma obriga\u00e7\u00e3o legal, atender alguma solicita\u00e7\u00e3o feita por voc\u00ea ou at\u00e9 mesmo nosso interesse leg\u00edtimo enquanto empresa do setor educacional.<\/p>\n<p>&nbsp;<\/p>\n<p><strong>Quais s\u00e3o os direitos previstos ao titular dos dados pessoais?<\/strong><\/p>\n<ul>\n<li>O titular de dados pessoais tratados pela Inspira Rede de Educadores ou por qualquer pessoa f\u00edsica ou jur\u00eddica possui os seguintes direitos:<br \/>\nInforma\u00e7\u00e3o: direito de obter informa\u00e7\u00f5es claras sobre o tratamento de seus dados;<\/li>\n<li>Confirma\u00e7\u00e3o e acesso aos dados: direito de confirma\u00e7\u00e3o da exist\u00eancia de tratamento e, por consequ\u00eancia, o de acessar todos os dados pessoais de sua titularidade que est\u00e3o sendo coletados e tratados;<\/li>\n<li>Retifica\u00e7\u00e3o: direito de corrigir dados incompletos, inexatos ou desatualizados;<\/li>\n<li>Anonimiza\u00e7\u00e3o, bloqueio ou elimina\u00e7\u00e3o: direito de requerer que seus dados sejam anonimizados, bloqueados ou exclu\u00eddos caso tratados em desconformidade com a LGPD;<\/li>\n<li>Portabilidade: direito de receber todos os seus dados pessoais fornecidos;<\/li>\n<li>Revoga\u00e7\u00e3o do consentimento e elimina\u00e7\u00e3o: direito de revogar o consentimento ou se o consentimento do Usu\u00e1rio for retirado;<\/li>\n<li>Revoga\u00e7\u00e3o do consentimento e elimina\u00e7\u00e3o: direito de revogar o consentimento ou se o consentimento do Usu\u00e1rio for retirado;<\/li>\n<\/ul>\n<p>&nbsp;<\/p>\n<p>Em caso de d\u00favidas em rela\u00e7\u00e3o a esta Pol\u00edtica, voc\u00ea pode solicitar informa\u00e7\u00f5es atrav\u00e9s do e-mail: privacidade@redeinspiraeducadores.com.br<\/p>\n<p>&nbsp;<\/p>\n<p><em>(*) Cookie: pequeno arquivo colocado em seu computador para rastrear movimentos dentro dos websites.<\/em><\/p>\n<p>\u2013 A qualquer momento \u00e9 poss\u00edvel solicitar a exclus\u00e3o dos dados pessoais.<\/p>\n<\/div>\n<\/div>\n<\/div>\n<\/div>\n<\/div>\n<\/div>\n<\/div>\n<\/div>\n<\/section>\n<p>[\/vc_column_text][\/vc_column][\/vc_row]<\/p>\n<\/div>","protected":false},"excerpt":{"rendered":"<p>[vc_row][vc_column][vc_column_text] A Pol\u00edtica de Privacidade da Inspira Rede de Educadores foi criada para demonstrar o compromisso da empresa com a seguran\u00e7a e a privacidade de informa\u00e7\u00f5es coletadas dos usu\u00e1rios de servi\u00e7os interativos aqui dispon\u00edveis. Levamos a s\u00e9rio a privacidade dos dados e queremos dar a maior transpar\u00eancia poss\u00edvel aos nossos usu\u00e1rios. &nbsp; Caso voc\u00ea forne\u00e7a [&hellip;]<\/p>\n","protected":false},"author":1,"featured_media":0,"parent":0,"menu_order":0,"comment_status":"closed","ping_status":"closed","template":"","meta":{"footnotes":""},"class_list":["post-1881","page","type-page","status-publish","hentry"],"yoast_head":"<!-- This site is optimized with the Yoast SEO plugin v26.2 - https:\/\/yoast.com\/wordpress\/plugins\/seo\/ -->\n<title>POL\u00cdTICA DE PRIVACIDADE - Col\u00e9gio Magnum<\/title>\n<meta name=\"robots\" content=\"index, follow, max-snippet:-1, max-image-preview:large, max-video-preview:-1\" \/>\n<link rel=\"canonical\" href=\"https:\/\/www.magnum.com.br\/?page_id=1881\" \/>\n<meta property=\"og:locale\" content=\"pt_BR\" \/>\n<meta property=\"og:type\" content=\"article\" \/>\n<meta property=\"og:title\" content=\"POL\u00cdTICA DE PRIVACIDADE - Col\u00e9gio Magnum\" \/>\n<meta property=\"og:description\" content=\"[vc_row][vc_column][vc_column_text] A Pol\u00edtica de Privacidade da Inspira Rede de Educadores foi criada para demonstrar o compromisso da empresa com a seguran\u00e7a e a privacidade de informa\u00e7\u00f5es coletadas dos usu\u00e1rios de servi\u00e7os interativos aqui dispon\u00edveis. Levamos a s\u00e9rio a privacidade dos dados e queremos dar a maior transpar\u00eancia poss\u00edvel aos nossos usu\u00e1rios. &nbsp; Caso voc\u00ea forne\u00e7a [&hellip;]\" \/>\n<meta property=\"og:url\" content=\"https:\/\/www.magnum.com.br\/?page_id=1881\" \/>\n<meta property=\"og:site_name\" content=\"Col\u00e9gio Magnum\" \/>\n<meta name=\"twitter:card\" content=\"summary_large_image\" \/>\n<meta name=\"twitter:label1\" content=\"Est. tempo de leitura\" \/>\n\t<meta name=\"twitter:data1\" content=\"6 minutos\" \/>\n<script type=\"application\/ld+json\" class=\"yoast-schema-graph\">{\"@context\":\"https:\/\/schema.org\",\"@graph\":[{\"@type\":\"WebPage\",\"@id\":\"https:\/\/www.magnum.com.br\/?page_id=1881\",\"url\":\"https:\/\/www.magnum.com.br\/?page_id=1881\",\"name\":\"POL\u00cdTICA DE PRIVACIDADE - Col\u00e9gio Magnum\",\"isPartOf\":{\"@id\":\"https:\/\/www.magnum.com.br\/#website\"},\"datePublished\":\"2023-01-18T20:25:46+00:00\",\"breadcrumb\":{\"@id\":\"https:\/\/www.magnum.com.br\/?page_id=1881#breadcrumb\"},\"inLanguage\":\"pt-BR\",\"potentialAction\":[{\"@type\":\"ReadAction\",\"target\":[\"https:\/\/www.magnum.com.br\/?page_id=1881\"]}]},{\"@type\":\"BreadcrumbList\",\"@id\":\"https:\/\/www.magnum.com.br\/?page_id=1881#breadcrumb\",\"itemListElement\":[{\"@type\":\"ListItem\",\"position\":1,\"name\":\"In\u00edcio\",\"item\":\"https:\/\/www.magnum.com.br\/\"},{\"@type\":\"ListItem\",\"position\":2,\"name\":\"POL\u00cdTICA DE PRIVACIDADE\"}]},{\"@type\":\"WebSite\",\"@id\":\"https:\/\/www.magnum.com.br\/#website\",\"url\":\"https:\/\/www.magnum.com.br\/\",\"name\":\"Col\u00e9gio Magnum\",\"description\":\"\",\"potentialAction\":[{\"@type\":\"SearchAction\",\"target\":{\"@type\":\"EntryPoint\",\"urlTemplate\":\"https:\/\/www.magnum.com.br\/?s={search_term_string}\"},\"query-input\":{\"@type\":\"PropertyValueSpecification\",\"valueRequired\":true,\"valueName\":\"search_term_string\"}}],\"inLanguage\":\"pt-BR\"}]}<\/script>\n<!-- \/ Yoast SEO plugin. -->","yoast_head_json":{"title":"POL\u00cdTICA DE PRIVACIDADE - Col\u00e9gio Magnum","robots":{"index":"index","follow":"follow","max-snippet":"max-snippet:-1","max-image-preview":"max-image-preview:large","max-video-preview":"max-video-preview:-1"},"canonical":"https:\/\/www.magnum.com.br\/?page_id=1881","og_locale":"pt_BR","og_type":"article","og_title":"POL\u00cdTICA DE PRIVACIDADE - Col\u00e9gio Magnum","og_description":"[vc_row][vc_column][vc_column_text] A Pol\u00edtica de Privacidade da Inspira Rede de Educadores foi criada para demonstrar o compromisso da empresa com a seguran\u00e7a e a privacidade de informa\u00e7\u00f5es coletadas dos usu\u00e1rios de servi\u00e7os interativos aqui dispon\u00edveis. Levamos a s\u00e9rio a privacidade dos dados e queremos dar a maior transpar\u00eancia poss\u00edvel aos nossos usu\u00e1rios. &nbsp; Caso voc\u00ea forne\u00e7a [&hellip;]","og_url":"https:\/\/www.magnum.com.br\/?page_id=1881","og_site_name":"Col\u00e9gio Magnum","twitter_card":"summary_large_image","twitter_misc":{"Est. tempo de leitura":"6 minutos"},"schema":{"@context":"https:\/\/schema.org","@graph":[{"@type":"WebPage","@id":"https:\/\/www.magnum.com.br\/?page_id=1881","url":"https:\/\/www.magnum.com.br\/?page_id=1881","name":"POL\u00cdTICA DE PRIVACIDADE - Col\u00e9gio Magnum","isPartOf":{"@id":"https:\/\/www.magnum.com.br\/#website"},"datePublished":"2023-01-18T20:25:46+00:00","breadcrumb":{"@id":"https:\/\/www.magnum.com.br\/?page_id=1881#breadcrumb"},"inLanguage":"pt-BR","potentialAction":[{"@type":"ReadAction","target":["https:\/\/www.magnum.com.br\/?page_id=1881"]}]},{"@type":"BreadcrumbList","@id":"https:\/\/www.magnum.com.br\/?page_id=1881#breadcrumb","itemListElement":[{"@type":"ListItem","position":1,"name":"In\u00edcio","item":"https:\/\/www.magnum.com.br\/"},{"@type":"ListItem","position":2,"name":"POL\u00cdTICA DE PRIVACIDADE"}]},{"@type":"WebSite","@id":"https:\/\/www.magnum.com.br\/#website","url":"https:\/\/www.magnum.com.br\/","name":"Col\u00e9gio Magnum","description":"","potentialAction":[{"@type":"SearchAction","target":{"@type":"EntryPoint","urlTemplate":"https:\/\/www.magnum.com.br\/?s={search_term_string}"},"query-input":{"@type":"PropertyValueSpecification","valueRequired":true,"valueName":"search_term_string"}}],"inLanguage":"pt-BR"}]}},"_links":{"self":[{"href":"https:\/\/www.magnum.com.br\/index.php?rest_route=\/wp\/v2\/pages\/1881","targetHints":{"allow":["GET"]}}],"collection":[{"href":"https:\/\/www.magnum.com.br\/index.php?rest_route=\/wp\/v2\/pages"}],"about":[{"href":"https:\/\/www.magnum.com.br\/index.php?rest_route=\/wp\/v2\/types\/page"}],"author":[{"embeddable":true,"href":"https:\/\/www.magnum.com.br\/index.php?rest_route=\/wp\/v2\/users\/1"}],"replies":[{"embeddable":true,"href":"https:\/\/www.magnum.com.br\/index.php?rest_route=%2Fwp%2Fv2%2Fcomments&post=1881"}],"version-history":[{"count":1,"href":"https:\/\/www.magnum.com.br\/index.php?rest_route=\/wp\/v2\/pages\/1881\/revisions"}],"predecessor-version":[{"id":1882,"href":"https:\/\/www.magnum.com.br\/index.php?rest_route=\/wp\/v2\/pages\/1881\/revisions\/1882"}],"wp:attachment":[{"href":"https:\/\/www.magnum.com.br\/index.php?rest_route=%2Fwp%2Fv2%2Fmedia&parent=1881"}],"curies":[{"name":"wp","href":"https:\/\/api.w.org\/{rel}","templated":true}]}}