{"id":1686,"date":"2022-08-01T13:42:20","date_gmt":"2022-08-01T13:42:20","guid":{"rendered":"http:\/\/www.magnum.com.br\/?page_id=1686"},"modified":"2025-01-28T19:05:19","modified_gmt":"2025-01-28T19:05:19","slug":"ensino-fundamental-anos-finais","status":"publish","type":"page","link":"https:\/\/www.magnum.com.br\/?page_id=1686","title":{"rendered":"ENSINO FUNDAMENTAL ANOS FINAIS"},"content":{"rendered":"<div class=\"wpb-content-wrapper\"><p>[vc_row][vc_column][vc_column_text]No Ensino Fundamental Anos Finais h\u00e1 o objetivo de estimular o protagonismo do aluno por meio de metodologias ativas que promovem a autonomia de pensamento. S\u00e3o desenvolvidos projetos que trabalham objetos de conhecimento das disciplinas curriculares e tamb\u00e9m habilidades socioemocionais, o que facilita o processo de forma\u00e7\u00e3o integral do aluno.<\/p>\n<p>&nbsp;<\/p>\n<p>Nesse per\u00edodo, \u00e9 importante retomar e ressignificar as aprendizagens dos Anos Iniciais, no contexto dos Componentes Curriculares, visando a superar as rupturas que ocorrem durante esta etapa e ampliar os conhecimentos dos estudantes. Como suporte de acompanhamento do desenvolvimento acad\u00eamico nesse per\u00edodo, o \u2018Programa Magnum Supera\u00e7\u00e3o\u2019, em formato de oficinas, prop\u00f5e aos alunos reflex\u00f5es sobre temas relevantes relacionados \u00e0 rotina di\u00e1ria de estudos, realiza\u00e7\u00e3o de provas com qualidade, como cultivar a motiva\u00e7\u00e3o, dentre outros que contribuem para a supera\u00e7\u00e3o dos desafios da vida estudantil.<\/p>\n<p>&nbsp;<\/p>\n<p>Al\u00e9m disso, o plant\u00e3o psicol\u00f3gico \u00e9 outra estrat\u00e9gia, de car\u00e1ter afetivo e pedag\u00f3gico, que reflete no desenvolvimento pessoal e acad\u00eamico do estudante, voltado, especialmente, para os alunos a partir do 6\u00ba Ano do Ensino Fundamental. A finalidade desse servi\u00e7o de acolhimento \u00e9 a promo\u00e7\u00e3o da sa\u00fade mental dos alunos, contribuindo para o desenvolvimento psicossocial e emocional dos atendidos.[\/vc_column_text][vc_btn title=&#8221;Quer receber um contato da escola?&#8221; style=&#8221;custom&#8221; custom_background=&#8221;#004d9d&#8221; custom_text=&#8221;#ffffff&#8221; size=&#8221;lg&#8221; link=&#8221;url:http%3A%2F%2Fwww.magnum.com.br%2F%3Fpage_id%3D841&#8243;][\/vc_column][\/vc_row]<\/p>\n<\/div>","protected":false},"excerpt":{"rendered":"<p>[vc_row][vc_column][vc_column_text]No Ensino Fundamental Anos Finais h\u00e1 o objetivo de estimular o protagonismo do aluno por meio de metodologias ativas que promovem a autonomia de pensamento. S\u00e3o desenvolvidos projetos que trabalham objetos de conhecimento das disciplinas curriculares e tamb\u00e9m habilidades socioemocionais, o que facilita o processo de forma\u00e7\u00e3o integral do aluno. &nbsp; Nesse per\u00edodo, \u00e9 importante [&hellip;]<\/p>\n","protected":false},"author":1,"featured_media":0,"parent":0,"menu_order":0,"comment_status":"closed","ping_status":"closed","template":"","meta":{"footnotes":""},"class_list":["post-1686","page","type-page","status-publish","hentry"],"yoast_head":"<!-- This site is optimized with the Yoast SEO plugin v26.2 - https:\/\/yoast.com\/wordpress\/plugins\/seo\/ -->\n<title>ENSINO FUNDAMENTAL ANOS FINAIS - Col\u00e9gio Magnum<\/title>\n<meta name=\"robots\" content=\"index, follow, max-snippet:-1, max-image-preview:large, max-video-preview:-1\" \/>\n<link rel=\"canonical\" href=\"https:\/\/www.magnum.com.br\/?page_id=1686\" \/>\n<meta property=\"og:locale\" content=\"pt_BR\" \/>\n<meta property=\"og:type\" content=\"article\" \/>\n<meta property=\"og:title\" content=\"ENSINO FUNDAMENTAL ANOS FINAIS - Col\u00e9gio Magnum\" \/>\n<meta property=\"og:description\" content=\"[vc_row][vc_column][vc_column_text]No Ensino Fundamental Anos Finais h\u00e1 o objetivo de estimular o protagonismo do aluno por meio de metodologias ativas que promovem a autonomia de pensamento. S\u00e3o desenvolvidos projetos que trabalham objetos de conhecimento das disciplinas curriculares e tamb\u00e9m habilidades socioemocionais, o que facilita o processo de forma\u00e7\u00e3o integral do aluno. &nbsp; Nesse per\u00edodo, \u00e9 importante [&hellip;]\" \/>\n<meta property=\"og:url\" content=\"https:\/\/www.magnum.com.br\/?page_id=1686\" \/>\n<meta property=\"og:site_name\" content=\"Col\u00e9gio Magnum\" \/>\n<meta property=\"article:modified_time\" content=\"2025-01-28T19:05:19+00:00\" \/>\n<meta name=\"twitter:card\" content=\"summary_large_image\" \/>\n<meta name=\"twitter:label1\" content=\"Est. tempo de leitura\" \/>\n\t<meta name=\"twitter:data1\" content=\"2 minutos\" \/>\n<script type=\"application\/ld+json\" class=\"yoast-schema-graph\">{\"@context\":\"https:\/\/schema.org\",\"@graph\":[{\"@type\":\"WebPage\",\"@id\":\"https:\/\/www.magnum.com.br\/?page_id=1686\",\"url\":\"https:\/\/www.magnum.com.br\/?page_id=1686\",\"name\":\"ENSINO FUNDAMENTAL ANOS FINAIS - Col\u00e9gio Magnum\",\"isPartOf\":{\"@id\":\"https:\/\/www.magnum.com.br\/#website\"},\"datePublished\":\"2022-08-01T13:42:20+00:00\",\"dateModified\":\"2025-01-28T19:05:19+00:00\",\"breadcrumb\":{\"@id\":\"https:\/\/www.magnum.com.br\/?page_id=1686#breadcrumb\"},\"inLanguage\":\"pt-BR\",\"potentialAction\":[{\"@type\":\"ReadAction\",\"target\":[\"https:\/\/www.magnum.com.br\/?page_id=1686\"]}]},{\"@type\":\"BreadcrumbList\",\"@id\":\"https:\/\/www.magnum.com.br\/?page_id=1686#breadcrumb\",\"itemListElement\":[{\"@type\":\"ListItem\",\"position\":1,\"name\":\"In\u00edcio\",\"item\":\"https:\/\/www.magnum.com.br\/\"},{\"@type\":\"ListItem\",\"position\":2,\"name\":\"ENSINO FUNDAMENTAL ANOS FINAIS\"}]},{\"@type\":\"WebSite\",\"@id\":\"https:\/\/www.magnum.com.br\/#website\",\"url\":\"https:\/\/www.magnum.com.br\/\",\"name\":\"Col\u00e9gio Magnum\",\"description\":\"\",\"potentialAction\":[{\"@type\":\"SearchAction\",\"target\":{\"@type\":\"EntryPoint\",\"urlTemplate\":\"https:\/\/www.magnum.com.br\/?s={search_term_string}\"},\"query-input\":{\"@type\":\"PropertyValueSpecification\",\"valueRequired\":true,\"valueName\":\"search_term_string\"}}],\"inLanguage\":\"pt-BR\"}]}<\/script>\n<!-- \/ Yoast SEO plugin. -->","yoast_head_json":{"title":"ENSINO FUNDAMENTAL ANOS FINAIS - Col\u00e9gio Magnum","robots":{"index":"index","follow":"follow","max-snippet":"max-snippet:-1","max-image-preview":"max-image-preview:large","max-video-preview":"max-video-preview:-1"},"canonical":"https:\/\/www.magnum.com.br\/?page_id=1686","og_locale":"pt_BR","og_type":"article","og_title":"ENSINO FUNDAMENTAL ANOS FINAIS - Col\u00e9gio Magnum","og_description":"[vc_row][vc_column][vc_column_text]No Ensino Fundamental Anos Finais h\u00e1 o objetivo de estimular o protagonismo do aluno por meio de metodologias ativas que promovem a autonomia de pensamento. S\u00e3o desenvolvidos projetos que trabalham objetos de conhecimento das disciplinas curriculares e tamb\u00e9m habilidades socioemocionais, o que facilita o processo de forma\u00e7\u00e3o integral do aluno. &nbsp; Nesse per\u00edodo, \u00e9 importante [&hellip;]","og_url":"https:\/\/www.magnum.com.br\/?page_id=1686","og_site_name":"Col\u00e9gio Magnum","article_modified_time":"2025-01-28T19:05:19+00:00","twitter_card":"summary_large_image","twitter_misc":{"Est. tempo de leitura":"2 minutos"},"schema":{"@context":"https:\/\/schema.org","@graph":[{"@type":"WebPage","@id":"https:\/\/www.magnum.com.br\/?page_id=1686","url":"https:\/\/www.magnum.com.br\/?page_id=1686","name":"ENSINO FUNDAMENTAL ANOS FINAIS - Col\u00e9gio Magnum","isPartOf":{"@id":"https:\/\/www.magnum.com.br\/#website"},"datePublished":"2022-08-01T13:42:20+00:00","dateModified":"2025-01-28T19:05:19+00:00","breadcrumb":{"@id":"https:\/\/www.magnum.com.br\/?page_id=1686#breadcrumb"},"inLanguage":"pt-BR","potentialAction":[{"@type":"ReadAction","target":["https:\/\/www.magnum.com.br\/?page_id=1686"]}]},{"@type":"BreadcrumbList","@id":"https:\/\/www.magnum.com.br\/?page_id=1686#breadcrumb","itemListElement":[{"@type":"ListItem","position":1,"name":"In\u00edcio","item":"https:\/\/www.magnum.com.br\/"},{"@type":"ListItem","position":2,"name":"ENSINO FUNDAMENTAL ANOS FINAIS"}]},{"@type":"WebSite","@id":"https:\/\/www.magnum.com.br\/#website","url":"https:\/\/www.magnum.com.br\/","name":"Col\u00e9gio Magnum","description":"","potentialAction":[{"@type":"SearchAction","target":{"@type":"EntryPoint","urlTemplate":"https:\/\/www.magnum.com.br\/?s={search_term_string}"},"query-input":{"@type":"PropertyValueSpecification","valueRequired":true,"valueName":"search_term_string"}}],"inLanguage":"pt-BR"}]}},"_links":{"self":[{"href":"https:\/\/www.magnum.com.br\/index.php?rest_route=\/wp\/v2\/pages\/1686","targetHints":{"allow":["GET"]}}],"collection":[{"href":"https:\/\/www.magnum.com.br\/index.php?rest_route=\/wp\/v2\/pages"}],"about":[{"href":"https:\/\/www.magnum.com.br\/index.php?rest_route=\/wp\/v2\/types\/page"}],"author":[{"embeddable":true,"href":"https:\/\/www.magnum.com.br\/index.php?rest_route=\/wp\/v2\/users\/1"}],"replies":[{"embeddable":true,"href":"https:\/\/www.magnum.com.br\/index.php?rest_route=%2Fwp%2Fv2%2Fcomments&post=1686"}],"version-history":[{"count":2,"href":"https:\/\/www.magnum.com.br\/index.php?rest_route=\/wp\/v2\/pages\/1686\/revisions"}],"predecessor-version":[{"id":2428,"href":"https:\/\/www.magnum.com.br\/index.php?rest_route=\/wp\/v2\/pages\/1686\/revisions\/2428"}],"wp:attachment":[{"href":"https:\/\/www.magnum.com.br\/index.php?rest_route=%2Fwp%2Fv2%2Fmedia&parent=1686"}],"curies":[{"name":"wp","href":"https:\/\/api.w.org\/{rel}","templated":true}]}}