{"id":1675,"date":"2022-08-01T13:26:22","date_gmt":"2022-08-01T13:26:22","guid":{"rendered":"http:\/\/www.magnum.com.br\/?page_id=1675"},"modified":"2025-01-28T19:03:15","modified_gmt":"2025-01-28T19:03:15","slug":"proposta-pedagogica-2-2","status":"publish","type":"page","link":"https:\/\/www.magnum.com.br\/?page_id=1675","title":{"rendered":"PROPOSTA PEDAG\u00d3GICA"},"content":{"rendered":"<div class=\"wpb-content-wrapper\"><p>[vc_row][vc_column][vc_column_text]<\/p>\n<h3><\/h3>\n<h3>Pedag\u00f3gico<\/h3>\n<p>&nbsp;<\/p>\n<p>Valorizamos, al\u00e9m da aquisi\u00e7\u00e3o de habilidades cognitivas \u2013 relativas ao processo mental de percep\u00e7\u00e3o, mem\u00f3ria, ju\u00edzo e\/ou racioc\u00ednio \u2013 o aprimoramento, nos estudantes, das compet\u00eancias e habilidades socioemocionais que ajudar\u00e3o em toda a sua trajet\u00f3ria, como a compaix\u00e3o, a gentileza, a proatividade e a resili\u00eancia, essenciais para aprender, compreender, pensar, lembrar, construir rela\u00e7\u00f5es, desenvolver a autonomia, para superar desafios. Essas habilidades s\u00e3o desenvolvidas de forma intencional tanto ao longo do aprendizado acad\u00eamico quanto durante atividades extracurriculares que envolvem as artes, os esportes, o empreendedorismo e a espiritualidade crist\u00e3. Para vivenciarem um caminhar tranquilo e seguro, alunos e alunas contam com o apoio indispens\u00e1vel de uma equipe de educadores em constante atualiza\u00e7\u00e3o, munidos de qualificados instrumentos de trabalho, tecnologia de ponta e iniciativas pedag\u00f3gicas que exigem comprometimento e disciplina. Al\u00e9m disso, o Col\u00e9gio Magnum valoriza a parceria fundamental entre fam\u00edlia e escola, desde os primeiros anos da vida escolar, viabilizando o acompanhamento individual do aluno no que se refere ao aproveitamento escolar e seu desenvolvimento pessoal. Assim, h\u00e1 um permanente di\u00e1logo entre educadores, estudantes e familiares, bem como a efetiva\u00e7\u00e3o de uma educa\u00e7\u00e3o completa, que \u00e9 passada de gera\u00e7\u00e3o em gera\u00e7\u00e3o.<\/p>\n<p>&nbsp;<\/p>\n<p>&nbsp;<\/p>\n<h3>ESCOLA E FAM\u00cdLIA: PARCERIA DE SUCESSO<\/h3>\n<p>&nbsp;<\/p>\n<p>Aqui, cada aluno \u00e9 acompanhado individualmente no que se refere ao aproveitamento escolar e ao seu desenvolvimento como pessoa. Assim, h\u00e1 um permanente di\u00e1logo entre os educadores, os alunos e as fam\u00edlias.<\/p>\n<p>Para o Col\u00e9gio Magnum, \u00e9 de fundamental import\u00e2ncia a parceria e a cumplicidade estabelecida com os pais, pois \u00e9 exatamente esse encontro que norteia a qualidade e a efici\u00eancia do nosso trabalho pedag\u00f3gico.<\/p>\n<p>&nbsp;<\/p>\n<p>&nbsp;<\/p>\n<h3>NOSSOS ALUNOS: PROTAGONISTAS DO PR\u00d3PRIO SABER<\/h3>\n<p>&nbsp;<\/p>\n<p>O papel do aluno \u00e9 participar de um esfor\u00e7o coletivo para elaborar projetos. \u00c9 expor suas d\u00favidas, explicitar racioc\u00ednios, conscientizar-se de suas responsabilidades, percebendo sempre a necessidade de encarar desafios e superar fronteiras. \u00c9 de enorme import\u00e2ncia o valor da autoria por eles desenvolvida na constru\u00e7\u00e3o do seu saber.[\/vc_column_text][vc_btn title=&#8221;Quer mais informa\u00e7\u00f5es? Preencha esse r\u00e1pido formul\u00e1rio que entraremos em contato!&#8221; style=&#8221;custom&#8221; custom_background=&#8221;#004d9d&#8221; custom_text=&#8221;#ffffff&#8221; size=&#8221;lg&#8221; link=&#8221;url:http%3A%2F%2Fwww.magnum.com.br%2F%3Fpage_id%3D841&#8243;][\/vc_column][\/vc_row]<\/p>\n<\/div>","protected":false},"excerpt":{"rendered":"<p>[vc_row][vc_column][vc_column_text] Pedag\u00f3gico &nbsp; Valorizamos, al\u00e9m da aquisi\u00e7\u00e3o de habilidades cognitivas \u2013 relativas ao processo mental de percep\u00e7\u00e3o, mem\u00f3ria, ju\u00edzo e\/ou racioc\u00ednio \u2013 o aprimoramento, nos estudantes, das compet\u00eancias e habilidades socioemocionais que ajudar\u00e3o em toda a sua trajet\u00f3ria, como a compaix\u00e3o, a gentileza, a proatividade e a resili\u00eancia, essenciais para aprender, compreender, pensar, lembrar, construir [&hellip;]<\/p>\n","protected":false},"author":1,"featured_media":0,"parent":0,"menu_order":0,"comment_status":"closed","ping_status":"closed","template":"","meta":{"footnotes":""},"class_list":["post-1675","page","type-page","status-publish","hentry"],"yoast_head":"<!-- This site is optimized with the Yoast SEO plugin v26.2 - https:\/\/yoast.com\/wordpress\/plugins\/seo\/ -->\n<title>PROPOSTA PEDAG\u00d3GICA - Col\u00e9gio Magnum<\/title>\n<meta name=\"robots\" content=\"index, follow, max-snippet:-1, max-image-preview:large, max-video-preview:-1\" \/>\n<link rel=\"canonical\" href=\"https:\/\/www.magnum.com.br\/?page_id=1675\" \/>\n<meta property=\"og:locale\" content=\"pt_BR\" \/>\n<meta property=\"og:type\" content=\"article\" \/>\n<meta property=\"og:title\" content=\"PROPOSTA PEDAG\u00d3GICA - Col\u00e9gio Magnum\" \/>\n<meta property=\"og:description\" content=\"[vc_row][vc_column][vc_column_text] Pedag\u00f3gico &nbsp; Valorizamos, al\u00e9m da aquisi\u00e7\u00e3o de habilidades cognitivas \u2013 relativas ao processo mental de percep\u00e7\u00e3o, mem\u00f3ria, ju\u00edzo e\/ou racioc\u00ednio \u2013 o aprimoramento, nos estudantes, das compet\u00eancias e habilidades socioemocionais que ajudar\u00e3o em toda a sua trajet\u00f3ria, como a compaix\u00e3o, a gentileza, a proatividade e a resili\u00eancia, essenciais para aprender, compreender, pensar, lembrar, construir [&hellip;]\" \/>\n<meta property=\"og:url\" content=\"https:\/\/www.magnum.com.br\/?page_id=1675\" \/>\n<meta property=\"og:site_name\" content=\"Col\u00e9gio Magnum\" \/>\n<meta property=\"article:modified_time\" content=\"2025-01-28T19:03:15+00:00\" \/>\n<meta name=\"twitter:card\" content=\"summary_large_image\" \/>\n<meta name=\"twitter:label1\" content=\"Est. tempo de leitura\" \/>\n\t<meta name=\"twitter:data1\" content=\"2 minutos\" \/>\n<script type=\"application\/ld+json\" class=\"yoast-schema-graph\">{\"@context\":\"https:\/\/schema.org\",\"@graph\":[{\"@type\":\"WebPage\",\"@id\":\"https:\/\/www.magnum.com.br\/?page_id=1675\",\"url\":\"https:\/\/www.magnum.com.br\/?page_id=1675\",\"name\":\"PROPOSTA PEDAG\u00d3GICA - Col\u00e9gio Magnum\",\"isPartOf\":{\"@id\":\"https:\/\/www.magnum.com.br\/#website\"},\"datePublished\":\"2022-08-01T13:26:22+00:00\",\"dateModified\":\"2025-01-28T19:03:15+00:00\",\"breadcrumb\":{\"@id\":\"https:\/\/www.magnum.com.br\/?page_id=1675#breadcrumb\"},\"inLanguage\":\"pt-BR\",\"potentialAction\":[{\"@type\":\"ReadAction\",\"target\":[\"https:\/\/www.magnum.com.br\/?page_id=1675\"]}]},{\"@type\":\"BreadcrumbList\",\"@id\":\"https:\/\/www.magnum.com.br\/?page_id=1675#breadcrumb\",\"itemListElement\":[{\"@type\":\"ListItem\",\"position\":1,\"name\":\"In\u00edcio\",\"item\":\"https:\/\/www.magnum.com.br\/\"},{\"@type\":\"ListItem\",\"position\":2,\"name\":\"PROPOSTA PEDAG\u00d3GICA\"}]},{\"@type\":\"WebSite\",\"@id\":\"https:\/\/www.magnum.com.br\/#website\",\"url\":\"https:\/\/www.magnum.com.br\/\",\"name\":\"Col\u00e9gio Magnum\",\"description\":\"\",\"potentialAction\":[{\"@type\":\"SearchAction\",\"target\":{\"@type\":\"EntryPoint\",\"urlTemplate\":\"https:\/\/www.magnum.com.br\/?s={search_term_string}\"},\"query-input\":{\"@type\":\"PropertyValueSpecification\",\"valueRequired\":true,\"valueName\":\"search_term_string\"}}],\"inLanguage\":\"pt-BR\"}]}<\/script>\n<!-- \/ Yoast SEO plugin. -->","yoast_head_json":{"title":"PROPOSTA PEDAG\u00d3GICA - Col\u00e9gio Magnum","robots":{"index":"index","follow":"follow","max-snippet":"max-snippet:-1","max-image-preview":"max-image-preview:large","max-video-preview":"max-video-preview:-1"},"canonical":"https:\/\/www.magnum.com.br\/?page_id=1675","og_locale":"pt_BR","og_type":"article","og_title":"PROPOSTA PEDAG\u00d3GICA - Col\u00e9gio Magnum","og_description":"[vc_row][vc_column][vc_column_text] Pedag\u00f3gico &nbsp; Valorizamos, al\u00e9m da aquisi\u00e7\u00e3o de habilidades cognitivas \u2013 relativas ao processo mental de percep\u00e7\u00e3o, mem\u00f3ria, ju\u00edzo e\/ou racioc\u00ednio \u2013 o aprimoramento, nos estudantes, das compet\u00eancias e habilidades socioemocionais que ajudar\u00e3o em toda a sua trajet\u00f3ria, como a compaix\u00e3o, a gentileza, a proatividade e a resili\u00eancia, essenciais para aprender, compreender, pensar, lembrar, construir [&hellip;]","og_url":"https:\/\/www.magnum.com.br\/?page_id=1675","og_site_name":"Col\u00e9gio Magnum","article_modified_time":"2025-01-28T19:03:15+00:00","twitter_card":"summary_large_image","twitter_misc":{"Est. tempo de leitura":"2 minutos"},"schema":{"@context":"https:\/\/schema.org","@graph":[{"@type":"WebPage","@id":"https:\/\/www.magnum.com.br\/?page_id=1675","url":"https:\/\/www.magnum.com.br\/?page_id=1675","name":"PROPOSTA PEDAG\u00d3GICA - Col\u00e9gio Magnum","isPartOf":{"@id":"https:\/\/www.magnum.com.br\/#website"},"datePublished":"2022-08-01T13:26:22+00:00","dateModified":"2025-01-28T19:03:15+00:00","breadcrumb":{"@id":"https:\/\/www.magnum.com.br\/?page_id=1675#breadcrumb"},"inLanguage":"pt-BR","potentialAction":[{"@type":"ReadAction","target":["https:\/\/www.magnum.com.br\/?page_id=1675"]}]},{"@type":"BreadcrumbList","@id":"https:\/\/www.magnum.com.br\/?page_id=1675#breadcrumb","itemListElement":[{"@type":"ListItem","position":1,"name":"In\u00edcio","item":"https:\/\/www.magnum.com.br\/"},{"@type":"ListItem","position":2,"name":"PROPOSTA PEDAG\u00d3GICA"}]},{"@type":"WebSite","@id":"https:\/\/www.magnum.com.br\/#website","url":"https:\/\/www.magnum.com.br\/","name":"Col\u00e9gio Magnum","description":"","potentialAction":[{"@type":"SearchAction","target":{"@type":"EntryPoint","urlTemplate":"https:\/\/www.magnum.com.br\/?s={search_term_string}"},"query-input":{"@type":"PropertyValueSpecification","valueRequired":true,"valueName":"search_term_string"}}],"inLanguage":"pt-BR"}]}},"_links":{"self":[{"href":"https:\/\/www.magnum.com.br\/index.php?rest_route=\/wp\/v2\/pages\/1675","targetHints":{"allow":["GET"]}}],"collection":[{"href":"https:\/\/www.magnum.com.br\/index.php?rest_route=\/wp\/v2\/pages"}],"about":[{"href":"https:\/\/www.magnum.com.br\/index.php?rest_route=\/wp\/v2\/types\/page"}],"author":[{"embeddable":true,"href":"https:\/\/www.magnum.com.br\/index.php?rest_route=\/wp\/v2\/users\/1"}],"replies":[{"embeddable":true,"href":"https:\/\/www.magnum.com.br\/index.php?rest_route=%2Fwp%2Fv2%2Fcomments&post=1675"}],"version-history":[{"count":7,"href":"https:\/\/www.magnum.com.br\/index.php?rest_route=\/wp\/v2\/pages\/1675\/revisions"}],"predecessor-version":[{"id":2421,"href":"https:\/\/www.magnum.com.br\/index.php?rest_route=\/wp\/v2\/pages\/1675\/revisions\/2421"}],"wp:attachment":[{"href":"https:\/\/www.magnum.com.br\/index.php?rest_route=%2Fwp%2Fv2%2Fmedia&parent=1675"}],"curies":[{"name":"wp","href":"https:\/\/api.w.org\/{rel}","templated":true}]}}