{"id":1588,"date":"2022-07-24T15:04:03","date_gmt":"2022-07-24T15:04:03","guid":{"rendered":"http:\/\/www.magnum.com.br\/?page_id=1588"},"modified":"2025-02-25T19:02:06","modified_gmt":"2025-02-25T19:02:06","slug":"conecta-magnum","status":"publish","type":"page","link":"https:\/\/www.magnum.com.br\/?page_id=1588","title":{"rendered":"AGENDA+"},"content":{"rendered":"<div class=\"wpb-content-wrapper\"><p>[vc_row][vc_column][vc_column_text]<\/p>\n<p dir=\"ltr\">Atrav\u00e9s do Agenda+, pais e alunos receber\u00e3o mensagens, circulares internas, cronogramas de provas, not\u00edcias, convites e informa\u00e7\u00f5es diversas, o que proporciona uma comunica\u00e7\u00e3o \u00e1gil e direta, com mais seguran\u00e7a e confiabilidade.<\/p>\n<p dir=\"ltr\"><strong>INSTRU\u00c7\u00d5ES:<\/strong><\/p>\n<ol>\n<li>Procure pelo aplicativo<strong>\u00a0Agenda +<\/strong>\u00a0nas lojas<em> iOS<\/em> ou <em>Android<\/em> e baixe-o;<\/li>\n<li>Login: Utilize o e-mail do respons\u00e1vel informado na matr\u00edcula;<\/li>\n<li>Utilize a senha\u00a0<strong>Magnum@2025<\/strong>\u00a0e troque a senha no primeiro acesso!<\/li>\n<\/ol>\n<div><strong>D\u00favidas ou dificuldades de acesso? Procure o plant\u00e3o de ajuda para acesso ao novo sistema:<\/strong><\/div>\n<div>\n<ul dir=\"ltr\">\n<li role=\"presentation\"><strong>Presencial:<\/strong> Na secretaria do col\u00e9gio.<\/li>\n<li role=\"presentation\"><strong>E-mail: <\/strong><a href=\"mailto:ti@magnum.com.br\" target=\"_blank\" rel=\"noopener\">secretaria@magnum.com.br<\/a><\/li>\n<\/ul>\n<\/div>\n<p>[\/vc_column_text][\/vc_column][\/vc_row]<\/p>\n<\/div>","protected":false},"excerpt":{"rendered":"<p>[vc_row][vc_column][vc_column_text] Atrav\u00e9s do Agenda+, pais e alunos receber\u00e3o mensagens, circulares internas, cronogramas de provas, not\u00edcias, convites e informa\u00e7\u00f5es diversas, o que proporciona uma comunica\u00e7\u00e3o \u00e1gil e direta, com mais seguran\u00e7a e confiabilidade. INSTRU\u00c7\u00d5ES: Procure pelo aplicativo\u00a0Agenda +\u00a0nas lojas iOS ou Android e baixe-o; Login: Utilize o e-mail do respons\u00e1vel informado na matr\u00edcula; Utilize a senha\u00a0Magnum@2025\u00a0e [&hellip;]<\/p>\n","protected":false},"author":1,"featured_media":0,"parent":0,"menu_order":0,"comment_status":"closed","ping_status":"closed","template":"","meta":{"footnotes":""},"class_list":["post-1588","page","type-page","status-publish","hentry"],"yoast_head":"<!-- This site is optimized with the Yoast SEO plugin v26.2 - https:\/\/yoast.com\/wordpress\/plugins\/seo\/ -->\n<title>AGENDA+ - Col\u00e9gio Magnum<\/title>\n<meta name=\"robots\" content=\"index, follow, max-snippet:-1, max-image-preview:large, max-video-preview:-1\" \/>\n<link rel=\"canonical\" href=\"https:\/\/www.magnum.com.br\/?page_id=1588\" \/>\n<meta property=\"og:locale\" content=\"pt_BR\" \/>\n<meta property=\"og:type\" content=\"article\" \/>\n<meta property=\"og:title\" content=\"AGENDA+ - Col\u00e9gio Magnum\" \/>\n<meta property=\"og:description\" content=\"[vc_row][vc_column][vc_column_text] Atrav\u00e9s do Agenda+, pais e alunos receber\u00e3o mensagens, circulares internas, cronogramas de provas, not\u00edcias, convites e informa\u00e7\u00f5es diversas, o que proporciona uma comunica\u00e7\u00e3o \u00e1gil e direta, com mais seguran\u00e7a e confiabilidade. INSTRU\u00c7\u00d5ES: Procure pelo aplicativo\u00a0Agenda +\u00a0nas lojas iOS ou Android e baixe-o; Login: Utilize o e-mail do respons\u00e1vel informado na matr\u00edcula; Utilize a senha\u00a0Magnum@2025\u00a0e [&hellip;]\" \/>\n<meta property=\"og:url\" content=\"https:\/\/www.magnum.com.br\/?page_id=1588\" \/>\n<meta property=\"og:site_name\" content=\"Col\u00e9gio Magnum\" \/>\n<meta property=\"article:modified_time\" content=\"2025-02-25T19:02:06+00:00\" \/>\n<meta name=\"twitter:card\" content=\"summary_large_image\" \/>\n<meta name=\"twitter:label1\" content=\"Est. tempo de leitura\" \/>\n\t<meta name=\"twitter:data1\" content=\"1 minuto\" \/>\n<script type=\"application\/ld+json\" class=\"yoast-schema-graph\">{\"@context\":\"https:\/\/schema.org\",\"@graph\":[{\"@type\":\"WebPage\",\"@id\":\"https:\/\/www.magnum.com.br\/?page_id=1588\",\"url\":\"https:\/\/www.magnum.com.br\/?page_id=1588\",\"name\":\"AGENDA+ - Col\u00e9gio Magnum\",\"isPartOf\":{\"@id\":\"https:\/\/www.magnum.com.br\/#website\"},\"datePublished\":\"2022-07-24T15:04:03+00:00\",\"dateModified\":\"2025-02-25T19:02:06+00:00\",\"breadcrumb\":{\"@id\":\"https:\/\/www.magnum.com.br\/?page_id=1588#breadcrumb\"},\"inLanguage\":\"pt-BR\",\"potentialAction\":[{\"@type\":\"ReadAction\",\"target\":[\"https:\/\/www.magnum.com.br\/?page_id=1588\"]}]},{\"@type\":\"BreadcrumbList\",\"@id\":\"https:\/\/www.magnum.com.br\/?page_id=1588#breadcrumb\",\"itemListElement\":[{\"@type\":\"ListItem\",\"position\":1,\"name\":\"In\u00edcio\",\"item\":\"https:\/\/www.magnum.com.br\/\"},{\"@type\":\"ListItem\",\"position\":2,\"name\":\"AGENDA+\"}]},{\"@type\":\"WebSite\",\"@id\":\"https:\/\/www.magnum.com.br\/#website\",\"url\":\"https:\/\/www.magnum.com.br\/\",\"name\":\"Col\u00e9gio Magnum\",\"description\":\"\",\"potentialAction\":[{\"@type\":\"SearchAction\",\"target\":{\"@type\":\"EntryPoint\",\"urlTemplate\":\"https:\/\/www.magnum.com.br\/?s={search_term_string}\"},\"query-input\":{\"@type\":\"PropertyValueSpecification\",\"valueRequired\":true,\"valueName\":\"search_term_string\"}}],\"inLanguage\":\"pt-BR\"}]}<\/script>\n<!-- \/ Yoast SEO plugin. -->","yoast_head_json":{"title":"AGENDA+ - Col\u00e9gio Magnum","robots":{"index":"index","follow":"follow","max-snippet":"max-snippet:-1","max-image-preview":"max-image-preview:large","max-video-preview":"max-video-preview:-1"},"canonical":"https:\/\/www.magnum.com.br\/?page_id=1588","og_locale":"pt_BR","og_type":"article","og_title":"AGENDA+ - Col\u00e9gio Magnum","og_description":"[vc_row][vc_column][vc_column_text] Atrav\u00e9s do Agenda+, pais e alunos receber\u00e3o mensagens, circulares internas, cronogramas de provas, not\u00edcias, convites e informa\u00e7\u00f5es diversas, o que proporciona uma comunica\u00e7\u00e3o \u00e1gil e direta, com mais seguran\u00e7a e confiabilidade. INSTRU\u00c7\u00d5ES: Procure pelo aplicativo\u00a0Agenda +\u00a0nas lojas iOS ou Android e baixe-o; Login: Utilize o e-mail do respons\u00e1vel informado na matr\u00edcula; Utilize a senha\u00a0Magnum@2025\u00a0e [&hellip;]","og_url":"https:\/\/www.magnum.com.br\/?page_id=1588","og_site_name":"Col\u00e9gio Magnum","article_modified_time":"2025-02-25T19:02:06+00:00","twitter_card":"summary_large_image","twitter_misc":{"Est. tempo de leitura":"1 minuto"},"schema":{"@context":"https:\/\/schema.org","@graph":[{"@type":"WebPage","@id":"https:\/\/www.magnum.com.br\/?page_id=1588","url":"https:\/\/www.magnum.com.br\/?page_id=1588","name":"AGENDA+ - Col\u00e9gio Magnum","isPartOf":{"@id":"https:\/\/www.magnum.com.br\/#website"},"datePublished":"2022-07-24T15:04:03+00:00","dateModified":"2025-02-25T19:02:06+00:00","breadcrumb":{"@id":"https:\/\/www.magnum.com.br\/?page_id=1588#breadcrumb"},"inLanguage":"pt-BR","potentialAction":[{"@type":"ReadAction","target":["https:\/\/www.magnum.com.br\/?page_id=1588"]}]},{"@type":"BreadcrumbList","@id":"https:\/\/www.magnum.com.br\/?page_id=1588#breadcrumb","itemListElement":[{"@type":"ListItem","position":1,"name":"In\u00edcio","item":"https:\/\/www.magnum.com.br\/"},{"@type":"ListItem","position":2,"name":"AGENDA+"}]},{"@type":"WebSite","@id":"https:\/\/www.magnum.com.br\/#website","url":"https:\/\/www.magnum.com.br\/","name":"Col\u00e9gio Magnum","description":"","potentialAction":[{"@type":"SearchAction","target":{"@type":"EntryPoint","urlTemplate":"https:\/\/www.magnum.com.br\/?s={search_term_string}"},"query-input":{"@type":"PropertyValueSpecification","valueRequired":true,"valueName":"search_term_string"}}],"inLanguage":"pt-BR"}]}},"_links":{"self":[{"href":"https:\/\/www.magnum.com.br\/index.php?rest_route=\/wp\/v2\/pages\/1588","targetHints":{"allow":["GET"]}}],"collection":[{"href":"https:\/\/www.magnum.com.br\/index.php?rest_route=\/wp\/v2\/pages"}],"about":[{"href":"https:\/\/www.magnum.com.br\/index.php?rest_route=\/wp\/v2\/types\/page"}],"author":[{"embeddable":true,"href":"https:\/\/www.magnum.com.br\/index.php?rest_route=\/wp\/v2\/users\/1"}],"replies":[{"embeddable":true,"href":"https:\/\/www.magnum.com.br\/index.php?rest_route=%2Fwp%2Fv2%2Fcomments&post=1588"}],"version-history":[{"count":13,"href":"https:\/\/www.magnum.com.br\/index.php?rest_route=\/wp\/v2\/pages\/1588\/revisions"}],"predecessor-version":[{"id":2531,"href":"https:\/\/www.magnum.com.br\/index.php?rest_route=\/wp\/v2\/pages\/1588\/revisions\/2531"}],"wp:attachment":[{"href":"https:\/\/www.magnum.com.br\/index.php?rest_route=%2Fwp%2Fv2%2Fmedia&parent=1588"}],"curies":[{"name":"wp","href":"https:\/\/api.w.org\/{rel}","templated":true}]}}