{"id":1578,"date":"2022-07-24T14:47:20","date_gmt":"2022-07-24T14:47:20","guid":{"rendered":"http:\/\/www.magnum.com.br\/?page_id=1578"},"modified":"2026-01-28T14:50:57","modified_gmt":"2026-01-28T14:50:57","slug":"uniforme","status":"publish","type":"page","link":"https:\/\/www.magnum.com.br\/?page_id=1578","title":{"rendered":"UNIFORME"},"content":{"rendered":"<div class=\"wpb-content-wrapper\"><p>[vc_row][vc_column][vc_column_text css=&#8221;&#8221;]<\/p>\n<p data-start=\"170\" data-end=\"197\"><strong data-start=\"170\" data-end=\"197\">Uso do uniforme escolar<\/strong><\/p>\n<p data-start=\"199\" data-end=\"301\">O uso do uniforme \u00e9 obrigat\u00f3rio para todos os alunos, da Educa\u00e7\u00e3o Infantil \u00e0 3\u00aa s\u00e9rie do Ensino M\u00e9dio.<\/p>\n<p data-start=\"199\" data-end=\"301\">Todas as pe\u00e7as do uniforme dever\u00e3o estar identificadas com o nome completo do aluno.<\/p>\n<p data-start=\"389\" data-end=\"410\"><strong data-start=\"389\" data-end=\"410\">TIPOS DE UNIFORMES:<\/strong><\/p>\n<p data-start=\"412\" data-end=\"438\"><strong data-start=\"412\" data-end=\"438\">Uniforme de uso di\u00e1rio<\/strong><\/p>\n<ul>\n<li data-start=\"440\" data-end=\"584\">Camiseta e cal\u00e7a ou bermuda oficiais do Col\u00e9gio;<\/li>\n<li data-start=\"440\" data-end=\"584\">Cal\u00e7a preta lisa, sem faixas, listras, desenhos, cortes ou rasgos;<\/li>\n<li data-start=\"440\" data-end=\"584\">T\u00eanis ou sapato fechado.<\/li>\n<\/ul>\n<p>O uso de cal\u00e7a jeans azul-escuro ou preta, sem faixas, listras, desenhos, cortes ou rasgos, \u00e9 permitido para alunos a partir do 6\u00ba ano do Ensino Fundamental.<\/p>\n<p data-start=\"745\" data-end=\"864\">Agasalho de inverno pr\u00f3prio do Col\u00e9gio, em moleton ou tactel. Ser\u00e1 permitido o uso de outro agasalho na cor preta lisa.<\/p>\n<p data-start=\"745\" data-end=\"864\">O uso do jaleco \u00e9 obrigat\u00f3rio para as aulas de laborat\u00f3rio.<\/p>\n<p data-start=\"866\" data-end=\"897\"><strong data-start=\"866\" data-end=\"897\">Uniforme de Educa\u00e7\u00e3o F\u00edsica<\/strong><\/p>\n<ul>\n<li data-start=\"899\" data-end=\"1023\">Camisa e bermuda do Col\u00e9gio ou cal\u00e7a preta pr\u00f3pria para pr\u00e1tica esportiva, sem faixas, listras, cortes ou desenhos;<\/li>\n<li>T\u00eanis ou sapato fechado.<\/li>\n<\/ul>\n<p data-start=\"1086\" data-end=\"1110\"><strong data-start=\"1086\" data-end=\"1110\">Itens n\u00e3o permitidos<\/strong><\/p>\n<ul>\n<li data-start=\"1112\" data-end=\"1444\">Cal\u00e7as jeans rasgadas, com listras, desenhos ou apliques;<\/li>\n<li data-start=\"1112\" data-end=\"1444\">Agasalhos e camisas de times de futebol, das equipes esportivas ou da escola de esportes;<\/li>\n<li data-start=\"1112\" data-end=\"1444\">Camisas de eventos escolares, exceto a camiseta do JIM durante a pr\u00e1tica de Educa\u00e7\u00e3o F\u00edsica;<\/li>\n<li data-start=\"1112\" data-end=\"1444\">Botas, chinelos de dedo, slider, sand\u00e1lias, Crocs ou qualquer tipo de cal\u00e7ado aberto.<\/li>\n<\/ul>\n<p data-start=\"1446\" data-end=\"1491\"><strong data-start=\"1446\" data-end=\"1491\">Obrigatoriedade em atividades extra-turno<\/strong><\/p>\n<p data-start=\"1493\" data-end=\"1835\">Por raz\u00f5es de seguran\u00e7a e identifica\u00e7\u00e3o, o uso do uniforme tamb\u00e9m \u00e9 obrigat\u00f3rio nos retornos \u00e0 tarde para aulas e provas de recupera\u00e7\u00e3o, provas de segunda chamada, plant\u00f5es, aulas de laborat\u00f3rio, s\u00e1bados letivos, programas do Habilidades em Movimento, Olimp\u00edadas do Conhecimento, trabalhos de campo ou quaisquer outras atividades pedag\u00f3gicas.<\/p>\n<p data-start=\"1837\" data-end=\"1940\">O aluno que n\u00e3o comparecer uniformizado perder\u00e1 o direito de participar das atividades descritas acima.<\/p>\n<p data-start=\"1942\" data-end=\"1985\"><strong data-start=\"1942\" data-end=\"1985\">Procedimentos em caso de descumprimento<\/strong><\/p>\n<p data-start=\"1987\" data-end=\"2144\">O aluno que comparecer sem uniforme e sem justificativa ter\u00e1 a ocorr\u00eancia registrada e dever\u00e1 aguardar fora da sala de aula at\u00e9 o in\u00edcio do hor\u00e1rio seguinte.<\/p>\n<ul>\n<li data-start=\"2146\" data-end=\"2323\">Na segunda ocorr\u00eancia sem justificativa, a Assist\u00eancia de Alunos registrar\u00e1 a ocorr\u00eancia, comunicar\u00e1 \u00e0 fam\u00edlia e o aluno aguardar\u00e1 fora da sala at\u00e9 o in\u00edcio do hor\u00e1rio seguinte.<\/li>\n<li data-start=\"2325\" data-end=\"2783\">Na terceira ocorr\u00eancia sem justificativa, a Assist\u00eancia de Alunos registrar\u00e1 a ocorr\u00eancia e o aluno aguardar\u00e1 fora da sala at\u00e9 o in\u00edcio do hor\u00e1rio seguinte. Posteriormente, a Coordena\u00e7\u00e3o comunicar\u00e1 \u00e0 fam\u00edlia sobre os preju\u00edzos pedag\u00f3gicos sofridos pelo aluno em fun\u00e7\u00e3o das san\u00e7\u00f5es aplicadas, discutindo seus compromissos e seu processo formativo global, com foco em organiza\u00e7\u00e3o, disciplina e responsabilidade, al\u00e9m da formaliza\u00e7\u00e3o de um termo de compromisso.<\/li>\n<li data-start=\"2785\" data-end=\"2923\">Na aus\u00eancia de compromisso do aluno e da fam\u00edlia quanto ao uso do uniforme, a Dire\u00e7\u00e3o da escola adotar\u00e1 as medidas disciplinares cab\u00edveis.<\/li>\n<li data-start=\"2925\" data-end=\"3193\">As justificativas para a aus\u00eancia do uso correto do uniforme dever\u00e3o ser apresentadas \u00e0 Assist\u00eancia de Alunos no mesmo turno e ser\u00e3o aceitas somente em casos relacionados a quest\u00f5es de sa\u00fade f\u00edsica ou mental, devidamente relatadas por profissional de sa\u00fade competente.<\/li>\n<\/ul>\n<p>&nbsp;<\/p>\n<p><strong>O uniforme do Col\u00e9gio Magnum poder\u00e1 ser encontrado nos endere\u00e7os abaixo:<\/strong><\/p>\n<p><strong>Unimirim:<\/strong> <a href=\"https:\/\/unimirim.com.br\/colegio-magnum\/\">https:\/\/unimirim.com.br\/colegio-magnum\/<\/a><\/p>\n<p><b>Risque Rabisque:<\/b> <a href=\"https:\/\/risquerabisquebh.com.br\/categoria-produto\/uniformes\/magnum-2025\/\">https:\/\/risquerabisquebh.com.br\/categoria-produto\/uniformes\/magnum-2025\/<\/a><\/p>\n<p><b>Endere\u00e7o:<\/b> Rua S\u00e3o Gon\u00e7alo, 1301 &#8211; Nova Floresta<\/p>\n<p><b>Telefone:<\/b> 2551-8006[\/vc_column_text][\/vc_column][\/vc_row]<\/p>\n<\/div>","protected":false},"excerpt":{"rendered":"<p>[vc_row][vc_column][vc_column_text css=&#8221;&#8221;] Uso do uniforme escolar O uso do uniforme \u00e9 obrigat\u00f3rio para todos os alunos, da Educa\u00e7\u00e3o Infantil \u00e0 3\u00aa s\u00e9rie do Ensino M\u00e9dio. Todas as pe\u00e7as do uniforme dever\u00e3o estar identificadas com o nome completo do aluno. TIPOS DE UNIFORMES: Uniforme de uso di\u00e1rio Camiseta e cal\u00e7a ou bermuda oficiais do Col\u00e9gio; Cal\u00e7a [&hellip;]<\/p>\n","protected":false},"author":1,"featured_media":0,"parent":0,"menu_order":0,"comment_status":"closed","ping_status":"closed","template":"","meta":{"footnotes":""},"class_list":["post-1578","page","type-page","status-publish","hentry"],"yoast_head":"<!-- This site is optimized with the Yoast SEO plugin v26.2 - https:\/\/yoast.com\/wordpress\/plugins\/seo\/ -->\n<title>UNIFORME - Col\u00e9gio Magnum<\/title>\n<meta name=\"robots\" content=\"index, follow, max-snippet:-1, max-image-preview:large, max-video-preview:-1\" \/>\n<link rel=\"canonical\" href=\"https:\/\/www.magnum.com.br\/?page_id=1578\" \/>\n<meta property=\"og:locale\" content=\"pt_BR\" \/>\n<meta property=\"og:type\" content=\"article\" \/>\n<meta property=\"og:title\" content=\"UNIFORME - Col\u00e9gio Magnum\" \/>\n<meta property=\"og:description\" content=\"[vc_row][vc_column][vc_column_text css=&#8221;&#8221;] Uso do uniforme escolar O uso do uniforme \u00e9 obrigat\u00f3rio para todos os alunos, da Educa\u00e7\u00e3o Infantil \u00e0 3\u00aa s\u00e9rie do Ensino M\u00e9dio. Todas as pe\u00e7as do uniforme dever\u00e3o estar identificadas com o nome completo do aluno. TIPOS DE UNIFORMES: Uniforme de uso di\u00e1rio Camiseta e cal\u00e7a ou bermuda oficiais do Col\u00e9gio; Cal\u00e7a [&hellip;]\" \/>\n<meta property=\"og:url\" content=\"https:\/\/www.magnum.com.br\/?page_id=1578\" \/>\n<meta property=\"og:site_name\" content=\"Col\u00e9gio Magnum\" \/>\n<meta property=\"article:modified_time\" content=\"2026-01-28T14:50:57+00:00\" \/>\n<meta name=\"twitter:card\" content=\"summary_large_image\" \/>\n<meta name=\"twitter:label1\" content=\"Est. tempo de leitura\" \/>\n\t<meta name=\"twitter:data1\" content=\"3 minutos\" \/>\n<script type=\"application\/ld+json\" class=\"yoast-schema-graph\">{\"@context\":\"https:\/\/schema.org\",\"@graph\":[{\"@type\":\"WebPage\",\"@id\":\"https:\/\/www.magnum.com.br\/?page_id=1578\",\"url\":\"https:\/\/www.magnum.com.br\/?page_id=1578\",\"name\":\"UNIFORME - Col\u00e9gio Magnum\",\"isPartOf\":{\"@id\":\"https:\/\/www.magnum.com.br\/#website\"},\"datePublished\":\"2022-07-24T14:47:20+00:00\",\"dateModified\":\"2026-01-28T14:50:57+00:00\",\"breadcrumb\":{\"@id\":\"https:\/\/www.magnum.com.br\/?page_id=1578#breadcrumb\"},\"inLanguage\":\"pt-BR\",\"potentialAction\":[{\"@type\":\"ReadAction\",\"target\":[\"https:\/\/www.magnum.com.br\/?page_id=1578\"]}]},{\"@type\":\"BreadcrumbList\",\"@id\":\"https:\/\/www.magnum.com.br\/?page_id=1578#breadcrumb\",\"itemListElement\":[{\"@type\":\"ListItem\",\"position\":1,\"name\":\"In\u00edcio\",\"item\":\"https:\/\/www.magnum.com.br\/\"},{\"@type\":\"ListItem\",\"position\":2,\"name\":\"UNIFORME\"}]},{\"@type\":\"WebSite\",\"@id\":\"https:\/\/www.magnum.com.br\/#website\",\"url\":\"https:\/\/www.magnum.com.br\/\",\"name\":\"Col\u00e9gio Magnum\",\"description\":\"\",\"potentialAction\":[{\"@type\":\"SearchAction\",\"target\":{\"@type\":\"EntryPoint\",\"urlTemplate\":\"https:\/\/www.magnum.com.br\/?s={search_term_string}\"},\"query-input\":{\"@type\":\"PropertyValueSpecification\",\"valueRequired\":true,\"valueName\":\"search_term_string\"}}],\"inLanguage\":\"pt-BR\"}]}<\/script>\n<!-- \/ Yoast SEO plugin. -->","yoast_head_json":{"title":"UNIFORME - Col\u00e9gio Magnum","robots":{"index":"index","follow":"follow","max-snippet":"max-snippet:-1","max-image-preview":"max-image-preview:large","max-video-preview":"max-video-preview:-1"},"canonical":"https:\/\/www.magnum.com.br\/?page_id=1578","og_locale":"pt_BR","og_type":"article","og_title":"UNIFORME - Col\u00e9gio Magnum","og_description":"[vc_row][vc_column][vc_column_text css=&#8221;&#8221;] Uso do uniforme escolar O uso do uniforme \u00e9 obrigat\u00f3rio para todos os alunos, da Educa\u00e7\u00e3o Infantil \u00e0 3\u00aa s\u00e9rie do Ensino M\u00e9dio. Todas as pe\u00e7as do uniforme dever\u00e3o estar identificadas com o nome completo do aluno. TIPOS DE UNIFORMES: Uniforme de uso di\u00e1rio Camiseta e cal\u00e7a ou bermuda oficiais do Col\u00e9gio; Cal\u00e7a [&hellip;]","og_url":"https:\/\/www.magnum.com.br\/?page_id=1578","og_site_name":"Col\u00e9gio Magnum","article_modified_time":"2026-01-28T14:50:57+00:00","twitter_card":"summary_large_image","twitter_misc":{"Est. tempo de leitura":"3 minutos"},"schema":{"@context":"https:\/\/schema.org","@graph":[{"@type":"WebPage","@id":"https:\/\/www.magnum.com.br\/?page_id=1578","url":"https:\/\/www.magnum.com.br\/?page_id=1578","name":"UNIFORME - Col\u00e9gio Magnum","isPartOf":{"@id":"https:\/\/www.magnum.com.br\/#website"},"datePublished":"2022-07-24T14:47:20+00:00","dateModified":"2026-01-28T14:50:57+00:00","breadcrumb":{"@id":"https:\/\/www.magnum.com.br\/?page_id=1578#breadcrumb"},"inLanguage":"pt-BR","potentialAction":[{"@type":"ReadAction","target":["https:\/\/www.magnum.com.br\/?page_id=1578"]}]},{"@type":"BreadcrumbList","@id":"https:\/\/www.magnum.com.br\/?page_id=1578#breadcrumb","itemListElement":[{"@type":"ListItem","position":1,"name":"In\u00edcio","item":"https:\/\/www.magnum.com.br\/"},{"@type":"ListItem","position":2,"name":"UNIFORME"}]},{"@type":"WebSite","@id":"https:\/\/www.magnum.com.br\/#website","url":"https:\/\/www.magnum.com.br\/","name":"Col\u00e9gio Magnum","description":"","potentialAction":[{"@type":"SearchAction","target":{"@type":"EntryPoint","urlTemplate":"https:\/\/www.magnum.com.br\/?s={search_term_string}"},"query-input":{"@type":"PropertyValueSpecification","valueRequired":true,"valueName":"search_term_string"}}],"inLanguage":"pt-BR"}]}},"_links":{"self":[{"href":"https:\/\/www.magnum.com.br\/index.php?rest_route=\/wp\/v2\/pages\/1578","targetHints":{"allow":["GET"]}}],"collection":[{"href":"https:\/\/www.magnum.com.br\/index.php?rest_route=\/wp\/v2\/pages"}],"about":[{"href":"https:\/\/www.magnum.com.br\/index.php?rest_route=\/wp\/v2\/types\/page"}],"author":[{"embeddable":true,"href":"https:\/\/www.magnum.com.br\/index.php?rest_route=\/wp\/v2\/users\/1"}],"replies":[{"embeddable":true,"href":"https:\/\/www.magnum.com.br\/index.php?rest_route=%2Fwp%2Fv2%2Fcomments&post=1578"}],"version-history":[{"count":13,"href":"https:\/\/www.magnum.com.br\/index.php?rest_route=\/wp\/v2\/pages\/1578\/revisions"}],"predecessor-version":[{"id":2691,"href":"https:\/\/www.magnum.com.br\/index.php?rest_route=\/wp\/v2\/pages\/1578\/revisions\/2691"}],"wp:attachment":[{"href":"https:\/\/www.magnum.com.br\/index.php?rest_route=%2Fwp%2Fv2%2Fmedia&parent=1578"}],"curies":[{"name":"wp","href":"https:\/\/api.w.org\/{rel}","templated":true}]}}