{"id":1576,"date":"2022-07-24T14:45:10","date_gmt":"2022-07-24T14:45:10","guid":{"rendered":"http:\/\/www.magnum.com.br\/?page_id=1576"},"modified":"2025-02-13T18:43:55","modified_gmt":"2025-02-13T18:43:55","slug":"notas","status":"publish","type":"page","link":"https:\/\/www.magnum.com.br\/?page_id=1576","title":{"rendered":"NOTAS"},"content":{"rendered":"<div class=\"wpb-content-wrapper\"><p>[vc_row][vc_column][vc_column_text]Utilizamos o Portal Unimestre, sistema de gest\u00e3o acad\u00eamica que cont\u00e9m informa\u00e7\u00f5es sobre o boletim de notas, boletim de forma\u00e7\u00e3o e 2\u00aa via de boleto banc\u00e1rio.<\/p>\n<p>&nbsp;<\/p>\n<p><strong>Para visualizar as notas, <a href=\"https:\/\/redeinspira.unimestre.com\/projetos\/nucleo\/uteis\/login.php?&amp;tid=0&amp;lid=0&amp;pid=24&amp;arq_ret=R5QT1WSRQBMCVQVPFFQSF99MCT5RT44Q9WRW0RBM0FMM5QQ4\">clique aqui!<\/a><\/strong><\/p>\n<p><strong>Usu\u00e1rio<\/strong>: N\u00famero de matr\u00edcula do aluno, com nove algarismos;<\/p>\n<p><strong>Senha<\/strong>: a mesma utilizada no MAGNUM-SOL.<\/p>\n<p>&nbsp;<\/p>\n<p>O portal s\u00f3 funcionar\u00e1 adequadamente com as duas \u00faltimas vers\u00f5es oficiais dos navegadores FireFox da Mozilla e Internet Explorer.[\/vc_column_text][\/vc_column][\/vc_row]<\/p>\n<\/div>","protected":false},"excerpt":{"rendered":"<p>[vc_row][vc_column][vc_column_text]Utilizamos o Portal Unimestre, sistema de gest\u00e3o acad\u00eamica que cont\u00e9m informa\u00e7\u00f5es sobre o boletim de notas, boletim de forma\u00e7\u00e3o e 2\u00aa via de boleto banc\u00e1rio. &nbsp; Para visualizar as notas, clique aqui! Usu\u00e1rio: N\u00famero de matr\u00edcula do aluno, com nove algarismos; Senha: a mesma utilizada no MAGNUM-SOL. &nbsp; O portal s\u00f3 funcionar\u00e1 adequadamente com as [&hellip;]<\/p>\n","protected":false},"author":1,"featured_media":0,"parent":0,"menu_order":0,"comment_status":"closed","ping_status":"closed","template":"","meta":{"footnotes":""},"class_list":["post-1576","page","type-page","status-publish","hentry"],"yoast_head":"<!-- This site is optimized with the Yoast SEO plugin v26.2 - https:\/\/yoast.com\/wordpress\/plugins\/seo\/ -->\n<title>NOTAS - Col\u00e9gio Magnum<\/title>\n<meta name=\"robots\" content=\"index, follow, max-snippet:-1, max-image-preview:large, max-video-preview:-1\" \/>\n<link rel=\"canonical\" href=\"https:\/\/www.magnum.com.br\/?page_id=1576\" \/>\n<meta property=\"og:locale\" content=\"pt_BR\" \/>\n<meta property=\"og:type\" content=\"article\" \/>\n<meta property=\"og:title\" content=\"NOTAS - Col\u00e9gio Magnum\" \/>\n<meta property=\"og:description\" content=\"[vc_row][vc_column][vc_column_text]Utilizamos o Portal Unimestre, sistema de gest\u00e3o acad\u00eamica que cont\u00e9m informa\u00e7\u00f5es sobre o boletim de notas, boletim de forma\u00e7\u00e3o e 2\u00aa via de boleto banc\u00e1rio. &nbsp; Para visualizar as notas, clique aqui! Usu\u00e1rio: N\u00famero de matr\u00edcula do aluno, com nove algarismos; Senha: a mesma utilizada no MAGNUM-SOL. &nbsp; O portal s\u00f3 funcionar\u00e1 adequadamente com as [&hellip;]\" \/>\n<meta property=\"og:url\" content=\"https:\/\/www.magnum.com.br\/?page_id=1576\" \/>\n<meta property=\"og:site_name\" content=\"Col\u00e9gio Magnum\" \/>\n<meta property=\"article:modified_time\" content=\"2025-02-13T18:43:55+00:00\" \/>\n<meta name=\"twitter:card\" content=\"summary_large_image\" \/>\n<meta name=\"twitter:label1\" content=\"Est. tempo de leitura\" \/>\n\t<meta name=\"twitter:data1\" content=\"1 minuto\" \/>\n<script type=\"application\/ld+json\" class=\"yoast-schema-graph\">{\"@context\":\"https:\/\/schema.org\",\"@graph\":[{\"@type\":\"WebPage\",\"@id\":\"https:\/\/www.magnum.com.br\/?page_id=1576\",\"url\":\"https:\/\/www.magnum.com.br\/?page_id=1576\",\"name\":\"NOTAS - Col\u00e9gio Magnum\",\"isPartOf\":{\"@id\":\"https:\/\/www.magnum.com.br\/#website\"},\"datePublished\":\"2022-07-24T14:45:10+00:00\",\"dateModified\":\"2025-02-13T18:43:55+00:00\",\"breadcrumb\":{\"@id\":\"https:\/\/www.magnum.com.br\/?page_id=1576#breadcrumb\"},\"inLanguage\":\"pt-BR\",\"potentialAction\":[{\"@type\":\"ReadAction\",\"target\":[\"https:\/\/www.magnum.com.br\/?page_id=1576\"]}]},{\"@type\":\"BreadcrumbList\",\"@id\":\"https:\/\/www.magnum.com.br\/?page_id=1576#breadcrumb\",\"itemListElement\":[{\"@type\":\"ListItem\",\"position\":1,\"name\":\"In\u00edcio\",\"item\":\"https:\/\/www.magnum.com.br\/\"},{\"@type\":\"ListItem\",\"position\":2,\"name\":\"NOTAS\"}]},{\"@type\":\"WebSite\",\"@id\":\"https:\/\/www.magnum.com.br\/#website\",\"url\":\"https:\/\/www.magnum.com.br\/\",\"name\":\"Col\u00e9gio Magnum\",\"description\":\"\",\"potentialAction\":[{\"@type\":\"SearchAction\",\"target\":{\"@type\":\"EntryPoint\",\"urlTemplate\":\"https:\/\/www.magnum.com.br\/?s={search_term_string}\"},\"query-input\":{\"@type\":\"PropertyValueSpecification\",\"valueRequired\":true,\"valueName\":\"search_term_string\"}}],\"inLanguage\":\"pt-BR\"}]}<\/script>\n<!-- \/ Yoast SEO plugin. -->","yoast_head_json":{"title":"NOTAS - Col\u00e9gio Magnum","robots":{"index":"index","follow":"follow","max-snippet":"max-snippet:-1","max-image-preview":"max-image-preview:large","max-video-preview":"max-video-preview:-1"},"canonical":"https:\/\/www.magnum.com.br\/?page_id=1576","og_locale":"pt_BR","og_type":"article","og_title":"NOTAS - Col\u00e9gio Magnum","og_description":"[vc_row][vc_column][vc_column_text]Utilizamos o Portal Unimestre, sistema de gest\u00e3o acad\u00eamica que cont\u00e9m informa\u00e7\u00f5es sobre o boletim de notas, boletim de forma\u00e7\u00e3o e 2\u00aa via de boleto banc\u00e1rio. &nbsp; Para visualizar as notas, clique aqui! Usu\u00e1rio: N\u00famero de matr\u00edcula do aluno, com nove algarismos; Senha: a mesma utilizada no MAGNUM-SOL. &nbsp; O portal s\u00f3 funcionar\u00e1 adequadamente com as [&hellip;]","og_url":"https:\/\/www.magnum.com.br\/?page_id=1576","og_site_name":"Col\u00e9gio Magnum","article_modified_time":"2025-02-13T18:43:55+00:00","twitter_card":"summary_large_image","twitter_misc":{"Est. tempo de leitura":"1 minuto"},"schema":{"@context":"https:\/\/schema.org","@graph":[{"@type":"WebPage","@id":"https:\/\/www.magnum.com.br\/?page_id=1576","url":"https:\/\/www.magnum.com.br\/?page_id=1576","name":"NOTAS - Col\u00e9gio Magnum","isPartOf":{"@id":"https:\/\/www.magnum.com.br\/#website"},"datePublished":"2022-07-24T14:45:10+00:00","dateModified":"2025-02-13T18:43:55+00:00","breadcrumb":{"@id":"https:\/\/www.magnum.com.br\/?page_id=1576#breadcrumb"},"inLanguage":"pt-BR","potentialAction":[{"@type":"ReadAction","target":["https:\/\/www.magnum.com.br\/?page_id=1576"]}]},{"@type":"BreadcrumbList","@id":"https:\/\/www.magnum.com.br\/?page_id=1576#breadcrumb","itemListElement":[{"@type":"ListItem","position":1,"name":"In\u00edcio","item":"https:\/\/www.magnum.com.br\/"},{"@type":"ListItem","position":2,"name":"NOTAS"}]},{"@type":"WebSite","@id":"https:\/\/www.magnum.com.br\/#website","url":"https:\/\/www.magnum.com.br\/","name":"Col\u00e9gio Magnum","description":"","potentialAction":[{"@type":"SearchAction","target":{"@type":"EntryPoint","urlTemplate":"https:\/\/www.magnum.com.br\/?s={search_term_string}"},"query-input":{"@type":"PropertyValueSpecification","valueRequired":true,"valueName":"search_term_string"}}],"inLanguage":"pt-BR"}]}},"_links":{"self":[{"href":"https:\/\/www.magnum.com.br\/index.php?rest_route=\/wp\/v2\/pages\/1576","targetHints":{"allow":["GET"]}}],"collection":[{"href":"https:\/\/www.magnum.com.br\/index.php?rest_route=\/wp\/v2\/pages"}],"about":[{"href":"https:\/\/www.magnum.com.br\/index.php?rest_route=\/wp\/v2\/types\/page"}],"author":[{"embeddable":true,"href":"https:\/\/www.magnum.com.br\/index.php?rest_route=\/wp\/v2\/users\/1"}],"replies":[{"embeddable":true,"href":"https:\/\/www.magnum.com.br\/index.php?rest_route=%2Fwp%2Fv2%2Fcomments&post=1576"}],"version-history":[{"count":3,"href":"https:\/\/www.magnum.com.br\/index.php?rest_route=\/wp\/v2\/pages\/1576\/revisions"}],"predecessor-version":[{"id":2461,"href":"https:\/\/www.magnum.com.br\/index.php?rest_route=\/wp\/v2\/pages\/1576\/revisions\/2461"}],"wp:attachment":[{"href":"https:\/\/www.magnum.com.br\/index.php?rest_route=%2Fwp%2Fv2%2Fmedia&parent=1576"}],"curies":[{"name":"wp","href":"https:\/\/api.w.org\/{rel}","templated":true}]}}