{"id":1572,"date":"2022-07-24T14:42:18","date_gmt":"2022-07-24T14:42:18","guid":{"rendered":"http:\/\/www.magnum.com.br\/?page_id=1572"},"modified":"2025-02-13T18:47:54","modified_gmt":"2025-02-13T18:47:54","slug":"area-do-aluno","status":"publish","type":"page","link":"https:\/\/www.magnum.com.br\/?page_id=1572","title":{"rendered":"\u00c1REA DO ALUNO"},"content":{"rendered":"<div class=\"wpb-content-wrapper\"><p>[vc_row][vc_column][vc_column_text]Aluno Magnum, neste espa\u00e7o voc\u00ea vai encontrar todas as informa\u00e7\u00f5es que precisa para se inteirar sobre:<\/p>\n<ul>\n<li>Calend\u00e1rio escolar;<\/li>\n<li>Programa\u00e7\u00e3o de cada etapa;<\/li>\n<li>Lista de material;<\/li>\n<li>Hor\u00e1rio de aulas;<\/li>\n<li>Especifica\u00e7\u00f5es dos uniformes.<\/li>\n<\/ul>\n<p>Nele voc\u00ea ter\u00e1 acesso a notas, faltas, ocorr\u00eancias e 2\u00aa via de boleto.<\/p>\n<p>&nbsp;<\/p>\n<p><strong>Observa\u00e7\u00e3o importante:\u00a0<\/strong>Para visualizar os boletos, desabilite o bloqueador de pop-up para o site do Portal de Servi\u00e7os. Em caso de d\u00favida, seguem abaixo os tutoriais para o desbloqueio, conforme o navegador de acesso:<\/p>\n<ul>\n<li>Google Chrome;<\/li>\n<li>Mozila Firefox.<\/li>\n<\/ul>\n<p>[\/vc_column_text][\/vc_column][\/vc_row][vc_row][vc_column][\/vc_column][\/vc_row]<\/p>\n<\/div>","protected":false},"excerpt":{"rendered":"<p>[vc_row][vc_column][vc_column_text]Aluno Magnum, neste espa\u00e7o voc\u00ea vai encontrar todas as informa\u00e7\u00f5es que precisa para se inteirar sobre: Calend\u00e1rio escolar; Programa\u00e7\u00e3o de cada etapa; Lista de material; Hor\u00e1rio de aulas; Especifica\u00e7\u00f5es dos uniformes. Nele voc\u00ea ter\u00e1 acesso a notas, faltas, ocorr\u00eancias e 2\u00aa via de boleto. &nbsp; Observa\u00e7\u00e3o importante:\u00a0Para visualizar os boletos, desabilite o bloqueador de pop-up [&hellip;]<\/p>\n","protected":false},"author":1,"featured_media":0,"parent":0,"menu_order":0,"comment_status":"closed","ping_status":"closed","template":"","meta":{"footnotes":""},"class_list":["post-1572","page","type-page","status-publish","hentry"],"yoast_head":"<!-- This site is optimized with the Yoast SEO plugin v26.2 - https:\/\/yoast.com\/wordpress\/plugins\/seo\/ -->\n<title>\u00c1REA DO ALUNO - Col\u00e9gio Magnum<\/title>\n<meta name=\"robots\" content=\"index, follow, max-snippet:-1, max-image-preview:large, max-video-preview:-1\" \/>\n<link rel=\"canonical\" href=\"https:\/\/www.magnum.com.br\/?page_id=1572\" \/>\n<meta property=\"og:locale\" content=\"pt_BR\" \/>\n<meta property=\"og:type\" content=\"article\" \/>\n<meta property=\"og:title\" content=\"\u00c1REA DO ALUNO - Col\u00e9gio Magnum\" \/>\n<meta property=\"og:description\" content=\"[vc_row][vc_column][vc_column_text]Aluno Magnum, neste espa\u00e7o voc\u00ea vai encontrar todas as informa\u00e7\u00f5es que precisa para se inteirar sobre: Calend\u00e1rio escolar; Programa\u00e7\u00e3o de cada etapa; Lista de material; Hor\u00e1rio de aulas; Especifica\u00e7\u00f5es dos uniformes. Nele voc\u00ea ter\u00e1 acesso a notas, faltas, ocorr\u00eancias e 2\u00aa via de boleto. &nbsp; Observa\u00e7\u00e3o importante:\u00a0Para visualizar os boletos, desabilite o bloqueador de pop-up [&hellip;]\" \/>\n<meta property=\"og:url\" content=\"https:\/\/www.magnum.com.br\/?page_id=1572\" \/>\n<meta property=\"og:site_name\" content=\"Col\u00e9gio Magnum\" \/>\n<meta property=\"article:modified_time\" content=\"2025-02-13T18:47:54+00:00\" \/>\n<meta name=\"twitter:card\" content=\"summary_large_image\" \/>\n<meta name=\"twitter:label1\" content=\"Est. tempo de leitura\" \/>\n\t<meta name=\"twitter:data1\" content=\"1 minuto\" \/>\n<script type=\"application\/ld+json\" class=\"yoast-schema-graph\">{\"@context\":\"https:\/\/schema.org\",\"@graph\":[{\"@type\":\"WebPage\",\"@id\":\"https:\/\/www.magnum.com.br\/?page_id=1572\",\"url\":\"https:\/\/www.magnum.com.br\/?page_id=1572\",\"name\":\"\u00c1REA DO ALUNO - Col\u00e9gio Magnum\",\"isPartOf\":{\"@id\":\"https:\/\/www.magnum.com.br\/#website\"},\"datePublished\":\"2022-07-24T14:42:18+00:00\",\"dateModified\":\"2025-02-13T18:47:54+00:00\",\"breadcrumb\":{\"@id\":\"https:\/\/www.magnum.com.br\/?page_id=1572#breadcrumb\"},\"inLanguage\":\"pt-BR\",\"potentialAction\":[{\"@type\":\"ReadAction\",\"target\":[\"https:\/\/www.magnum.com.br\/?page_id=1572\"]}]},{\"@type\":\"BreadcrumbList\",\"@id\":\"https:\/\/www.magnum.com.br\/?page_id=1572#breadcrumb\",\"itemListElement\":[{\"@type\":\"ListItem\",\"position\":1,\"name\":\"In\u00edcio\",\"item\":\"https:\/\/www.magnum.com.br\/\"},{\"@type\":\"ListItem\",\"position\":2,\"name\":\"\u00c1REA DO ALUNO\"}]},{\"@type\":\"WebSite\",\"@id\":\"https:\/\/www.magnum.com.br\/#website\",\"url\":\"https:\/\/www.magnum.com.br\/\",\"name\":\"Col\u00e9gio Magnum\",\"description\":\"\",\"potentialAction\":[{\"@type\":\"SearchAction\",\"target\":{\"@type\":\"EntryPoint\",\"urlTemplate\":\"https:\/\/www.magnum.com.br\/?s={search_term_string}\"},\"query-input\":{\"@type\":\"PropertyValueSpecification\",\"valueRequired\":true,\"valueName\":\"search_term_string\"}}],\"inLanguage\":\"pt-BR\"}]}<\/script>\n<!-- \/ Yoast SEO plugin. -->","yoast_head_json":{"title":"\u00c1REA DO ALUNO - Col\u00e9gio Magnum","robots":{"index":"index","follow":"follow","max-snippet":"max-snippet:-1","max-image-preview":"max-image-preview:large","max-video-preview":"max-video-preview:-1"},"canonical":"https:\/\/www.magnum.com.br\/?page_id=1572","og_locale":"pt_BR","og_type":"article","og_title":"\u00c1REA DO ALUNO - Col\u00e9gio Magnum","og_description":"[vc_row][vc_column][vc_column_text]Aluno Magnum, neste espa\u00e7o voc\u00ea vai encontrar todas as informa\u00e7\u00f5es que precisa para se inteirar sobre: Calend\u00e1rio escolar; Programa\u00e7\u00e3o de cada etapa; Lista de material; Hor\u00e1rio de aulas; Especifica\u00e7\u00f5es dos uniformes. Nele voc\u00ea ter\u00e1 acesso a notas, faltas, ocorr\u00eancias e 2\u00aa via de boleto. &nbsp; Observa\u00e7\u00e3o importante:\u00a0Para visualizar os boletos, desabilite o bloqueador de pop-up [&hellip;]","og_url":"https:\/\/www.magnum.com.br\/?page_id=1572","og_site_name":"Col\u00e9gio Magnum","article_modified_time":"2025-02-13T18:47:54+00:00","twitter_card":"summary_large_image","twitter_misc":{"Est. tempo de leitura":"1 minuto"},"schema":{"@context":"https:\/\/schema.org","@graph":[{"@type":"WebPage","@id":"https:\/\/www.magnum.com.br\/?page_id=1572","url":"https:\/\/www.magnum.com.br\/?page_id=1572","name":"\u00c1REA DO ALUNO - Col\u00e9gio Magnum","isPartOf":{"@id":"https:\/\/www.magnum.com.br\/#website"},"datePublished":"2022-07-24T14:42:18+00:00","dateModified":"2025-02-13T18:47:54+00:00","breadcrumb":{"@id":"https:\/\/www.magnum.com.br\/?page_id=1572#breadcrumb"},"inLanguage":"pt-BR","potentialAction":[{"@type":"ReadAction","target":["https:\/\/www.magnum.com.br\/?page_id=1572"]}]},{"@type":"BreadcrumbList","@id":"https:\/\/www.magnum.com.br\/?page_id=1572#breadcrumb","itemListElement":[{"@type":"ListItem","position":1,"name":"In\u00edcio","item":"https:\/\/www.magnum.com.br\/"},{"@type":"ListItem","position":2,"name":"\u00c1REA DO ALUNO"}]},{"@type":"WebSite","@id":"https:\/\/www.magnum.com.br\/#website","url":"https:\/\/www.magnum.com.br\/","name":"Col\u00e9gio Magnum","description":"","potentialAction":[{"@type":"SearchAction","target":{"@type":"EntryPoint","urlTemplate":"https:\/\/www.magnum.com.br\/?s={search_term_string}"},"query-input":{"@type":"PropertyValueSpecification","valueRequired":true,"valueName":"search_term_string"}}],"inLanguage":"pt-BR"}]}},"_links":{"self":[{"href":"https:\/\/www.magnum.com.br\/index.php?rest_route=\/wp\/v2\/pages\/1572","targetHints":{"allow":["GET"]}}],"collection":[{"href":"https:\/\/www.magnum.com.br\/index.php?rest_route=\/wp\/v2\/pages"}],"about":[{"href":"https:\/\/www.magnum.com.br\/index.php?rest_route=\/wp\/v2\/types\/page"}],"author":[{"embeddable":true,"href":"https:\/\/www.magnum.com.br\/index.php?rest_route=\/wp\/v2\/users\/1"}],"replies":[{"embeddable":true,"href":"https:\/\/www.magnum.com.br\/index.php?rest_route=%2Fwp%2Fv2%2Fcomments&post=1572"}],"version-history":[{"count":9,"href":"https:\/\/www.magnum.com.br\/index.php?rest_route=\/wp\/v2\/pages\/1572\/revisions"}],"predecessor-version":[{"id":2466,"href":"https:\/\/www.magnum.com.br\/index.php?rest_route=\/wp\/v2\/pages\/1572\/revisions\/2466"}],"wp:attachment":[{"href":"https:\/\/www.magnum.com.br\/index.php?rest_route=%2Fwp%2Fv2%2Fmedia&parent=1572"}],"curies":[{"name":"wp","href":"https:\/\/api.w.org\/{rel}","templated":true}]}}