{"id":1565,"date":"2022-07-24T14:29:41","date_gmt":"2022-07-24T14:29:41","guid":{"rendered":"http:\/\/www.magnum.com.br\/?page_id=1565"},"modified":"2025-01-28T19:05:34","modified_gmt":"2025-01-28T19:05:34","slug":"ensino-medio","status":"publish","type":"page","link":"https:\/\/www.magnum.com.br\/?page_id=1565","title":{"rendered":"ENSINO M\u00c9DIO"},"content":{"rendered":"<div class=\"wpb-content-wrapper\"><p>[vc_row][vc_column][vc_column_text]Nossos alunos terminam o Ensino M\u00e9dio prontos para al\u00e7ar novos voos, incentivados sobre suas ambi\u00e7\u00f5es e o que desejam conquistar no futuro profissional. Com um ensino inovador e contextualizado, e que prev\u00ea a Base Nacional Comum Curricular (BNCC) e Matriz de refer\u00eancia do Enem, exploramos o desenvolvimento das habilidades e compet\u00eancias dos estudantes.<\/p>\n<p>&nbsp;<\/p>\n<h3><b>3\u00aa S\u00c9RIE (E.M.)\u00a0<\/b><\/h3>\n<p>&nbsp;<\/p>\n<p>Compromisso, disciplina e estudo continuam soando mais forte do que nunca na vida de um futuro universit\u00e1rio. No Col\u00e9gio Magnum, o trabalho \u00e9 dividido em etapas e exige dedica\u00e7\u00e3o em tempo integral:<\/p>\n<ul>\n<li>Aulas do n\u00facleo comum: envolvem todas as \u00e1reas de conhecimento. \u00c9 a prepara\u00e7\u00e3o para a primeira etapa dos vestibulares e para o Enem. S\u00e3o enriquecidas com as ACPs, aulas de acompanhamento e produ\u00e7\u00e3o, baseadas em exerc\u00edcios, nas quais os educadores atuam como tutores, comentando as quest\u00f5es e tirando d\u00favidas. O objetivo \u00e9 que o aluno desenvolva grande parte do trabalho dentro da escola, passando todas as tardes no Col\u00e9gio, sendo acompanhados de perto pelos professores, tanto na transmiss\u00e3o de conte\u00fado, quanto no desenvolvimento das atividades.<\/li>\n<li>Aulas de aprofundamento: \u00e9 hora de ir mais fundo nos conte\u00fados espec\u00edficos e se preparar para a segunda etapa.<\/li>\n<li>Nas segundas-feiras \u00e0 noite, realizamos os simulados, momento de testar os conhecimentos e identificar pontos de maior dificuldade.<\/li>\n<\/ul>\n<p>Todo esse tempo de estudo ainda \u00e9 enriquecido com aulas tem\u00e1ticas, palestras, atendimentos individualizados e um trabalho especial da Educa\u00e7\u00e3o F\u00edsica e do Servi\u00e7o de Orienta\u00e7\u00e3o Profissional da escola.[\/vc_column_text][vc_btn title=&#8221;Quer receber um contato da escola?&#8221; style=&#8221;custom&#8221; custom_background=&#8221;#004d9d&#8221; custom_text=&#8221;#ffffff&#8221; size=&#8221;lg&#8221; link=&#8221;url:http%3A%2F%2Fwww.magnum.com.br%2F%3Fpage_id%3D841&#8243;][\/vc_column][\/vc_row]<\/p>\n<\/div>","protected":false},"excerpt":{"rendered":"<p>[vc_row][vc_column][vc_column_text]Nossos alunos terminam o Ensino M\u00e9dio prontos para al\u00e7ar novos voos, incentivados sobre suas ambi\u00e7\u00f5es e o que desejam conquistar no futuro profissional. Com um ensino inovador e contextualizado, e que prev\u00ea a Base Nacional Comum Curricular (BNCC) e Matriz de refer\u00eancia do Enem, exploramos o desenvolvimento das habilidades e compet\u00eancias dos estudantes. &nbsp; 3\u00aa [&hellip;]<\/p>\n","protected":false},"author":1,"featured_media":0,"parent":0,"menu_order":0,"comment_status":"closed","ping_status":"closed","template":"","meta":{"footnotes":""},"class_list":["post-1565","page","type-page","status-publish","hentry"],"yoast_head":"<!-- This site is optimized with the Yoast SEO plugin v26.2 - https:\/\/yoast.com\/wordpress\/plugins\/seo\/ -->\n<title>ENSINO M\u00c9DIO - Col\u00e9gio Magnum<\/title>\n<meta name=\"robots\" content=\"index, follow, max-snippet:-1, max-image-preview:large, max-video-preview:-1\" \/>\n<link rel=\"canonical\" href=\"https:\/\/www.magnum.com.br\/?page_id=1565\" \/>\n<meta property=\"og:locale\" content=\"pt_BR\" \/>\n<meta property=\"og:type\" content=\"article\" \/>\n<meta property=\"og:title\" content=\"ENSINO M\u00c9DIO - Col\u00e9gio Magnum\" \/>\n<meta property=\"og:description\" content=\"[vc_row][vc_column][vc_column_text]Nossos alunos terminam o Ensino M\u00e9dio prontos para al\u00e7ar novos voos, incentivados sobre suas ambi\u00e7\u00f5es e o que desejam conquistar no futuro profissional. Com um ensino inovador e contextualizado, e que prev\u00ea a Base Nacional Comum Curricular (BNCC) e Matriz de refer\u00eancia do Enem, exploramos o desenvolvimento das habilidades e compet\u00eancias dos estudantes. &nbsp; 3\u00aa [&hellip;]\" \/>\n<meta property=\"og:url\" content=\"https:\/\/www.magnum.com.br\/?page_id=1565\" \/>\n<meta property=\"og:site_name\" content=\"Col\u00e9gio Magnum\" \/>\n<meta property=\"article:modified_time\" content=\"2025-01-28T19:05:34+00:00\" \/>\n<meta name=\"twitter:card\" content=\"summary_large_image\" \/>\n<meta name=\"twitter:label1\" content=\"Est. tempo de leitura\" \/>\n\t<meta name=\"twitter:data1\" content=\"2 minutos\" \/>\n<script type=\"application\/ld+json\" class=\"yoast-schema-graph\">{\"@context\":\"https:\/\/schema.org\",\"@graph\":[{\"@type\":\"WebPage\",\"@id\":\"https:\/\/www.magnum.com.br\/?page_id=1565\",\"url\":\"https:\/\/www.magnum.com.br\/?page_id=1565\",\"name\":\"ENSINO M\u00c9DIO - Col\u00e9gio Magnum\",\"isPartOf\":{\"@id\":\"https:\/\/www.magnum.com.br\/#website\"},\"datePublished\":\"2022-07-24T14:29:41+00:00\",\"dateModified\":\"2025-01-28T19:05:34+00:00\",\"breadcrumb\":{\"@id\":\"https:\/\/www.magnum.com.br\/?page_id=1565#breadcrumb\"},\"inLanguage\":\"pt-BR\",\"potentialAction\":[{\"@type\":\"ReadAction\",\"target\":[\"https:\/\/www.magnum.com.br\/?page_id=1565\"]}]},{\"@type\":\"BreadcrumbList\",\"@id\":\"https:\/\/www.magnum.com.br\/?page_id=1565#breadcrumb\",\"itemListElement\":[{\"@type\":\"ListItem\",\"position\":1,\"name\":\"In\u00edcio\",\"item\":\"https:\/\/www.magnum.com.br\/\"},{\"@type\":\"ListItem\",\"position\":2,\"name\":\"ENSINO M\u00c9DIO\"}]},{\"@type\":\"WebSite\",\"@id\":\"https:\/\/www.magnum.com.br\/#website\",\"url\":\"https:\/\/www.magnum.com.br\/\",\"name\":\"Col\u00e9gio Magnum\",\"description\":\"\",\"potentialAction\":[{\"@type\":\"SearchAction\",\"target\":{\"@type\":\"EntryPoint\",\"urlTemplate\":\"https:\/\/www.magnum.com.br\/?s={search_term_string}\"},\"query-input\":{\"@type\":\"PropertyValueSpecification\",\"valueRequired\":true,\"valueName\":\"search_term_string\"}}],\"inLanguage\":\"pt-BR\"}]}<\/script>\n<!-- \/ Yoast SEO plugin. -->","yoast_head_json":{"title":"ENSINO M\u00c9DIO - Col\u00e9gio Magnum","robots":{"index":"index","follow":"follow","max-snippet":"max-snippet:-1","max-image-preview":"max-image-preview:large","max-video-preview":"max-video-preview:-1"},"canonical":"https:\/\/www.magnum.com.br\/?page_id=1565","og_locale":"pt_BR","og_type":"article","og_title":"ENSINO M\u00c9DIO - Col\u00e9gio Magnum","og_description":"[vc_row][vc_column][vc_column_text]Nossos alunos terminam o Ensino M\u00e9dio prontos para al\u00e7ar novos voos, incentivados sobre suas ambi\u00e7\u00f5es e o que desejam conquistar no futuro profissional. Com um ensino inovador e contextualizado, e que prev\u00ea a Base Nacional Comum Curricular (BNCC) e Matriz de refer\u00eancia do Enem, exploramos o desenvolvimento das habilidades e compet\u00eancias dos estudantes. &nbsp; 3\u00aa [&hellip;]","og_url":"https:\/\/www.magnum.com.br\/?page_id=1565","og_site_name":"Col\u00e9gio Magnum","article_modified_time":"2025-01-28T19:05:34+00:00","twitter_card":"summary_large_image","twitter_misc":{"Est. tempo de leitura":"2 minutos"},"schema":{"@context":"https:\/\/schema.org","@graph":[{"@type":"WebPage","@id":"https:\/\/www.magnum.com.br\/?page_id=1565","url":"https:\/\/www.magnum.com.br\/?page_id=1565","name":"ENSINO M\u00c9DIO - Col\u00e9gio Magnum","isPartOf":{"@id":"https:\/\/www.magnum.com.br\/#website"},"datePublished":"2022-07-24T14:29:41+00:00","dateModified":"2025-01-28T19:05:34+00:00","breadcrumb":{"@id":"https:\/\/www.magnum.com.br\/?page_id=1565#breadcrumb"},"inLanguage":"pt-BR","potentialAction":[{"@type":"ReadAction","target":["https:\/\/www.magnum.com.br\/?page_id=1565"]}]},{"@type":"BreadcrumbList","@id":"https:\/\/www.magnum.com.br\/?page_id=1565#breadcrumb","itemListElement":[{"@type":"ListItem","position":1,"name":"In\u00edcio","item":"https:\/\/www.magnum.com.br\/"},{"@type":"ListItem","position":2,"name":"ENSINO M\u00c9DIO"}]},{"@type":"WebSite","@id":"https:\/\/www.magnum.com.br\/#website","url":"https:\/\/www.magnum.com.br\/","name":"Col\u00e9gio Magnum","description":"","potentialAction":[{"@type":"SearchAction","target":{"@type":"EntryPoint","urlTemplate":"https:\/\/www.magnum.com.br\/?s={search_term_string}"},"query-input":{"@type":"PropertyValueSpecification","valueRequired":true,"valueName":"search_term_string"}}],"inLanguage":"pt-BR"}]}},"_links":{"self":[{"href":"https:\/\/www.magnum.com.br\/index.php?rest_route=\/wp\/v2\/pages\/1565","targetHints":{"allow":["GET"]}}],"collection":[{"href":"https:\/\/www.magnum.com.br\/index.php?rest_route=\/wp\/v2\/pages"}],"about":[{"href":"https:\/\/www.magnum.com.br\/index.php?rest_route=\/wp\/v2\/types\/page"}],"author":[{"embeddable":true,"href":"https:\/\/www.magnum.com.br\/index.php?rest_route=\/wp\/v2\/users\/1"}],"replies":[{"embeddable":true,"href":"https:\/\/www.magnum.com.br\/index.php?rest_route=%2Fwp%2Fv2%2Fcomments&post=1565"}],"version-history":[{"count":5,"href":"https:\/\/www.magnum.com.br\/index.php?rest_route=\/wp\/v2\/pages\/1565\/revisions"}],"predecessor-version":[{"id":2430,"href":"https:\/\/www.magnum.com.br\/index.php?rest_route=\/wp\/v2\/pages\/1565\/revisions\/2430"}],"wp:attachment":[{"href":"https:\/\/www.magnum.com.br\/index.php?rest_route=%2Fwp%2Fv2%2Fmedia&parent=1565"}],"curies":[{"name":"wp","href":"https:\/\/api.w.org\/{rel}","templated":true}]}}