{"id":1549,"date":"2022-07-24T14:24:37","date_gmt":"2022-07-24T14:24:37","guid":{"rendered":"http:\/\/www.magnum.com.br\/?page_id=1549"},"modified":"2026-02-23T20:33:00","modified_gmt":"2026-02-23T20:33:00","slug":"educacao-infantil","status":"publish","type":"page","link":"https:\/\/www.magnum.com.br\/?page_id=1549","title":{"rendered":"EDUCA\u00c7\u00c3O INFANTIL"},"content":{"rendered":"<div class=\"wpb-content-wrapper\"><p>[vc_row][vc_column][vc_column_text css=&#8221;&#8221;]<\/p>\n<p style=\"font-weight: 400;\">Um espa\u00e7o exclusivo pensado para acolher as crian\u00e7as pequenas e suas fam\u00edlias: uma escola pequena dentro de uma escola grande. Contamos com portaria pr\u00f3pria, garantindo atendimento individualizado e personalizado desde a chegada.<\/p>\n<p style=\"font-weight: 400;\">Oferecemos acompanhamento pr\u00f3ximo e cont\u00ednuo, valorizando a parceria entre escola e fam\u00edlia em cada etapa do desenvolvimento.<\/p>\n<p style=\"font-weight: 400;\">Nossa equipe \u00e9 formada por professores qualificados, com forma\u00e7\u00e3o e especializa\u00e7\u00e3o fundamentadas no desenvolvimento infantil, assegurando pr\u00e1ticas pedag\u00f3gicas adequadas a cada fase.<\/p>\n<p style=\"font-weight: 400;\">As crian\u00e7as vivenciam aulas especializadas, atividades l\u00fadicas e experi\u00eancias significativas em ambientes amplos e diversificados, cuidadosamente planejados para estimular a aprendizagem e a descoberta.<\/p>\n<p style=\"font-weight: 400;\">A biblioteca ocupa um lugar especial em nossa proposta, incentivando o contato com a literatura desde cedo e promovendo a forma\u00e7\u00e3o do h\u00e1bito de leitura como base para a constru\u00e7\u00e3o do conhecimento.<\/p>\n<p>[\/vc_column_text][vc_btn title=&#8221;Quer receber um contato da escola?&#8221; style=&#8221;custom&#8221; custom_background=&#8221;#004d9d&#8221; custom_text=&#8221;#ffffff&#8221; size=&#8221;lg&#8221; link=&#8221;url:http%3A%2F%2Fwww.magnum.com.br%2F%3Fpage_id%3D841&#8243;][\/vc_column][\/vc_row]<\/p>\n<\/div>","protected":false},"excerpt":{"rendered":"<p>[vc_row][vc_column][vc_column_text css=&#8221;&#8221;] Um espa\u00e7o exclusivo pensado para acolher as crian\u00e7as pequenas e suas fam\u00edlias: uma escola pequena dentro de uma escola grande. Contamos com portaria pr\u00f3pria, garantindo atendimento individualizado e personalizado desde a chegada. Oferecemos acompanhamento pr\u00f3ximo e cont\u00ednuo, valorizando a parceria entre escola e fam\u00edlia em cada etapa do desenvolvimento. Nossa equipe \u00e9 formada [&hellip;]<\/p>\n","protected":false},"author":1,"featured_media":0,"parent":0,"menu_order":0,"comment_status":"closed","ping_status":"closed","template":"","meta":{"footnotes":""},"class_list":["post-1549","page","type-page","status-publish","hentry"],"yoast_head":"<!-- This site is optimized with the Yoast SEO plugin v26.2 - https:\/\/yoast.com\/wordpress\/plugins\/seo\/ -->\n<title>EDUCA\u00c7\u00c3O INFANTIL - Col\u00e9gio Magnum<\/title>\n<meta name=\"robots\" content=\"index, follow, max-snippet:-1, max-image-preview:large, max-video-preview:-1\" \/>\n<link rel=\"canonical\" href=\"https:\/\/www.magnum.com.br\/?page_id=1549\" \/>\n<meta property=\"og:locale\" content=\"pt_BR\" \/>\n<meta property=\"og:type\" content=\"article\" \/>\n<meta property=\"og:title\" content=\"EDUCA\u00c7\u00c3O INFANTIL - Col\u00e9gio Magnum\" \/>\n<meta property=\"og:description\" content=\"[vc_row][vc_column][vc_column_text css=&#8221;&#8221;] Um espa\u00e7o exclusivo pensado para acolher as crian\u00e7as pequenas e suas fam\u00edlias: uma escola pequena dentro de uma escola grande. Contamos com portaria pr\u00f3pria, garantindo atendimento individualizado e personalizado desde a chegada. Oferecemos acompanhamento pr\u00f3ximo e cont\u00ednuo, valorizando a parceria entre escola e fam\u00edlia em cada etapa do desenvolvimento. Nossa equipe \u00e9 formada [&hellip;]\" \/>\n<meta property=\"og:url\" content=\"https:\/\/www.magnum.com.br\/?page_id=1549\" \/>\n<meta property=\"og:site_name\" content=\"Col\u00e9gio Magnum\" \/>\n<meta property=\"article:modified_time\" content=\"2026-02-23T20:33:00+00:00\" \/>\n<meta name=\"twitter:card\" content=\"summary_large_image\" \/>\n<meta name=\"twitter:label1\" content=\"Est. tempo de leitura\" \/>\n\t<meta name=\"twitter:data1\" content=\"1 minuto\" \/>\n<script type=\"application\/ld+json\" class=\"yoast-schema-graph\">{\"@context\":\"https:\/\/schema.org\",\"@graph\":[{\"@type\":\"WebPage\",\"@id\":\"https:\/\/www.magnum.com.br\/?page_id=1549\",\"url\":\"https:\/\/www.magnum.com.br\/?page_id=1549\",\"name\":\"EDUCA\u00c7\u00c3O INFANTIL - Col\u00e9gio Magnum\",\"isPartOf\":{\"@id\":\"https:\/\/www.magnum.com.br\/#website\"},\"datePublished\":\"2022-07-24T14:24:37+00:00\",\"dateModified\":\"2026-02-23T20:33:00+00:00\",\"breadcrumb\":{\"@id\":\"https:\/\/www.magnum.com.br\/?page_id=1549#breadcrumb\"},\"inLanguage\":\"pt-BR\",\"potentialAction\":[{\"@type\":\"ReadAction\",\"target\":[\"https:\/\/www.magnum.com.br\/?page_id=1549\"]}]},{\"@type\":\"BreadcrumbList\",\"@id\":\"https:\/\/www.magnum.com.br\/?page_id=1549#breadcrumb\",\"itemListElement\":[{\"@type\":\"ListItem\",\"position\":1,\"name\":\"In\u00edcio\",\"item\":\"https:\/\/www.magnum.com.br\/\"},{\"@type\":\"ListItem\",\"position\":2,\"name\":\"EDUCA\u00c7\u00c3O INFANTIL\"}]},{\"@type\":\"WebSite\",\"@id\":\"https:\/\/www.magnum.com.br\/#website\",\"url\":\"https:\/\/www.magnum.com.br\/\",\"name\":\"Col\u00e9gio Magnum\",\"description\":\"\",\"potentialAction\":[{\"@type\":\"SearchAction\",\"target\":{\"@type\":\"EntryPoint\",\"urlTemplate\":\"https:\/\/www.magnum.com.br\/?s={search_term_string}\"},\"query-input\":{\"@type\":\"PropertyValueSpecification\",\"valueRequired\":true,\"valueName\":\"search_term_string\"}}],\"inLanguage\":\"pt-BR\"}]}<\/script>\n<!-- \/ Yoast SEO plugin. -->","yoast_head_json":{"title":"EDUCA\u00c7\u00c3O INFANTIL - Col\u00e9gio Magnum","robots":{"index":"index","follow":"follow","max-snippet":"max-snippet:-1","max-image-preview":"max-image-preview:large","max-video-preview":"max-video-preview:-1"},"canonical":"https:\/\/www.magnum.com.br\/?page_id=1549","og_locale":"pt_BR","og_type":"article","og_title":"EDUCA\u00c7\u00c3O INFANTIL - Col\u00e9gio Magnum","og_description":"[vc_row][vc_column][vc_column_text css=&#8221;&#8221;] Um espa\u00e7o exclusivo pensado para acolher as crian\u00e7as pequenas e suas fam\u00edlias: uma escola pequena dentro de uma escola grande. Contamos com portaria pr\u00f3pria, garantindo atendimento individualizado e personalizado desde a chegada. Oferecemos acompanhamento pr\u00f3ximo e cont\u00ednuo, valorizando a parceria entre escola e fam\u00edlia em cada etapa do desenvolvimento. Nossa equipe \u00e9 formada [&hellip;]","og_url":"https:\/\/www.magnum.com.br\/?page_id=1549","og_site_name":"Col\u00e9gio Magnum","article_modified_time":"2026-02-23T20:33:00+00:00","twitter_card":"summary_large_image","twitter_misc":{"Est. tempo de leitura":"1 minuto"},"schema":{"@context":"https:\/\/schema.org","@graph":[{"@type":"WebPage","@id":"https:\/\/www.magnum.com.br\/?page_id=1549","url":"https:\/\/www.magnum.com.br\/?page_id=1549","name":"EDUCA\u00c7\u00c3O INFANTIL - Col\u00e9gio Magnum","isPartOf":{"@id":"https:\/\/www.magnum.com.br\/#website"},"datePublished":"2022-07-24T14:24:37+00:00","dateModified":"2026-02-23T20:33:00+00:00","breadcrumb":{"@id":"https:\/\/www.magnum.com.br\/?page_id=1549#breadcrumb"},"inLanguage":"pt-BR","potentialAction":[{"@type":"ReadAction","target":["https:\/\/www.magnum.com.br\/?page_id=1549"]}]},{"@type":"BreadcrumbList","@id":"https:\/\/www.magnum.com.br\/?page_id=1549#breadcrumb","itemListElement":[{"@type":"ListItem","position":1,"name":"In\u00edcio","item":"https:\/\/www.magnum.com.br\/"},{"@type":"ListItem","position":2,"name":"EDUCA\u00c7\u00c3O INFANTIL"}]},{"@type":"WebSite","@id":"https:\/\/www.magnum.com.br\/#website","url":"https:\/\/www.magnum.com.br\/","name":"Col\u00e9gio Magnum","description":"","potentialAction":[{"@type":"SearchAction","target":{"@type":"EntryPoint","urlTemplate":"https:\/\/www.magnum.com.br\/?s={search_term_string}"},"query-input":{"@type":"PropertyValueSpecification","valueRequired":true,"valueName":"search_term_string"}}],"inLanguage":"pt-BR"}]}},"_links":{"self":[{"href":"https:\/\/www.magnum.com.br\/index.php?rest_route=\/wp\/v2\/pages\/1549","targetHints":{"allow":["GET"]}}],"collection":[{"href":"https:\/\/www.magnum.com.br\/index.php?rest_route=\/wp\/v2\/pages"}],"about":[{"href":"https:\/\/www.magnum.com.br\/index.php?rest_route=\/wp\/v2\/types\/page"}],"author":[{"embeddable":true,"href":"https:\/\/www.magnum.com.br\/index.php?rest_route=\/wp\/v2\/users\/1"}],"replies":[{"embeddable":true,"href":"https:\/\/www.magnum.com.br\/index.php?rest_route=%2Fwp%2Fv2%2Fcomments&post=1549"}],"version-history":[{"count":11,"href":"https:\/\/www.magnum.com.br\/index.php?rest_route=\/wp\/v2\/pages\/1549\/revisions"}],"predecessor-version":[{"id":2703,"href":"https:\/\/www.magnum.com.br\/index.php?rest_route=\/wp\/v2\/pages\/1549\/revisions\/2703"}],"wp:attachment":[{"href":"https:\/\/www.magnum.com.br\/index.php?rest_route=%2Fwp%2Fv2%2Fmedia&parent=1549"}],"curies":[{"name":"wp","href":"https:\/\/api.w.org\/{rel}","templated":true}]}}