{"id":1509,"date":"2022-07-24T14:08:31","date_gmt":"2022-07-24T14:08:31","guid":{"rendered":"http:\/\/www.magnum.com.br\/?page_id=1509"},"modified":"2025-02-24T18:25:36","modified_gmt":"2025-02-24T18:25:36","slug":"nossa-estrutura","status":"publish","type":"page","link":"https:\/\/www.magnum.com.br\/?page_id=1509","title":{"rendered":"NOSSA ESTRUTURA"},"content":{"rendered":"<div class=\"wpb-content-wrapper\"><p>[vc_row][vc_column][vc_column_text]<b>INFRAESTRUTURA<\/b><\/p>\n<p>&nbsp;<\/p>\n<p>Instalado em uma \u00e1rea de 11.500m2, o Col\u00e9gio disp\u00f5e de amplos jardins, espa\u00e7os de conviv\u00eancia e estudo em grupo, largos espa\u00e7os para esportes, lazer, laborat\u00f3rios e modernas e confort\u00e1veis salas de aula, quadras, parquinho, piscinas aquecidas, gin\u00e1sio poliesportivo e um pr\u00e9dio todo planejado para a educa\u00e7\u00e3o Infantil. Nesse espa\u00e7o, tudo \u00e9 pensado para que as crian\u00e7as e adolescentes possam descobrir e desenvolver suas potencialidades e seus talentos.[\/vc_column_text][vc_video link=&#8221;https:\/\/youtu.be\/nTpwUj19eWE&#8221;][vc_btn title=&#8221;Quer receber um contato da escola?&#8221; style=&#8221;custom&#8221; custom_background=&#8221;#004d9d&#8221; custom_text=&#8221;#ffffff&#8221; size=&#8221;lg&#8221; link=&#8221;url:http%3A%2F%2Fwww.magnum.com.br%2F%3Fpage_id%3D841&#8243;][\/vc_column][\/vc_row]<\/p>\n<\/div>","protected":false},"excerpt":{"rendered":"<p>[vc_row][vc_column][vc_column_text]INFRAESTRUTURA &nbsp; Instalado em uma \u00e1rea de 11.500m2, o Col\u00e9gio disp\u00f5e de amplos jardins, espa\u00e7os de conviv\u00eancia e estudo em grupo, largos espa\u00e7os para esportes, lazer, laborat\u00f3rios e modernas e confort\u00e1veis salas de aula, quadras, parquinho, piscinas aquecidas, gin\u00e1sio poliesportivo e um pr\u00e9dio todo planejado para a educa\u00e7\u00e3o Infantil. Nesse espa\u00e7o, tudo \u00e9 pensado para [&hellip;]<\/p>\n","protected":false},"author":1,"featured_media":0,"parent":0,"menu_order":0,"comment_status":"closed","ping_status":"closed","template":"","meta":{"footnotes":""},"class_list":["post-1509","page","type-page","status-publish","hentry"],"yoast_head":"<!-- This site is optimized with the Yoast SEO plugin v26.2 - https:\/\/yoast.com\/wordpress\/plugins\/seo\/ -->\n<title>NOSSA ESTRUTURA - Col\u00e9gio Magnum<\/title>\n<meta name=\"robots\" content=\"index, follow, max-snippet:-1, max-image-preview:large, max-video-preview:-1\" \/>\n<link rel=\"canonical\" href=\"https:\/\/www.magnum.com.br\/?page_id=1509\" \/>\n<meta property=\"og:locale\" content=\"pt_BR\" \/>\n<meta property=\"og:type\" content=\"article\" \/>\n<meta property=\"og:title\" content=\"NOSSA ESTRUTURA - Col\u00e9gio Magnum\" \/>\n<meta property=\"og:description\" content=\"[vc_row][vc_column][vc_column_text]INFRAESTRUTURA &nbsp; Instalado em uma \u00e1rea de 11.500m2, o Col\u00e9gio disp\u00f5e de amplos jardins, espa\u00e7os de conviv\u00eancia e estudo em grupo, largos espa\u00e7os para esportes, lazer, laborat\u00f3rios e modernas e confort\u00e1veis salas de aula, quadras, parquinho, piscinas aquecidas, gin\u00e1sio poliesportivo e um pr\u00e9dio todo planejado para a educa\u00e7\u00e3o Infantil. Nesse espa\u00e7o, tudo \u00e9 pensado para [&hellip;]\" \/>\n<meta property=\"og:url\" content=\"https:\/\/www.magnum.com.br\/?page_id=1509\" \/>\n<meta property=\"og:site_name\" content=\"Col\u00e9gio Magnum\" \/>\n<meta property=\"article:modified_time\" content=\"2025-02-24T18:25:36+00:00\" \/>\n<meta name=\"twitter:card\" content=\"summary_large_image\" \/>\n<meta name=\"twitter:label1\" content=\"Est. tempo de leitura\" \/>\n\t<meta name=\"twitter:data1\" content=\"1 minuto\" \/>\n<script type=\"application\/ld+json\" class=\"yoast-schema-graph\">{\"@context\":\"https:\/\/schema.org\",\"@graph\":[{\"@type\":\"WebPage\",\"@id\":\"https:\/\/www.magnum.com.br\/?page_id=1509\",\"url\":\"https:\/\/www.magnum.com.br\/?page_id=1509\",\"name\":\"NOSSA ESTRUTURA - Col\u00e9gio Magnum\",\"isPartOf\":{\"@id\":\"https:\/\/www.magnum.com.br\/#website\"},\"datePublished\":\"2022-07-24T14:08:31+00:00\",\"dateModified\":\"2025-02-24T18:25:36+00:00\",\"breadcrumb\":{\"@id\":\"https:\/\/www.magnum.com.br\/?page_id=1509#breadcrumb\"},\"inLanguage\":\"pt-BR\",\"potentialAction\":[{\"@type\":\"ReadAction\",\"target\":[\"https:\/\/www.magnum.com.br\/?page_id=1509\"]}]},{\"@type\":\"BreadcrumbList\",\"@id\":\"https:\/\/www.magnum.com.br\/?page_id=1509#breadcrumb\",\"itemListElement\":[{\"@type\":\"ListItem\",\"position\":1,\"name\":\"In\u00edcio\",\"item\":\"https:\/\/www.magnum.com.br\/\"},{\"@type\":\"ListItem\",\"position\":2,\"name\":\"NOSSA ESTRUTURA\"}]},{\"@type\":\"WebSite\",\"@id\":\"https:\/\/www.magnum.com.br\/#website\",\"url\":\"https:\/\/www.magnum.com.br\/\",\"name\":\"Col\u00e9gio Magnum\",\"description\":\"\",\"potentialAction\":[{\"@type\":\"SearchAction\",\"target\":{\"@type\":\"EntryPoint\",\"urlTemplate\":\"https:\/\/www.magnum.com.br\/?s={search_term_string}\"},\"query-input\":{\"@type\":\"PropertyValueSpecification\",\"valueRequired\":true,\"valueName\":\"search_term_string\"}}],\"inLanguage\":\"pt-BR\"}]}<\/script>\n<!-- \/ Yoast SEO plugin. -->","yoast_head_json":{"title":"NOSSA ESTRUTURA - Col\u00e9gio Magnum","robots":{"index":"index","follow":"follow","max-snippet":"max-snippet:-1","max-image-preview":"max-image-preview:large","max-video-preview":"max-video-preview:-1"},"canonical":"https:\/\/www.magnum.com.br\/?page_id=1509","og_locale":"pt_BR","og_type":"article","og_title":"NOSSA ESTRUTURA - Col\u00e9gio Magnum","og_description":"[vc_row][vc_column][vc_column_text]INFRAESTRUTURA &nbsp; Instalado em uma \u00e1rea de 11.500m2, o Col\u00e9gio disp\u00f5e de amplos jardins, espa\u00e7os de conviv\u00eancia e estudo em grupo, largos espa\u00e7os para esportes, lazer, laborat\u00f3rios e modernas e confort\u00e1veis salas de aula, quadras, parquinho, piscinas aquecidas, gin\u00e1sio poliesportivo e um pr\u00e9dio todo planejado para a educa\u00e7\u00e3o Infantil. Nesse espa\u00e7o, tudo \u00e9 pensado para [&hellip;]","og_url":"https:\/\/www.magnum.com.br\/?page_id=1509","og_site_name":"Col\u00e9gio Magnum","article_modified_time":"2025-02-24T18:25:36+00:00","twitter_card":"summary_large_image","twitter_misc":{"Est. tempo de leitura":"1 minuto"},"schema":{"@context":"https:\/\/schema.org","@graph":[{"@type":"WebPage","@id":"https:\/\/www.magnum.com.br\/?page_id=1509","url":"https:\/\/www.magnum.com.br\/?page_id=1509","name":"NOSSA ESTRUTURA - Col\u00e9gio Magnum","isPartOf":{"@id":"https:\/\/www.magnum.com.br\/#website"},"datePublished":"2022-07-24T14:08:31+00:00","dateModified":"2025-02-24T18:25:36+00:00","breadcrumb":{"@id":"https:\/\/www.magnum.com.br\/?page_id=1509#breadcrumb"},"inLanguage":"pt-BR","potentialAction":[{"@type":"ReadAction","target":["https:\/\/www.magnum.com.br\/?page_id=1509"]}]},{"@type":"BreadcrumbList","@id":"https:\/\/www.magnum.com.br\/?page_id=1509#breadcrumb","itemListElement":[{"@type":"ListItem","position":1,"name":"In\u00edcio","item":"https:\/\/www.magnum.com.br\/"},{"@type":"ListItem","position":2,"name":"NOSSA ESTRUTURA"}]},{"@type":"WebSite","@id":"https:\/\/www.magnum.com.br\/#website","url":"https:\/\/www.magnum.com.br\/","name":"Col\u00e9gio Magnum","description":"","potentialAction":[{"@type":"SearchAction","target":{"@type":"EntryPoint","urlTemplate":"https:\/\/www.magnum.com.br\/?s={search_term_string}"},"query-input":{"@type":"PropertyValueSpecification","valueRequired":true,"valueName":"search_term_string"}}],"inLanguage":"pt-BR"}]}},"_links":{"self":[{"href":"https:\/\/www.magnum.com.br\/index.php?rest_route=\/wp\/v2\/pages\/1509","targetHints":{"allow":["GET"]}}],"collection":[{"href":"https:\/\/www.magnum.com.br\/index.php?rest_route=\/wp\/v2\/pages"}],"about":[{"href":"https:\/\/www.magnum.com.br\/index.php?rest_route=\/wp\/v2\/types\/page"}],"author":[{"embeddable":true,"href":"https:\/\/www.magnum.com.br\/index.php?rest_route=\/wp\/v2\/users\/1"}],"replies":[{"embeddable":true,"href":"https:\/\/www.magnum.com.br\/index.php?rest_route=%2Fwp%2Fv2%2Fcomments&post=1509"}],"version-history":[{"count":8,"href":"https:\/\/www.magnum.com.br\/index.php?rest_route=\/wp\/v2\/pages\/1509\/revisions"}],"predecessor-version":[{"id":2512,"href":"https:\/\/www.magnum.com.br\/index.php?rest_route=\/wp\/v2\/pages\/1509\/revisions\/2512"}],"wp:attachment":[{"href":"https:\/\/www.magnum.com.br\/index.php?rest_route=%2Fwp%2Fv2%2Fmedia&parent=1509"}],"curies":[{"name":"wp","href":"https:\/\/api.w.org\/{rel}","templated":true}]}}