{"id":1492,"date":"2022-07-24T13:50:51","date_gmt":"2022-07-24T13:50:51","guid":{"rendered":"http:\/\/www.magnum.com.br\/?page_id=1492"},"modified":"2025-12-29T14:25:52","modified_gmt":"2025-12-29T14:25:52","slug":"unesco","status":"publish","type":"page","link":"https:\/\/www.magnum.com.br\/?page_id=1492","title":{"rendered":"UNESCO"},"content":{"rendered":"<div class=\"wpb-content-wrapper\"><p>[vc_row][vc_column][vc_column_text css=&#8221;&#8221;]O Col\u00e9gio Magnum integra o <strong>PEA, Programa das Escolas Associadas da UNESCO<\/strong>, uma rede internacional de institui\u00e7\u00f5es comprometidas com a promo\u00e7\u00e3o de uma educa\u00e7\u00e3o de qualidade, voltada para a constru\u00e7\u00e3o da paz, da liberdade, da justi\u00e7a social e do desenvolvimento humano. As escolas associadas atuam de forma alinhada aos princ\u00edpios da UNESCO, buscando responder \u00e0s necessidades educacionais de crian\u00e7as e jovens em todo o mundo.<\/p>\n<p>&nbsp;<\/p>\n<p>Em outubro de 2010, durante o Encontro Nacional de Escolas Associadas da UNESCO, o Magnum recebeu o certificado oficial de inclus\u00e3o no PEA. No ano seguinte, em 2011, o diretor do Col\u00e9gio, Eldo Pena Couto, foi nomeado coordenador das Escolas PEA UNESCO em Minas Gerais. Esse reconhecimento \u00e9 resultado dos in\u00fameros projetos desenvolvidos pelo Col\u00e9gio, sempre com o objetivo de oferecer uma forma\u00e7\u00e3o acad\u00eamica e humana de excel\u00eancia.<\/p>\n<p>&nbsp;<\/p>\n<p>Ser uma escola associada \u00e0 UNESCO representa um importante atestado da qualidade do trabalho educacional realizado pelo Magnum e refor\u00e7a o compromisso assumido com as fam\u00edlias que confiam ao Col\u00e9gio a forma\u00e7\u00e3o de seus filhos: oferecer o melhor ensino aliado a valores \u00e9ticos, sociais e ambientais.[\/vc_column_text][\/vc_column][\/vc_row]<\/p>\n<\/div>","protected":false},"excerpt":{"rendered":"<p>[vc_row][vc_column][vc_column_text css=&#8221;&#8221;]O Col\u00e9gio Magnum integra o PEA, Programa das Escolas Associadas da UNESCO, uma rede internacional de institui\u00e7\u00f5es comprometidas com a promo\u00e7\u00e3o de uma educa\u00e7\u00e3o de qualidade, voltada para a constru\u00e7\u00e3o da paz, da liberdade, da justi\u00e7a social e do desenvolvimento humano. As escolas associadas atuam de forma alinhada aos princ\u00edpios da UNESCO, buscando responder [&hellip;]<\/p>\n","protected":false},"author":1,"featured_media":0,"parent":0,"menu_order":0,"comment_status":"closed","ping_status":"closed","template":"","meta":{"footnotes":""},"class_list":["post-1492","page","type-page","status-publish","hentry"],"yoast_head":"<!-- This site is optimized with the Yoast SEO plugin v26.2 - https:\/\/yoast.com\/wordpress\/plugins\/seo\/ -->\n<title>UNESCO - Col\u00e9gio Magnum<\/title>\n<meta name=\"robots\" content=\"index, follow, max-snippet:-1, max-image-preview:large, max-video-preview:-1\" \/>\n<link rel=\"canonical\" href=\"https:\/\/www.magnum.com.br\/?page_id=1492\" \/>\n<meta property=\"og:locale\" content=\"pt_BR\" \/>\n<meta property=\"og:type\" content=\"article\" \/>\n<meta property=\"og:title\" content=\"UNESCO - Col\u00e9gio Magnum\" \/>\n<meta property=\"og:description\" content=\"[vc_row][vc_column][vc_column_text css=&#8221;&#8221;]O Col\u00e9gio Magnum integra o PEA, Programa das Escolas Associadas da UNESCO, uma rede internacional de institui\u00e7\u00f5es comprometidas com a promo\u00e7\u00e3o de uma educa\u00e7\u00e3o de qualidade, voltada para a constru\u00e7\u00e3o da paz, da liberdade, da justi\u00e7a social e do desenvolvimento humano. As escolas associadas atuam de forma alinhada aos princ\u00edpios da UNESCO, buscando responder [&hellip;]\" \/>\n<meta property=\"og:url\" content=\"https:\/\/www.magnum.com.br\/?page_id=1492\" \/>\n<meta property=\"og:site_name\" content=\"Col\u00e9gio Magnum\" \/>\n<meta property=\"article:modified_time\" content=\"2025-12-29T14:25:52+00:00\" \/>\n<meta name=\"twitter:card\" content=\"summary_large_image\" \/>\n<meta name=\"twitter:label1\" content=\"Est. tempo de leitura\" \/>\n\t<meta name=\"twitter:data1\" content=\"1 minuto\" \/>\n<script type=\"application\/ld+json\" class=\"yoast-schema-graph\">{\"@context\":\"https:\/\/schema.org\",\"@graph\":[{\"@type\":\"WebPage\",\"@id\":\"https:\/\/www.magnum.com.br\/?page_id=1492\",\"url\":\"https:\/\/www.magnum.com.br\/?page_id=1492\",\"name\":\"UNESCO - Col\u00e9gio Magnum\",\"isPartOf\":{\"@id\":\"https:\/\/www.magnum.com.br\/#website\"},\"datePublished\":\"2022-07-24T13:50:51+00:00\",\"dateModified\":\"2025-12-29T14:25:52+00:00\",\"breadcrumb\":{\"@id\":\"https:\/\/www.magnum.com.br\/?page_id=1492#breadcrumb\"},\"inLanguage\":\"pt-BR\",\"potentialAction\":[{\"@type\":\"ReadAction\",\"target\":[\"https:\/\/www.magnum.com.br\/?page_id=1492\"]}]},{\"@type\":\"BreadcrumbList\",\"@id\":\"https:\/\/www.magnum.com.br\/?page_id=1492#breadcrumb\",\"itemListElement\":[{\"@type\":\"ListItem\",\"position\":1,\"name\":\"In\u00edcio\",\"item\":\"https:\/\/www.magnum.com.br\/\"},{\"@type\":\"ListItem\",\"position\":2,\"name\":\"UNESCO\"}]},{\"@type\":\"WebSite\",\"@id\":\"https:\/\/www.magnum.com.br\/#website\",\"url\":\"https:\/\/www.magnum.com.br\/\",\"name\":\"Col\u00e9gio Magnum\",\"description\":\"\",\"potentialAction\":[{\"@type\":\"SearchAction\",\"target\":{\"@type\":\"EntryPoint\",\"urlTemplate\":\"https:\/\/www.magnum.com.br\/?s={search_term_string}\"},\"query-input\":{\"@type\":\"PropertyValueSpecification\",\"valueRequired\":true,\"valueName\":\"search_term_string\"}}],\"inLanguage\":\"pt-BR\"}]}<\/script>\n<!-- \/ Yoast SEO plugin. -->","yoast_head_json":{"title":"UNESCO - Col\u00e9gio Magnum","robots":{"index":"index","follow":"follow","max-snippet":"max-snippet:-1","max-image-preview":"max-image-preview:large","max-video-preview":"max-video-preview:-1"},"canonical":"https:\/\/www.magnum.com.br\/?page_id=1492","og_locale":"pt_BR","og_type":"article","og_title":"UNESCO - Col\u00e9gio Magnum","og_description":"[vc_row][vc_column][vc_column_text css=&#8221;&#8221;]O Col\u00e9gio Magnum integra o PEA, Programa das Escolas Associadas da UNESCO, uma rede internacional de institui\u00e7\u00f5es comprometidas com a promo\u00e7\u00e3o de uma educa\u00e7\u00e3o de qualidade, voltada para a constru\u00e7\u00e3o da paz, da liberdade, da justi\u00e7a social e do desenvolvimento humano. As escolas associadas atuam de forma alinhada aos princ\u00edpios da UNESCO, buscando responder [&hellip;]","og_url":"https:\/\/www.magnum.com.br\/?page_id=1492","og_site_name":"Col\u00e9gio Magnum","article_modified_time":"2025-12-29T14:25:52+00:00","twitter_card":"summary_large_image","twitter_misc":{"Est. tempo de leitura":"1 minuto"},"schema":{"@context":"https:\/\/schema.org","@graph":[{"@type":"WebPage","@id":"https:\/\/www.magnum.com.br\/?page_id=1492","url":"https:\/\/www.magnum.com.br\/?page_id=1492","name":"UNESCO - Col\u00e9gio Magnum","isPartOf":{"@id":"https:\/\/www.magnum.com.br\/#website"},"datePublished":"2022-07-24T13:50:51+00:00","dateModified":"2025-12-29T14:25:52+00:00","breadcrumb":{"@id":"https:\/\/www.magnum.com.br\/?page_id=1492#breadcrumb"},"inLanguage":"pt-BR","potentialAction":[{"@type":"ReadAction","target":["https:\/\/www.magnum.com.br\/?page_id=1492"]}]},{"@type":"BreadcrumbList","@id":"https:\/\/www.magnum.com.br\/?page_id=1492#breadcrumb","itemListElement":[{"@type":"ListItem","position":1,"name":"In\u00edcio","item":"https:\/\/www.magnum.com.br\/"},{"@type":"ListItem","position":2,"name":"UNESCO"}]},{"@type":"WebSite","@id":"https:\/\/www.magnum.com.br\/#website","url":"https:\/\/www.magnum.com.br\/","name":"Col\u00e9gio Magnum","description":"","potentialAction":[{"@type":"SearchAction","target":{"@type":"EntryPoint","urlTemplate":"https:\/\/www.magnum.com.br\/?s={search_term_string}"},"query-input":{"@type":"PropertyValueSpecification","valueRequired":true,"valueName":"search_term_string"}}],"inLanguage":"pt-BR"}]}},"_links":{"self":[{"href":"https:\/\/www.magnum.com.br\/index.php?rest_route=\/wp\/v2\/pages\/1492","targetHints":{"allow":["GET"]}}],"collection":[{"href":"https:\/\/www.magnum.com.br\/index.php?rest_route=\/wp\/v2\/pages"}],"about":[{"href":"https:\/\/www.magnum.com.br\/index.php?rest_route=\/wp\/v2\/types\/page"}],"author":[{"embeddable":true,"href":"https:\/\/www.magnum.com.br\/index.php?rest_route=\/wp\/v2\/users\/1"}],"replies":[{"embeddable":true,"href":"https:\/\/www.magnum.com.br\/index.php?rest_route=%2Fwp%2Fv2%2Fcomments&post=1492"}],"version-history":[{"count":10,"href":"https:\/\/www.magnum.com.br\/index.php?rest_route=\/wp\/v2\/pages\/1492\/revisions"}],"predecessor-version":[{"id":2670,"href":"https:\/\/www.magnum.com.br\/index.php?rest_route=\/wp\/v2\/pages\/1492\/revisions\/2670"}],"wp:attachment":[{"href":"https:\/\/www.magnum.com.br\/index.php?rest_route=%2Fwp%2Fv2%2Fmedia&parent=1492"}],"curies":[{"name":"wp","href":"https:\/\/api.w.org\/{rel}","templated":true}]}}