{"id":1487,"date":"2022-07-24T13:44:26","date_gmt":"2022-07-24T13:44:26","guid":{"rendered":"http:\/\/www.magnum.com.br\/?page_id=1487"},"modified":"2025-12-29T14:22:40","modified_gmt":"2025-12-29T14:22:40","slug":"ingles","status":"publish","type":"page","link":"https:\/\/www.magnum.com.br\/?page_id=1487","title":{"rendered":"INGL\u00caS"},"content":{"rendered":"<div class=\"wpb-content-wrapper\"><p>[vc_row][vc_column][vc_column_text css=&#8221;&#8221;]<\/p>\n<p data-start=\"243\" data-end=\"691\">O Magnum introduziu o ensino de Ingl\u00eas com o prop\u00f3sito de tornar a aprendizagem do idioma realmente efetiva e significativa. Em diversos pa\u00edses, como China, Alemanha, Coreia do Sul, Finl\u00e2ndia, Jap\u00e3o e Fran\u00e7a, crian\u00e7as e jovens aprendem, desde cedo, a se comunicar com flu\u00eancia em outros idiomas dentro do ambiente escolar. O Ingl\u00eas, consolidado como l\u00edngua universal, faz parte dessa forma\u00e7\u00e3o de maneira natural e consistente.<\/p>\n<p data-start=\"693\" data-end=\"1047\">Atentos a esse cen\u00e1rio e conscientes da import\u00e2ncia do dom\u00ednio do Ingl\u00eas para a comunica\u00e7\u00e3o acad\u00eamica, profissional e interpessoal, os educadores do Magnum desenvolveram um programa espec\u00edfico, alinhado aos mais elevados padr\u00f5es internacionais. O objetivo \u00e9 oferecer um ensino de Ingl\u00eas compat\u00edvel com a qualidade praticada em pa\u00edses da Europa e da \u00c1sia.<\/p>\n<p data-start=\"1049\" data-end=\"1395\">Em 2014, o Col\u00e9gio firmou parceria com a Cambridge University Press, fortalecendo ainda mais esse compromisso. A partir dessa parceria, profissionais da Cambridge passaram a contribuir para a garantia da qualidade do programa, desde a forma\u00e7\u00e3o e acompanhamento dos professores at\u00e9 a utiliza\u00e7\u00e3o de material did\u00e1tico internacionalmente reconhecido.<\/p>\n<p data-start=\"1397\" data-end=\"1632\">Al\u00e9m disso, os alunos s\u00e3o preparados para testes de profici\u00eancia e t\u00eam acesso a exames de certifica\u00e7\u00e3o internacional, assegurando um aprendizado estruturado, progressivo e alinhado \u00e0s melhores metodologias de ensino de Ingl\u00eas do mundo.<\/p>\n<p data-start=\"1634\" data-end=\"1902\" data-is-last-node=\"\" data-is-only-node=\"\">Dessa forma, o ensino de Ingl\u00eas no Magnum se destaca no cen\u00e1rio educacional, oferecendo aos alunos uma ferramenta essencial para o sucesso acad\u00eamico e para sua plena inser\u00e7\u00e3o em um contexto global, no qual a comunica\u00e7\u00e3o em Ingl\u00eas \u00e9 cada vez mais presente e necess\u00e1ria.<\/p>\n<p>&nbsp;<\/p>\n<p><img loading=\"lazy\" decoding=\"async\" class=\"wp-image-2387 alignleft\" src=\"https:\/\/www.magnum.com.br\/wp-content\/uploads\/2025\/01\/Logo-Vertical-Color_Cambridge-University-Press-Bilingual-Partner.jpg\" alt=\"\" width=\"219\" height=\"216\" srcset=\"https:\/\/www.magnum.com.br\/wp-content\/uploads\/2025\/01\/Logo-Vertical-Color_Cambridge-University-Press-Bilingual-Partner.jpg 658w, https:\/\/www.magnum.com.br\/wp-content\/uploads\/2025\/01\/Logo-Vertical-Color_Cambridge-University-Press-Bilingual-Partner-300x297.jpg 300w, https:\/\/www.magnum.com.br\/wp-content\/uploads\/2025\/01\/Logo-Vertical-Color_Cambridge-University-Press-Bilingual-Partner-75x75.jpg 75w\" sizes=\"auto, (max-width: 219px) 100vw, 219px\" \/><\/p>\n<p>&nbsp;<\/p>\n<p>&nbsp;<\/p>\n<p>&nbsp;<\/p>\n<p>&nbsp;<\/p>\n<p>&nbsp;<\/p>\n<p>&nbsp;<\/p>\n<p>&nbsp;<\/p>\n<p>[\/vc_column_text][vc_btn title=&#8221;Quer receber um contato da escola?&#8221; style=&#8221;custom&#8221; custom_background=&#8221;#004d9d&#8221; custom_text=&#8221;#ffffff&#8221; size=&#8221;lg&#8221; link=&#8221;url:http%3A%2F%2Fwww.magnum.com.br%2F%3Fpage_id%3D841&#8243;][\/vc_column][\/vc_row]<\/p>\n<\/div>","protected":false},"excerpt":{"rendered":"<p>[vc_row][vc_column][vc_column_text css=&#8221;&#8221;] O Magnum introduziu o ensino de Ingl\u00eas com o prop\u00f3sito de tornar a aprendizagem do idioma realmente efetiva e significativa. Em diversos pa\u00edses, como China, Alemanha, Coreia do Sul, Finl\u00e2ndia, Jap\u00e3o e Fran\u00e7a, crian\u00e7as e jovens aprendem, desde cedo, a se comunicar com flu\u00eancia em outros idiomas dentro do ambiente escolar. O Ingl\u00eas, [&hellip;]<\/p>\n","protected":false},"author":1,"featured_media":0,"parent":0,"menu_order":0,"comment_status":"closed","ping_status":"closed","template":"","meta":{"footnotes":""},"class_list":["post-1487","page","type-page","status-publish","hentry"],"yoast_head":"<!-- This site is optimized with the Yoast SEO plugin v26.2 - https:\/\/yoast.com\/wordpress\/plugins\/seo\/ -->\n<title>INGL\u00caS - Col\u00e9gio Magnum<\/title>\n<meta name=\"robots\" content=\"index, follow, max-snippet:-1, max-image-preview:large, max-video-preview:-1\" \/>\n<link rel=\"canonical\" href=\"https:\/\/www.magnum.com.br\/?page_id=1487\" \/>\n<meta property=\"og:locale\" content=\"pt_BR\" \/>\n<meta property=\"og:type\" content=\"article\" \/>\n<meta property=\"og:title\" content=\"INGL\u00caS - Col\u00e9gio Magnum\" \/>\n<meta property=\"og:description\" content=\"[vc_row][vc_column][vc_column_text css=&#8221;&#8221;] O Magnum introduziu o ensino de Ingl\u00eas com o prop\u00f3sito de tornar a aprendizagem do idioma realmente efetiva e significativa. Em diversos pa\u00edses, como China, Alemanha, Coreia do Sul, Finl\u00e2ndia, Jap\u00e3o e Fran\u00e7a, crian\u00e7as e jovens aprendem, desde cedo, a se comunicar com flu\u00eancia em outros idiomas dentro do ambiente escolar. O Ingl\u00eas, [&hellip;]\" \/>\n<meta property=\"og:url\" content=\"https:\/\/www.magnum.com.br\/?page_id=1487\" \/>\n<meta property=\"og:site_name\" content=\"Col\u00e9gio Magnum\" \/>\n<meta property=\"article:modified_time\" content=\"2025-12-29T14:22:40+00:00\" \/>\n<meta property=\"og:image\" content=\"https:\/\/www.magnum.com.br\/wp-content\/uploads\/2025\/01\/Logo-Vertical-Color_Cambridge-University-Press-Bilingual-Partner.jpg\" \/>\n\t<meta property=\"og:image:width\" content=\"658\" \/>\n\t<meta property=\"og:image:height\" content=\"651\" \/>\n\t<meta property=\"og:image:type\" content=\"image\/jpeg\" \/>\n<meta name=\"twitter:card\" content=\"summary_large_image\" \/>\n<meta name=\"twitter:label1\" content=\"Est. tempo de leitura\" \/>\n\t<meta name=\"twitter:data1\" content=\"2 minutos\" \/>\n<script type=\"application\/ld+json\" class=\"yoast-schema-graph\">{\"@context\":\"https:\/\/schema.org\",\"@graph\":[{\"@type\":\"WebPage\",\"@id\":\"https:\/\/www.magnum.com.br\/?page_id=1487\",\"url\":\"https:\/\/www.magnum.com.br\/?page_id=1487\",\"name\":\"INGL\u00caS - Col\u00e9gio Magnum\",\"isPartOf\":{\"@id\":\"https:\/\/www.magnum.com.br\/#website\"},\"primaryImageOfPage\":{\"@id\":\"https:\/\/www.magnum.com.br\/?page_id=1487#primaryimage\"},\"image\":{\"@id\":\"https:\/\/www.magnum.com.br\/?page_id=1487#primaryimage\"},\"thumbnailUrl\":\"https:\/\/www.magnum.com.br\/wp-content\/uploads\/2025\/01\/Logo-Vertical-Color_Cambridge-University-Press-Bilingual-Partner.jpg\",\"datePublished\":\"2022-07-24T13:44:26+00:00\",\"dateModified\":\"2025-12-29T14:22:40+00:00\",\"breadcrumb\":{\"@id\":\"https:\/\/www.magnum.com.br\/?page_id=1487#breadcrumb\"},\"inLanguage\":\"pt-BR\",\"potentialAction\":[{\"@type\":\"ReadAction\",\"target\":[\"https:\/\/www.magnum.com.br\/?page_id=1487\"]}]},{\"@type\":\"ImageObject\",\"inLanguage\":\"pt-BR\",\"@id\":\"https:\/\/www.magnum.com.br\/?page_id=1487#primaryimage\",\"url\":\"https:\/\/www.magnum.com.br\/wp-content\/uploads\/2025\/01\/Logo-Vertical-Color_Cambridge-University-Press-Bilingual-Partner.jpg\",\"contentUrl\":\"https:\/\/www.magnum.com.br\/wp-content\/uploads\/2025\/01\/Logo-Vertical-Color_Cambridge-University-Press-Bilingual-Partner.jpg\",\"width\":658,\"height\":651},{\"@type\":\"BreadcrumbList\",\"@id\":\"https:\/\/www.magnum.com.br\/?page_id=1487#breadcrumb\",\"itemListElement\":[{\"@type\":\"ListItem\",\"position\":1,\"name\":\"In\u00edcio\",\"item\":\"https:\/\/www.magnum.com.br\/\"},{\"@type\":\"ListItem\",\"position\":2,\"name\":\"INGL\u00caS\"}]},{\"@type\":\"WebSite\",\"@id\":\"https:\/\/www.magnum.com.br\/#website\",\"url\":\"https:\/\/www.magnum.com.br\/\",\"name\":\"Col\u00e9gio Magnum\",\"description\":\"\",\"potentialAction\":[{\"@type\":\"SearchAction\",\"target\":{\"@type\":\"EntryPoint\",\"urlTemplate\":\"https:\/\/www.magnum.com.br\/?s={search_term_string}\"},\"query-input\":{\"@type\":\"PropertyValueSpecification\",\"valueRequired\":true,\"valueName\":\"search_term_string\"}}],\"inLanguage\":\"pt-BR\"}]}<\/script>\n<!-- \/ Yoast SEO plugin. -->","yoast_head_json":{"title":"INGL\u00caS - Col\u00e9gio Magnum","robots":{"index":"index","follow":"follow","max-snippet":"max-snippet:-1","max-image-preview":"max-image-preview:large","max-video-preview":"max-video-preview:-1"},"canonical":"https:\/\/www.magnum.com.br\/?page_id=1487","og_locale":"pt_BR","og_type":"article","og_title":"INGL\u00caS - Col\u00e9gio Magnum","og_description":"[vc_row][vc_column][vc_column_text css=&#8221;&#8221;] O Magnum introduziu o ensino de Ingl\u00eas com o prop\u00f3sito de tornar a aprendizagem do idioma realmente efetiva e significativa. Em diversos pa\u00edses, como China, Alemanha, Coreia do Sul, Finl\u00e2ndia, Jap\u00e3o e Fran\u00e7a, crian\u00e7as e jovens aprendem, desde cedo, a se comunicar com flu\u00eancia em outros idiomas dentro do ambiente escolar. O Ingl\u00eas, [&hellip;]","og_url":"https:\/\/www.magnum.com.br\/?page_id=1487","og_site_name":"Col\u00e9gio Magnum","article_modified_time":"2025-12-29T14:22:40+00:00","og_image":[{"width":658,"height":651,"url":"https:\/\/www.magnum.com.br\/wp-content\/uploads\/2025\/01\/Logo-Vertical-Color_Cambridge-University-Press-Bilingual-Partner.jpg","type":"image\/jpeg"}],"twitter_card":"summary_large_image","twitter_misc":{"Est. tempo de leitura":"2 minutos"},"schema":{"@context":"https:\/\/schema.org","@graph":[{"@type":"WebPage","@id":"https:\/\/www.magnum.com.br\/?page_id=1487","url":"https:\/\/www.magnum.com.br\/?page_id=1487","name":"INGL\u00caS - Col\u00e9gio Magnum","isPartOf":{"@id":"https:\/\/www.magnum.com.br\/#website"},"primaryImageOfPage":{"@id":"https:\/\/www.magnum.com.br\/?page_id=1487#primaryimage"},"image":{"@id":"https:\/\/www.magnum.com.br\/?page_id=1487#primaryimage"},"thumbnailUrl":"https:\/\/www.magnum.com.br\/wp-content\/uploads\/2025\/01\/Logo-Vertical-Color_Cambridge-University-Press-Bilingual-Partner.jpg","datePublished":"2022-07-24T13:44:26+00:00","dateModified":"2025-12-29T14:22:40+00:00","breadcrumb":{"@id":"https:\/\/www.magnum.com.br\/?page_id=1487#breadcrumb"},"inLanguage":"pt-BR","potentialAction":[{"@type":"ReadAction","target":["https:\/\/www.magnum.com.br\/?page_id=1487"]}]},{"@type":"ImageObject","inLanguage":"pt-BR","@id":"https:\/\/www.magnum.com.br\/?page_id=1487#primaryimage","url":"https:\/\/www.magnum.com.br\/wp-content\/uploads\/2025\/01\/Logo-Vertical-Color_Cambridge-University-Press-Bilingual-Partner.jpg","contentUrl":"https:\/\/www.magnum.com.br\/wp-content\/uploads\/2025\/01\/Logo-Vertical-Color_Cambridge-University-Press-Bilingual-Partner.jpg","width":658,"height":651},{"@type":"BreadcrumbList","@id":"https:\/\/www.magnum.com.br\/?page_id=1487#breadcrumb","itemListElement":[{"@type":"ListItem","position":1,"name":"In\u00edcio","item":"https:\/\/www.magnum.com.br\/"},{"@type":"ListItem","position":2,"name":"INGL\u00caS"}]},{"@type":"WebSite","@id":"https:\/\/www.magnum.com.br\/#website","url":"https:\/\/www.magnum.com.br\/","name":"Col\u00e9gio Magnum","description":"","potentialAction":[{"@type":"SearchAction","target":{"@type":"EntryPoint","urlTemplate":"https:\/\/www.magnum.com.br\/?s={search_term_string}"},"query-input":{"@type":"PropertyValueSpecification","valueRequired":true,"valueName":"search_term_string"}}],"inLanguage":"pt-BR"}]}},"_links":{"self":[{"href":"https:\/\/www.magnum.com.br\/index.php?rest_route=\/wp\/v2\/pages\/1487","targetHints":{"allow":["GET"]}}],"collection":[{"href":"https:\/\/www.magnum.com.br\/index.php?rest_route=\/wp\/v2\/pages"}],"about":[{"href":"https:\/\/www.magnum.com.br\/index.php?rest_route=\/wp\/v2\/types\/page"}],"author":[{"embeddable":true,"href":"https:\/\/www.magnum.com.br\/index.php?rest_route=\/wp\/v2\/users\/1"}],"replies":[{"embeddable":true,"href":"https:\/\/www.magnum.com.br\/index.php?rest_route=%2Fwp%2Fv2%2Fcomments&post=1487"}],"version-history":[{"count":14,"href":"https:\/\/www.magnum.com.br\/index.php?rest_route=\/wp\/v2\/pages\/1487\/revisions"}],"predecessor-version":[{"id":2665,"href":"https:\/\/www.magnum.com.br\/index.php?rest_route=\/wp\/v2\/pages\/1487\/revisions\/2665"}],"wp:attachment":[{"href":"https:\/\/www.magnum.com.br\/index.php?rest_route=%2Fwp%2Fv2%2Fmedia&parent=1487"}],"curies":[{"name":"wp","href":"https:\/\/api.w.org\/{rel}","templated":true}]}}