{"id":1471,"date":"2022-07-24T01:06:05","date_gmt":"2022-07-24T01:06:05","guid":{"rendered":"http:\/\/www.magnum.com.br\/?page_id=1471"},"modified":"2025-01-28T18:58:38","modified_gmt":"2025-01-28T18:58:38","slug":"proposito","status":"publish","type":"page","link":"https:\/\/www.magnum.com.br\/?page_id=1471","title":{"rendered":"PROP\u00d3SITO"},"content":{"rendered":"<div class=\"wpb-content-wrapper\"><p>[vc_row][vc_column][vc_column_text]Oferecer uma educa\u00e7\u00e3o inovadora e de qualidade, por meio de uma gest\u00e3o de excel\u00eancia, focada na garantia dos resultados no ensino de nossos alunos, e em uma forma\u00e7\u00e3o voltada para torn\u00e1-los cidad\u00e3os conscientes, criativos, munidos de princ\u00edpios e valores que lhes permitam atuar positivamente como elementos transformadores da sociedade em que vivem.[\/vc_column_text][vc_btn title=&#8221;Quer mais informa\u00e7\u00f5es?&#8221; style=&#8221;custom&#8221; custom_background=&#8221;#004d9d&#8221; custom_text=&#8221;#ffffff&#8221; size=&#8221;lg&#8221; link=&#8221;url:http%3A%2F%2Fwww.magnum.com.br%2F%3Fpage_id%3D841&#8243;][\/vc_column][\/vc_row]<\/p>\n<\/div>","protected":false},"excerpt":{"rendered":"<p>[vc_row][vc_column][vc_column_text]Oferecer uma educa\u00e7\u00e3o inovadora e de qualidade, por meio de uma gest\u00e3o de excel\u00eancia, focada na garantia dos resultados no ensino de nossos alunos, e em uma forma\u00e7\u00e3o voltada para torn\u00e1-los cidad\u00e3os conscientes, criativos, munidos de princ\u00edpios e valores que lhes permitam atuar positivamente como elementos transformadores da sociedade em que vivem.[\/vc_column_text][vc_btn title=&#8221;Quer mais informa\u00e7\u00f5es?&#8221; [&hellip;]<\/p>\n","protected":false},"author":1,"featured_media":0,"parent":0,"menu_order":0,"comment_status":"closed","ping_status":"closed","template":"","meta":{"footnotes":""},"class_list":["post-1471","page","type-page","status-publish","hentry"],"yoast_head":"<!-- This site is optimized with the Yoast SEO plugin v26.2 - https:\/\/yoast.com\/wordpress\/plugins\/seo\/ -->\n<title>PROP\u00d3SITO - Col\u00e9gio Magnum<\/title>\n<meta name=\"robots\" content=\"index, follow, max-snippet:-1, max-image-preview:large, max-video-preview:-1\" \/>\n<link rel=\"canonical\" href=\"https:\/\/www.magnum.com.br\/?page_id=1471\" \/>\n<meta property=\"og:locale\" content=\"pt_BR\" \/>\n<meta property=\"og:type\" content=\"article\" \/>\n<meta property=\"og:title\" content=\"PROP\u00d3SITO - Col\u00e9gio Magnum\" \/>\n<meta property=\"og:description\" content=\"[vc_row][vc_column][vc_column_text]Oferecer uma educa\u00e7\u00e3o inovadora e de qualidade, por meio de uma gest\u00e3o de excel\u00eancia, focada na garantia dos resultados no ensino de nossos alunos, e em uma forma\u00e7\u00e3o voltada para torn\u00e1-los cidad\u00e3os conscientes, criativos, munidos de princ\u00edpios e valores que lhes permitam atuar positivamente como elementos transformadores da sociedade em que vivem.[\/vc_column_text][vc_btn title=&#8221;Quer mais informa\u00e7\u00f5es?&#8221; [&hellip;]\" \/>\n<meta property=\"og:url\" content=\"https:\/\/www.magnum.com.br\/?page_id=1471\" \/>\n<meta property=\"og:site_name\" content=\"Col\u00e9gio Magnum\" \/>\n<meta property=\"article:modified_time\" content=\"2025-01-28T18:58:38+00:00\" \/>\n<meta name=\"twitter:card\" content=\"summary_large_image\" \/>\n<meta name=\"twitter:label1\" content=\"Est. tempo de leitura\" \/>\n\t<meta name=\"twitter:data1\" content=\"1 minuto\" \/>\n<script type=\"application\/ld+json\" class=\"yoast-schema-graph\">{\"@context\":\"https:\/\/schema.org\",\"@graph\":[{\"@type\":\"WebPage\",\"@id\":\"https:\/\/www.magnum.com.br\/?page_id=1471\",\"url\":\"https:\/\/www.magnum.com.br\/?page_id=1471\",\"name\":\"PROP\u00d3SITO - Col\u00e9gio Magnum\",\"isPartOf\":{\"@id\":\"https:\/\/www.magnum.com.br\/#website\"},\"datePublished\":\"2022-07-24T01:06:05+00:00\",\"dateModified\":\"2025-01-28T18:58:38+00:00\",\"breadcrumb\":{\"@id\":\"https:\/\/www.magnum.com.br\/?page_id=1471#breadcrumb\"},\"inLanguage\":\"pt-BR\",\"potentialAction\":[{\"@type\":\"ReadAction\",\"target\":[\"https:\/\/www.magnum.com.br\/?page_id=1471\"]}]},{\"@type\":\"BreadcrumbList\",\"@id\":\"https:\/\/www.magnum.com.br\/?page_id=1471#breadcrumb\",\"itemListElement\":[{\"@type\":\"ListItem\",\"position\":1,\"name\":\"In\u00edcio\",\"item\":\"https:\/\/www.magnum.com.br\/\"},{\"@type\":\"ListItem\",\"position\":2,\"name\":\"PROP\u00d3SITO\"}]},{\"@type\":\"WebSite\",\"@id\":\"https:\/\/www.magnum.com.br\/#website\",\"url\":\"https:\/\/www.magnum.com.br\/\",\"name\":\"Col\u00e9gio Magnum\",\"description\":\"\",\"potentialAction\":[{\"@type\":\"SearchAction\",\"target\":{\"@type\":\"EntryPoint\",\"urlTemplate\":\"https:\/\/www.magnum.com.br\/?s={search_term_string}\"},\"query-input\":{\"@type\":\"PropertyValueSpecification\",\"valueRequired\":true,\"valueName\":\"search_term_string\"}}],\"inLanguage\":\"pt-BR\"}]}<\/script>\n<!-- \/ Yoast SEO plugin. -->","yoast_head_json":{"title":"PROP\u00d3SITO - Col\u00e9gio Magnum","robots":{"index":"index","follow":"follow","max-snippet":"max-snippet:-1","max-image-preview":"max-image-preview:large","max-video-preview":"max-video-preview:-1"},"canonical":"https:\/\/www.magnum.com.br\/?page_id=1471","og_locale":"pt_BR","og_type":"article","og_title":"PROP\u00d3SITO - Col\u00e9gio Magnum","og_description":"[vc_row][vc_column][vc_column_text]Oferecer uma educa\u00e7\u00e3o inovadora e de qualidade, por meio de uma gest\u00e3o de excel\u00eancia, focada na garantia dos resultados no ensino de nossos alunos, e em uma forma\u00e7\u00e3o voltada para torn\u00e1-los cidad\u00e3os conscientes, criativos, munidos de princ\u00edpios e valores que lhes permitam atuar positivamente como elementos transformadores da sociedade em que vivem.[\/vc_column_text][vc_btn title=&#8221;Quer mais informa\u00e7\u00f5es?&#8221; [&hellip;]","og_url":"https:\/\/www.magnum.com.br\/?page_id=1471","og_site_name":"Col\u00e9gio Magnum","article_modified_time":"2025-01-28T18:58:38+00:00","twitter_card":"summary_large_image","twitter_misc":{"Est. tempo de leitura":"1 minuto"},"schema":{"@context":"https:\/\/schema.org","@graph":[{"@type":"WebPage","@id":"https:\/\/www.magnum.com.br\/?page_id=1471","url":"https:\/\/www.magnum.com.br\/?page_id=1471","name":"PROP\u00d3SITO - Col\u00e9gio Magnum","isPartOf":{"@id":"https:\/\/www.magnum.com.br\/#website"},"datePublished":"2022-07-24T01:06:05+00:00","dateModified":"2025-01-28T18:58:38+00:00","breadcrumb":{"@id":"https:\/\/www.magnum.com.br\/?page_id=1471#breadcrumb"},"inLanguage":"pt-BR","potentialAction":[{"@type":"ReadAction","target":["https:\/\/www.magnum.com.br\/?page_id=1471"]}]},{"@type":"BreadcrumbList","@id":"https:\/\/www.magnum.com.br\/?page_id=1471#breadcrumb","itemListElement":[{"@type":"ListItem","position":1,"name":"In\u00edcio","item":"https:\/\/www.magnum.com.br\/"},{"@type":"ListItem","position":2,"name":"PROP\u00d3SITO"}]},{"@type":"WebSite","@id":"https:\/\/www.magnum.com.br\/#website","url":"https:\/\/www.magnum.com.br\/","name":"Col\u00e9gio Magnum","description":"","potentialAction":[{"@type":"SearchAction","target":{"@type":"EntryPoint","urlTemplate":"https:\/\/www.magnum.com.br\/?s={search_term_string}"},"query-input":{"@type":"PropertyValueSpecification","valueRequired":true,"valueName":"search_term_string"}}],"inLanguage":"pt-BR"}]}},"_links":{"self":[{"href":"https:\/\/www.magnum.com.br\/index.php?rest_route=\/wp\/v2\/pages\/1471","targetHints":{"allow":["GET"]}}],"collection":[{"href":"https:\/\/www.magnum.com.br\/index.php?rest_route=\/wp\/v2\/pages"}],"about":[{"href":"https:\/\/www.magnum.com.br\/index.php?rest_route=\/wp\/v2\/types\/page"}],"author":[{"embeddable":true,"href":"https:\/\/www.magnum.com.br\/index.php?rest_route=\/wp\/v2\/users\/1"}],"replies":[{"embeddable":true,"href":"https:\/\/www.magnum.com.br\/index.php?rest_route=%2Fwp%2Fv2%2Fcomments&post=1471"}],"version-history":[{"count":4,"href":"https:\/\/www.magnum.com.br\/index.php?rest_route=\/wp\/v2\/pages\/1471\/revisions"}],"predecessor-version":[{"id":2409,"href":"https:\/\/www.magnum.com.br\/index.php?rest_route=\/wp\/v2\/pages\/1471\/revisions\/2409"}],"wp:attachment":[{"href":"https:\/\/www.magnum.com.br\/index.php?rest_route=%2Fwp%2Fv2%2Fmedia&parent=1471"}],"curies":[{"name":"wp","href":"https:\/\/api.w.org\/{rel}","templated":true}]}}