{"id":1462,"date":"2022-07-24T00:59:07","date_gmt":"2022-07-24T00:59:07","guid":{"rendered":"http:\/\/www.magnum.com.br\/?page_id=1462"},"modified":"2026-03-23T13:20:33","modified_gmt":"2026-03-23T13:20:33","slug":"linha-filosofica","status":"publish","type":"page","link":"https:\/\/www.magnum.com.br\/?page_id=1462","title":{"rendered":"LINHA FILOS\u00d3FICA"},"content":{"rendered":"<div class=\"wpb-content-wrapper\"><p>[vc_row][vc_column][vc_column_text css=&#8221;&#8221;]FILOSOFIA INSTITUCIONAL:<\/p>\n<p>&nbsp;<\/p>\n<p data-start=\"146\" data-end=\"494\">O Col\u00e9gio Magnum fundamenta sua proposta educativa na filosofia de Santo Agostinho, um dos mais influentes pensadores da tradi\u00e7\u00e3o crist\u00e3 e refer\u00eancia, ao longo dos s\u00e9culos, na forma\u00e7\u00e3o de crian\u00e7as e jovens. Ainda que n\u00e3o seja uma escola confessional, \u00e9 em seus ensinamentos que encontramos base s\u00f3lida para a forma\u00e7\u00e3o integral de nossos estudantes.<\/p>\n<p data-start=\"496\" data-end=\"858\">Nascido em 354, em Tagaste, no norte da \u00c1frica, em um per\u00edodo de consolida\u00e7\u00e3o do cristianismo, Santo Agostinho destacou-se como um dos maiores intelectuais de sua \u00e9poca. Sua trajet\u00f3ria, marcada pela busca constante da verdade e pela inquietude intelectual, inspira at\u00e9 hoje pr\u00e1ticas educativas que valorizam o pensamento cr\u00edtico, a reflex\u00e3o e o autoconhecimento.<\/p>\n<p data-start=\"860\" data-end=\"1080\">Ao unir a tradi\u00e7\u00e3o agostiniana \u00e0 constante busca pelo saber, o Col\u00e9gio Magnum mant\u00e9m-se em sintonia com as demandas contempor\u00e2neas, preparando seus alunos para compreender e atuar em um mundo em permanente transforma\u00e7\u00e3o.<\/p>\n<p data-start=\"1082\" data-end=\"1530\">Inspirados por uma filosofia que valoriza a amizade, a vida em comunidade e a integra\u00e7\u00e3o entre raz\u00e3o e sensibilidade, oferecemos um ensino de excel\u00eancia, reconhecido por sua qualidade, aliado a um ambiente acolhedor, respeitoso e estimulante. Assim, promovemos o desenvolvimento de crian\u00e7as e adolescentes como indiv\u00edduos aut\u00f4nomos, conscientes, participativos e respons\u00e1veis, preparados para os desafios acad\u00eamicos, sociais e humanos de seu tempo.<\/p>\n<p>[\/vc_column_text][vc_column_text]<\/p>\n<div align=\"center\"><img decoding=\"async\" style=\"max-width: 450px;\" src=\"http:\/\/www.magnum.com.br\/wp-content\/uploads\/2022\/07\/desenho.png\" width=\"100%\" border=\"0\" \/><\/div>\n<p>[\/vc_column_text][vc_btn title=&#8221;Quer mais informa\u00e7\u00f5es?&#8221; style=&#8221;custom&#8221; custom_background=&#8221;#004d9d&#8221; custom_text=&#8221;#ffffff&#8221; size=&#8221;lg&#8221; link=&#8221;url:http%3A%2F%2Fwww.magnum.com.br%2F%3Fpage_id%3D841&#8243;][\/vc_column][\/vc_row]<\/p>\n<\/div>","protected":false},"excerpt":{"rendered":"<p>[vc_row][vc_column][vc_column_text css=&#8221;&#8221;]FILOSOFIA INSTITUCIONAL: &nbsp; O Col\u00e9gio Magnum fundamenta sua proposta educativa na filosofia de Santo Agostinho, um dos mais influentes pensadores da tradi\u00e7\u00e3o crist\u00e3 e refer\u00eancia, ao longo dos s\u00e9culos, na forma\u00e7\u00e3o de crian\u00e7as e jovens. Ainda que n\u00e3o seja uma escola confessional, \u00e9 em seus ensinamentos que encontramos base s\u00f3lida para a forma\u00e7\u00e3o integral [&hellip;]<\/p>\n","protected":false},"author":1,"featured_media":0,"parent":0,"menu_order":0,"comment_status":"closed","ping_status":"closed","template":"","meta":{"footnotes":""},"class_list":["post-1462","page","type-page","status-publish","hentry"],"yoast_head":"<!-- This site is optimized with the Yoast SEO plugin v26.2 - https:\/\/yoast.com\/wordpress\/plugins\/seo\/ -->\n<title>LINHA FILOS\u00d3FICA - Col\u00e9gio Magnum<\/title>\n<meta name=\"robots\" content=\"index, follow, max-snippet:-1, max-image-preview:large, max-video-preview:-1\" \/>\n<link rel=\"canonical\" href=\"https:\/\/www.magnum.com.br\/?page_id=1462\" \/>\n<meta property=\"og:locale\" content=\"pt_BR\" \/>\n<meta property=\"og:type\" content=\"article\" \/>\n<meta property=\"og:title\" content=\"LINHA FILOS\u00d3FICA - Col\u00e9gio Magnum\" \/>\n<meta property=\"og:description\" content=\"[vc_row][vc_column][vc_column_text css=&#8221;&#8221;]FILOSOFIA INSTITUCIONAL: &nbsp; O Col\u00e9gio Magnum fundamenta sua proposta educativa na filosofia de Santo Agostinho, um dos mais influentes pensadores da tradi\u00e7\u00e3o crist\u00e3 e refer\u00eancia, ao longo dos s\u00e9culos, na forma\u00e7\u00e3o de crian\u00e7as e jovens. Ainda que n\u00e3o seja uma escola confessional, \u00e9 em seus ensinamentos que encontramos base s\u00f3lida para a forma\u00e7\u00e3o integral [&hellip;]\" \/>\n<meta property=\"og:url\" content=\"https:\/\/www.magnum.com.br\/?page_id=1462\" \/>\n<meta property=\"og:site_name\" content=\"Col\u00e9gio Magnum\" \/>\n<meta property=\"article:modified_time\" content=\"2026-03-23T13:20:33+00:00\" \/>\n<meta property=\"og:image\" content=\"http:\/\/www.magnum.com.br\/wp-content\/uploads\/2022\/07\/desenho.png\" \/>\n<meta name=\"twitter:card\" content=\"summary_large_image\" \/>\n<meta name=\"twitter:label1\" content=\"Est. tempo de leitura\" \/>\n\t<meta name=\"twitter:data1\" content=\"2 minutos\" \/>\n<script type=\"application\/ld+json\" class=\"yoast-schema-graph\">{\"@context\":\"https:\/\/schema.org\",\"@graph\":[{\"@type\":\"WebPage\",\"@id\":\"https:\/\/www.magnum.com.br\/?page_id=1462\",\"url\":\"https:\/\/www.magnum.com.br\/?page_id=1462\",\"name\":\"LINHA FILOS\u00d3FICA - Col\u00e9gio Magnum\",\"isPartOf\":{\"@id\":\"https:\/\/www.magnum.com.br\/#website\"},\"primaryImageOfPage\":{\"@id\":\"https:\/\/www.magnum.com.br\/?page_id=1462#primaryimage\"},\"image\":{\"@id\":\"https:\/\/www.magnum.com.br\/?page_id=1462#primaryimage\"},\"thumbnailUrl\":\"http:\/\/www.magnum.com.br\/wp-content\/uploads\/2022\/07\/desenho.png\",\"datePublished\":\"2022-07-24T00:59:07+00:00\",\"dateModified\":\"2026-03-23T13:20:33+00:00\",\"breadcrumb\":{\"@id\":\"https:\/\/www.magnum.com.br\/?page_id=1462#breadcrumb\"},\"inLanguage\":\"pt-BR\",\"potentialAction\":[{\"@type\":\"ReadAction\",\"target\":[\"https:\/\/www.magnum.com.br\/?page_id=1462\"]}]},{\"@type\":\"ImageObject\",\"inLanguage\":\"pt-BR\",\"@id\":\"https:\/\/www.magnum.com.br\/?page_id=1462#primaryimage\",\"url\":\"https:\/\/www.magnum.com.br\/wp-content\/uploads\/2022\/07\/desenho.png\",\"contentUrl\":\"https:\/\/www.magnum.com.br\/wp-content\/uploads\/2022\/07\/desenho.png\",\"width\":1067,\"height\":1471},{\"@type\":\"BreadcrumbList\",\"@id\":\"https:\/\/www.magnum.com.br\/?page_id=1462#breadcrumb\",\"itemListElement\":[{\"@type\":\"ListItem\",\"position\":1,\"name\":\"In\u00edcio\",\"item\":\"https:\/\/www.magnum.com.br\/\"},{\"@type\":\"ListItem\",\"position\":2,\"name\":\"LINHA FILOS\u00d3FICA\"}]},{\"@type\":\"WebSite\",\"@id\":\"https:\/\/www.magnum.com.br\/#website\",\"url\":\"https:\/\/www.magnum.com.br\/\",\"name\":\"Col\u00e9gio Magnum\",\"description\":\"\",\"potentialAction\":[{\"@type\":\"SearchAction\",\"target\":{\"@type\":\"EntryPoint\",\"urlTemplate\":\"https:\/\/www.magnum.com.br\/?s={search_term_string}\"},\"query-input\":{\"@type\":\"PropertyValueSpecification\",\"valueRequired\":true,\"valueName\":\"search_term_string\"}}],\"inLanguage\":\"pt-BR\"}]}<\/script>\n<!-- \/ Yoast SEO plugin. -->","yoast_head_json":{"title":"LINHA FILOS\u00d3FICA - Col\u00e9gio Magnum","robots":{"index":"index","follow":"follow","max-snippet":"max-snippet:-1","max-image-preview":"max-image-preview:large","max-video-preview":"max-video-preview:-1"},"canonical":"https:\/\/www.magnum.com.br\/?page_id=1462","og_locale":"pt_BR","og_type":"article","og_title":"LINHA FILOS\u00d3FICA - Col\u00e9gio Magnum","og_description":"[vc_row][vc_column][vc_column_text css=&#8221;&#8221;]FILOSOFIA INSTITUCIONAL: &nbsp; O Col\u00e9gio Magnum fundamenta sua proposta educativa na filosofia de Santo Agostinho, um dos mais influentes pensadores da tradi\u00e7\u00e3o crist\u00e3 e refer\u00eancia, ao longo dos s\u00e9culos, na forma\u00e7\u00e3o de crian\u00e7as e jovens. Ainda que n\u00e3o seja uma escola confessional, \u00e9 em seus ensinamentos que encontramos base s\u00f3lida para a forma\u00e7\u00e3o integral [&hellip;]","og_url":"https:\/\/www.magnum.com.br\/?page_id=1462","og_site_name":"Col\u00e9gio Magnum","article_modified_time":"2026-03-23T13:20:33+00:00","og_image":[{"url":"http:\/\/www.magnum.com.br\/wp-content\/uploads\/2022\/07\/desenho.png","type":"","width":"","height":""}],"twitter_card":"summary_large_image","twitter_misc":{"Est. tempo de leitura":"2 minutos"},"schema":{"@context":"https:\/\/schema.org","@graph":[{"@type":"WebPage","@id":"https:\/\/www.magnum.com.br\/?page_id=1462","url":"https:\/\/www.magnum.com.br\/?page_id=1462","name":"LINHA FILOS\u00d3FICA - Col\u00e9gio Magnum","isPartOf":{"@id":"https:\/\/www.magnum.com.br\/#website"},"primaryImageOfPage":{"@id":"https:\/\/www.magnum.com.br\/?page_id=1462#primaryimage"},"image":{"@id":"https:\/\/www.magnum.com.br\/?page_id=1462#primaryimage"},"thumbnailUrl":"http:\/\/www.magnum.com.br\/wp-content\/uploads\/2022\/07\/desenho.png","datePublished":"2022-07-24T00:59:07+00:00","dateModified":"2026-03-23T13:20:33+00:00","breadcrumb":{"@id":"https:\/\/www.magnum.com.br\/?page_id=1462#breadcrumb"},"inLanguage":"pt-BR","potentialAction":[{"@type":"ReadAction","target":["https:\/\/www.magnum.com.br\/?page_id=1462"]}]},{"@type":"ImageObject","inLanguage":"pt-BR","@id":"https:\/\/www.magnum.com.br\/?page_id=1462#primaryimage","url":"https:\/\/www.magnum.com.br\/wp-content\/uploads\/2022\/07\/desenho.png","contentUrl":"https:\/\/www.magnum.com.br\/wp-content\/uploads\/2022\/07\/desenho.png","width":1067,"height":1471},{"@type":"BreadcrumbList","@id":"https:\/\/www.magnum.com.br\/?page_id=1462#breadcrumb","itemListElement":[{"@type":"ListItem","position":1,"name":"In\u00edcio","item":"https:\/\/www.magnum.com.br\/"},{"@type":"ListItem","position":2,"name":"LINHA FILOS\u00d3FICA"}]},{"@type":"WebSite","@id":"https:\/\/www.magnum.com.br\/#website","url":"https:\/\/www.magnum.com.br\/","name":"Col\u00e9gio Magnum","description":"","potentialAction":[{"@type":"SearchAction","target":{"@type":"EntryPoint","urlTemplate":"https:\/\/www.magnum.com.br\/?s={search_term_string}"},"query-input":{"@type":"PropertyValueSpecification","valueRequired":true,"valueName":"search_term_string"}}],"inLanguage":"pt-BR"}]}},"_links":{"self":[{"href":"https:\/\/www.magnum.com.br\/index.php?rest_route=\/wp\/v2\/pages\/1462","targetHints":{"allow":["GET"]}}],"collection":[{"href":"https:\/\/www.magnum.com.br\/index.php?rest_route=\/wp\/v2\/pages"}],"about":[{"href":"https:\/\/www.magnum.com.br\/index.php?rest_route=\/wp\/v2\/types\/page"}],"author":[{"embeddable":true,"href":"https:\/\/www.magnum.com.br\/index.php?rest_route=\/wp\/v2\/users\/1"}],"replies":[{"embeddable":true,"href":"https:\/\/www.magnum.com.br\/index.php?rest_route=%2Fwp%2Fv2%2Fcomments&post=1462"}],"version-history":[{"count":12,"href":"https:\/\/www.magnum.com.br\/index.php?rest_route=\/wp\/v2\/pages\/1462\/revisions"}],"predecessor-version":[{"id":2715,"href":"https:\/\/www.magnum.com.br\/index.php?rest_route=\/wp\/v2\/pages\/1462\/revisions\/2715"}],"wp:attachment":[{"href":"https:\/\/www.magnum.com.br\/index.php?rest_route=%2Fwp%2Fv2%2Fmedia&parent=1462"}],"curies":[{"name":"wp","href":"https:\/\/api.w.org\/{rel}","templated":true}]}}