{"id":1458,"date":"2022-07-24T00:38:51","date_gmt":"2022-07-24T00:38:51","guid":{"rendered":"http:\/\/www.magnum.com.br\/?page_id=1458"},"modified":"2026-01-15T14:12:02","modified_gmt":"2026-01-15T14:12:02","slug":"o-colegio","status":"publish","type":"page","link":"https:\/\/www.magnum.com.br\/?page_id=1458","title":{"rendered":"O COL\u00c9GIO"},"content":{"rendered":"<div class=\"wpb-content-wrapper\"><p>[vc_row][vc_column][vc_column_text css=&#8221;&#8221;]<\/p>\n<p style=\"text-align: left;\">O Col\u00e9gio Magnum nasceu a partir do ideal do seu fundador, o professor Jos\u00e9 Bru\u00f1a Alonso, um conhecido educador em Belo Horizonte, com uma hist\u00f3ria de mais de quarenta anos dedicados \u00e0 educa\u00e7\u00e3o e um sonho de propiciar para os estudantes da regi\u00e3o do Bairro Cidade Nova uma escola de alto n\u00edvel.<\/p>\n<p style=\"text-align: left;\">A trajet\u00f3ria do Magnum teve in\u00edcio em 1994, no espa\u00e7o que, desde 1978, funcionava o Col\u00e9gio Santo Agostinho, e instituiu como seu prop\u00f3sito oferecer o melhor ensino, a melhor forma\u00e7\u00e3o, em um ambiente afetivo para toda a comunidade escolar.<\/p>\n<p style=\"text-align: left;\">Com uma linha filos\u00f3fica baseada nos pensamentos de Santo Agostinho de Hipona, o Magnum vivencia em seu dia a dia caracter\u00edsticas marcantes da identidade e da filosofia desse Santo e Fil\u00f3sofo, tendo no DNA da institui\u00e7\u00e3o tra\u00e7os marcantes, como a inquietude e a busca constante do conhecimento e da verdade.<\/p>\n<p style=\"text-align: left;\">Desde a sua funda\u00e7\u00e3o, o Magnum sempre foi uma escola refer\u00eancia no meio educacional e, devido \u00e0 sua bem-sucedida atua\u00e7\u00e3o pedag\u00f3gica e formativa, consolidou-se entre as mais importantes escolas de Belo Horizonte, de Minas Gerais e do Pa\u00eds. Uma ESCOLA COMPLETA, que oferece ensino e forma\u00e7\u00e3o de excel\u00eancia, estimulando o desenvolvimento do racioc\u00ednio, das habilidades socioemocionais, da capacidade de an\u00e1lise e da viv\u00eancia di\u00e1ria, real e verdadeira da espiritualidade crist\u00e3.<\/p>\n<p style=\"text-align: left;\">A forma\u00e7\u00e3o integral dos seus estudantes, somada ao ambiente afetivo, contribui efetivamente com o desenvolvimento de habilidades e compet\u00eancias que preparam os jovens para enfrentarem os desafios da vida. O sucesso acad\u00eamico do Col\u00e9gio Magnum tamb\u00e9m \u00e9 incontest\u00e1vel, sendo comprovado por meio do lugar de destaque que o Col\u00e9gio ocupa nos \u201crankings\u201d do ENEM, estando sempre entre as cinco escolas mineiras mais bem classificadas.<\/p>\n<p style=\"text-align: left;\">Em abril de 2021, o Magnum foi incorporado pela Rede Inspira de Educadores, passando a fazer parte de uma das mais jovens e maiores redes de escolas do Brasil que, juntamente com mais de sessenta col\u00e9gios espalhados por todo o Brasil, comp\u00f5e o grupo Inspira, o que, mais uma vez, coloca o Col\u00e9gio Magnum em posi\u00e7\u00e3o de destaque no cen\u00e1rio educacional nacional.<\/p>\n<p style=\"text-align: left;\">A partir da incorpora\u00e7\u00e3o do Col\u00e9gio pela Inspira, mais uma importante p\u00e1gina da sua hist\u00f3ria come\u00e7a a ser escrita, unindo esse conceituado grupo educacional \u00e0 expertise do Magnum em propiciar a seus estudantes e suas fam\u00edlias um espa\u00e7o formativo, que seja verdadeiramente capaz de transformar a sociedade, por meio de uma educa\u00e7\u00e3o pautada por princ\u00edpios e valores.<\/p>\n<p>&nbsp;<\/p>\n<p style=\"text-align: left;\"><strong>DIRE\u00c7\u00c3O GERAL DO COL\u00c9GIO &#8211;\u00a0 CIDADE NOVA E LOURDES<\/strong><\/p>\n<p style=\"text-align: left;\"><span style=\"font-weight: 400;\">Envolvido com educa\u00e7\u00e3o h\u00e1 mais de 12 anos, <strong>Germano Cord Neto<\/strong>\u00a0atuou como diretor em unidades de Educa\u00e7\u00e3o Infantil, Ensino Fundamental e M\u00e9dio. Tem experi\u00eancias como gerente de inova\u00e7\u00e3o educacional, liderando programas de reforma e revis\u00e3o curricular e transforma\u00e7\u00f5es did\u00e1tico-pedag\u00f3gicas, mudan\u00e7a cultural e transforma\u00e7\u00e3o dos espa\u00e7os escolares, pesquisa, planejamento e implementa\u00e7\u00e3o de projetos de educa\u00e7\u00e3o para a paz, internacionaliza\u00e7\u00e3o, programa bil\u00edngue e implementa\u00e7\u00e3o de perfis de aprendizagem.<\/span><\/p>\n<p style=\"text-align: left;\"><span style=\"font-weight: 400;\">Liderou a implementa\u00e7\u00e3o de projetos educacionais em diversas \u00e1reas: aprendizagem significativa, conviv\u00eancia escolar, internacionaliza\u00e7\u00e3o e implementa\u00e7\u00e3o de <\/span><i><span style=\"font-weight: 400;\">High School<\/span><\/i><span style=\"font-weight: 400;\">, aprendizagem criativa e cultura <\/span><i><span style=\"font-weight: 400;\">maker<\/span><\/i><span style=\"font-weight: 400;\">, programas para desenvolvimento e avalia\u00e7\u00e3o de habilidades socioemocionais, al\u00e9m de processos de planejamentos estrat\u00e9gicos, atuando em planos de melhoria escolar, programas de capacita\u00e7\u00e3o docente e mudan\u00e7a cultural da institui\u00e7\u00e3o.<\/span><\/p>\n<p>&nbsp;<\/p>\n<p style=\"text-align: left;\"><strong>DIRE\u00c7\u00c3O DE ENSINO &#8211;\u00a0 CIDADE NOVA<\/strong><\/p>\n<p style=\"text-align: left;\">No Magnum desde 1994, <strong>Wyller Vicente de Mello Souz<\/strong>a iniciou sua caminhada na institui\u00e7\u00e3o como professor, passando a supervisor, coordenador pedag\u00f3gico, gestor educacional e, em 2021, assumiu a Dire\u00e7\u00e3o do Col\u00e9gio. Com ampla experi\u00eancia na \u00e1rea educacional, ele \u00e9 especialista em Psicopedagogia, Life, Business &amp; Executive Coach, autor de livro sobre gest\u00e3o pedag\u00f3gica e consultor nas \u00e1reas de An\u00e1lise Comportamental, Gest\u00e3o de Processos, Gest\u00e3o de Pessoas, Produ\u00e7\u00e3o e An\u00e1lise de Itens.<\/p>\n<p style=\"text-align: left;\">Sua trajet\u00f3ria no Magnum \u00e9 marcada por sua atua\u00e7\u00e3o sempre din\u00e2mica, associada a uma gest\u00e3o eficiente, comprometida e com total dedica\u00e7\u00e3o \u00e0 forma\u00e7\u00e3o e ao ensino de excel\u00eancia. Em toda sua caminhada profissional e, principalmente, na dire\u00e7\u00e3o do Col\u00e9gio, Wyller coloca crian\u00e7as, jovens e educadores como protagonistas do dia a dia da escola, personagens fundamentais para a consolida\u00e7\u00e3o de uma educa\u00e7\u00e3o completa.<\/p>\n<p>&nbsp;<\/p>\n<p><strong>DIRE\u00c7\u00c3O DE UNIDADE &#8211;\u00a0 LOURDES<\/strong><\/p>\n<p data-start=\"104\" data-end=\"384\"><strong>Edelves Rosa Luna<\/strong> \u00e9 um educador com ampla experi\u00eancia nas redes p\u00fablica e privada de Minas Gerais, com s\u00f3lida atua\u00e7\u00e3o em gest\u00e3o estrat\u00e9gica e lideran\u00e7a na educa\u00e7\u00e3o b\u00e1sica. Ao longo de sua trajet\u00f3ria profissional, acumulou experi\u00eancias relevantes em diferentes frentes da educa\u00e7\u00e3o.<\/p>\n<p data-start=\"386\" data-end=\"647\">Mineiro e residente em Belo Horizonte h\u00e1 muitos anos, atuou em escolas privadas de Belo Horizonte e Juiz de Fora, exercendo fun\u00e7\u00f5es como professor, coordenador pedag\u00f3gico, vice-diretor, diretor escolar e secret\u00e1rio adjunto de Educa\u00e7\u00e3o do Estado de Minas Gerais.<\/p>\n<p data-start=\"649\" data-end=\"885\">Em sua forma\u00e7\u00e3o acad\u00eamica, destaca-se o mestrado com foco na articula\u00e7\u00e3o da coordena\u00e7\u00e3o pedag\u00f3gica como espa\u00e7o de garantia das aprendizagens, al\u00e9m do doutorado em curso, voltado para a internacionaliza\u00e7\u00e3o dos estudos na educa\u00e7\u00e3o b\u00e1sica.<\/p>\n<p data-start=\"887\" data-end=\"1104\">Com ampla experi\u00eancia, forte capacidade de gest\u00e3o e articula\u00e7\u00e3o, o professor Edelves lidera as equipes do Col\u00e9gio Magnum Agostiniano Lourdes, com foco no sucesso acad\u00eamico e no crescimento cont\u00ednuo de seus estudantes.<\/p>\n<p>[\/vc_column_text][vc_btn title=&#8221;Quer mais informa\u00e7\u00f5es? Preencha esse r\u00e1pido formul\u00e1rio que entraremos em contato!&#8221; style=&#8221;custom&#8221; custom_background=&#8221;#004d9d&#8221; custom_text=&#8221;#ffffff&#8221; size=&#8221;lg&#8221; link=&#8221;url:http%3A%2F%2Fwww.magnum.com.br%2F%3Fpage_id%3D841&#8243;][\/vc_column][\/vc_row]<\/p>\n<\/div>","protected":false},"excerpt":{"rendered":"<p>[vc_row][vc_column][vc_column_text css=&#8221;&#8221;] O Col\u00e9gio Magnum nasceu a partir do ideal do seu fundador, o professor Jos\u00e9 Bru\u00f1a Alonso, um conhecido educador em Belo Horizonte, com uma hist\u00f3ria de mais de quarenta anos dedicados \u00e0 educa\u00e7\u00e3o e um sonho de propiciar para os estudantes da regi\u00e3o do Bairro Cidade Nova uma escola de alto n\u00edvel. A [&hellip;]<\/p>\n","protected":false},"author":1,"featured_media":0,"parent":0,"menu_order":0,"comment_status":"closed","ping_status":"closed","template":"","meta":{"footnotes":""},"class_list":["post-1458","page","type-page","status-publish","hentry"],"yoast_head":"<!-- This site is optimized with the Yoast SEO plugin v26.2 - https:\/\/yoast.com\/wordpress\/plugins\/seo\/ -->\n<title>O COL\u00c9GIO - Col\u00e9gio Magnum<\/title>\n<meta name=\"robots\" content=\"index, follow, max-snippet:-1, max-image-preview:large, max-video-preview:-1\" \/>\n<link rel=\"canonical\" href=\"https:\/\/www.magnum.com.br\/?page_id=1458\" \/>\n<meta property=\"og:locale\" content=\"pt_BR\" \/>\n<meta property=\"og:type\" content=\"article\" \/>\n<meta property=\"og:title\" content=\"O COL\u00c9GIO - Col\u00e9gio Magnum\" \/>\n<meta property=\"og:description\" content=\"[vc_row][vc_column][vc_column_text css=&#8221;&#8221;] O Col\u00e9gio Magnum nasceu a partir do ideal do seu fundador, o professor Jos\u00e9 Bru\u00f1a Alonso, um conhecido educador em Belo Horizonte, com uma hist\u00f3ria de mais de quarenta anos dedicados \u00e0 educa\u00e7\u00e3o e um sonho de propiciar para os estudantes da regi\u00e3o do Bairro Cidade Nova uma escola de alto n\u00edvel. A [&hellip;]\" \/>\n<meta property=\"og:url\" content=\"https:\/\/www.magnum.com.br\/?page_id=1458\" \/>\n<meta property=\"og:site_name\" content=\"Col\u00e9gio Magnum\" \/>\n<meta property=\"article:modified_time\" content=\"2026-01-15T14:12:02+00:00\" \/>\n<meta name=\"twitter:card\" content=\"summary_large_image\" \/>\n<meta name=\"twitter:label1\" content=\"Est. tempo de leitura\" \/>\n\t<meta name=\"twitter:data1\" content=\"5 minutos\" \/>\n<script type=\"application\/ld+json\" class=\"yoast-schema-graph\">{\"@context\":\"https:\/\/schema.org\",\"@graph\":[{\"@type\":\"WebPage\",\"@id\":\"https:\/\/www.magnum.com.br\/?page_id=1458\",\"url\":\"https:\/\/www.magnum.com.br\/?page_id=1458\",\"name\":\"O COL\u00c9GIO - Col\u00e9gio Magnum\",\"isPartOf\":{\"@id\":\"https:\/\/www.magnum.com.br\/#website\"},\"datePublished\":\"2022-07-24T00:38:51+00:00\",\"dateModified\":\"2026-01-15T14:12:02+00:00\",\"breadcrumb\":{\"@id\":\"https:\/\/www.magnum.com.br\/?page_id=1458#breadcrumb\"},\"inLanguage\":\"pt-BR\",\"potentialAction\":[{\"@type\":\"ReadAction\",\"target\":[\"https:\/\/www.magnum.com.br\/?page_id=1458\"]}]},{\"@type\":\"BreadcrumbList\",\"@id\":\"https:\/\/www.magnum.com.br\/?page_id=1458#breadcrumb\",\"itemListElement\":[{\"@type\":\"ListItem\",\"position\":1,\"name\":\"In\u00edcio\",\"item\":\"https:\/\/www.magnum.com.br\/\"},{\"@type\":\"ListItem\",\"position\":2,\"name\":\"O COL\u00c9GIO\"}]},{\"@type\":\"WebSite\",\"@id\":\"https:\/\/www.magnum.com.br\/#website\",\"url\":\"https:\/\/www.magnum.com.br\/\",\"name\":\"Col\u00e9gio Magnum\",\"description\":\"\",\"potentialAction\":[{\"@type\":\"SearchAction\",\"target\":{\"@type\":\"EntryPoint\",\"urlTemplate\":\"https:\/\/www.magnum.com.br\/?s={search_term_string}\"},\"query-input\":{\"@type\":\"PropertyValueSpecification\",\"valueRequired\":true,\"valueName\":\"search_term_string\"}}],\"inLanguage\":\"pt-BR\"}]}<\/script>\n<!-- \/ Yoast SEO plugin. -->","yoast_head_json":{"title":"O COL\u00c9GIO - Col\u00e9gio Magnum","robots":{"index":"index","follow":"follow","max-snippet":"max-snippet:-1","max-image-preview":"max-image-preview:large","max-video-preview":"max-video-preview:-1"},"canonical":"https:\/\/www.magnum.com.br\/?page_id=1458","og_locale":"pt_BR","og_type":"article","og_title":"O COL\u00c9GIO - Col\u00e9gio Magnum","og_description":"[vc_row][vc_column][vc_column_text css=&#8221;&#8221;] O Col\u00e9gio Magnum nasceu a partir do ideal do seu fundador, o professor Jos\u00e9 Bru\u00f1a Alonso, um conhecido educador em Belo Horizonte, com uma hist\u00f3ria de mais de quarenta anos dedicados \u00e0 educa\u00e7\u00e3o e um sonho de propiciar para os estudantes da regi\u00e3o do Bairro Cidade Nova uma escola de alto n\u00edvel. A [&hellip;]","og_url":"https:\/\/www.magnum.com.br\/?page_id=1458","og_site_name":"Col\u00e9gio Magnum","article_modified_time":"2026-01-15T14:12:02+00:00","twitter_card":"summary_large_image","twitter_misc":{"Est. tempo de leitura":"5 minutos"},"schema":{"@context":"https:\/\/schema.org","@graph":[{"@type":"WebPage","@id":"https:\/\/www.magnum.com.br\/?page_id=1458","url":"https:\/\/www.magnum.com.br\/?page_id=1458","name":"O COL\u00c9GIO - Col\u00e9gio Magnum","isPartOf":{"@id":"https:\/\/www.magnum.com.br\/#website"},"datePublished":"2022-07-24T00:38:51+00:00","dateModified":"2026-01-15T14:12:02+00:00","breadcrumb":{"@id":"https:\/\/www.magnum.com.br\/?page_id=1458#breadcrumb"},"inLanguage":"pt-BR","potentialAction":[{"@type":"ReadAction","target":["https:\/\/www.magnum.com.br\/?page_id=1458"]}]},{"@type":"BreadcrumbList","@id":"https:\/\/www.magnum.com.br\/?page_id=1458#breadcrumb","itemListElement":[{"@type":"ListItem","position":1,"name":"In\u00edcio","item":"https:\/\/www.magnum.com.br\/"},{"@type":"ListItem","position":2,"name":"O COL\u00c9GIO"}]},{"@type":"WebSite","@id":"https:\/\/www.magnum.com.br\/#website","url":"https:\/\/www.magnum.com.br\/","name":"Col\u00e9gio Magnum","description":"","potentialAction":[{"@type":"SearchAction","target":{"@type":"EntryPoint","urlTemplate":"https:\/\/www.magnum.com.br\/?s={search_term_string}"},"query-input":{"@type":"PropertyValueSpecification","valueRequired":true,"valueName":"search_term_string"}}],"inLanguage":"pt-BR"}]}},"_links":{"self":[{"href":"https:\/\/www.magnum.com.br\/index.php?rest_route=\/wp\/v2\/pages\/1458","targetHints":{"allow":["GET"]}}],"collection":[{"href":"https:\/\/www.magnum.com.br\/index.php?rest_route=\/wp\/v2\/pages"}],"about":[{"href":"https:\/\/www.magnum.com.br\/index.php?rest_route=\/wp\/v2\/types\/page"}],"author":[{"embeddable":true,"href":"https:\/\/www.magnum.com.br\/index.php?rest_route=\/wp\/v2\/users\/1"}],"replies":[{"embeddable":true,"href":"https:\/\/www.magnum.com.br\/index.php?rest_route=%2Fwp%2Fv2%2Fcomments&post=1458"}],"version-history":[{"count":13,"href":"https:\/\/www.magnum.com.br\/index.php?rest_route=\/wp\/v2\/pages\/1458\/revisions"}],"predecessor-version":[{"id":2683,"href":"https:\/\/www.magnum.com.br\/index.php?rest_route=\/wp\/v2\/pages\/1458\/revisions\/2683"}],"wp:attachment":[{"href":"https:\/\/www.magnum.com.br\/index.php?rest_route=%2Fwp%2Fv2%2Fmedia&parent=1458"}],"curies":[{"name":"wp","href":"https:\/\/api.w.org\/{rel}","templated":true}]}}